{"id":945,"date":"2019-01-29T17:45:06","date_gmt":"2019-01-29T17:45:06","guid":{"rendered":"http:\/\/vivanatureza.com.br\/?page_id=945"},"modified":"2019-01-29T17:45:06","modified_gmt":"2019-01-29T17:45:06","slug":"levedura-de-cerveja-em-comprimidos","status":"publish","type":"page","link":"https:\/\/vivanatureza.com.br\/?page_id=945","title":{"rendered":"Levedura de Cerveja em Comprimidos"},"content":{"rendered":"\n<ul class=\"wp-container-2 wp-block-gallery-1 wp-block-gallery columns-2 is-cropped\"><li class=\"blocks-gallery-item\"><figure><img loading=\"lazy\" width=\"2105\" height=\"3120\" src=\"https:\/\/vivanatureza.com.br\/wp-content\/uploads\/2019\/01\/Levedura-de-Cerveja-100cps-1.jpg\" alt=\"\" data-id=\"946\" class=\"wp-image-946\"\/><\/figure><\/li><li class=\"blocks-gallery-item\"><figure><img loading=\"lazy\" width=\"2903\" height=\"3888\" src=\"https:\/\/vivanatureza.com.br\/wp-content\/uploads\/2019\/01\/Levedura-de-Cerveja-250-comp-500mg.jpg\" alt=\"\" data-id=\"947\" data-link=\"https:\/\/vivanatureza.com.br\/?attachment_id=947\" class=\"wp-image-947\"\/><\/figure><\/li><\/ul>\n\n\n\n<p> Dispon\u00edvel em frascos com 100 ou 250 comprimidos de 500mg.<br>Cont\u00e9m 40 % de prote\u00ednas e vitaminas A,B,C,D e E e sais minerais (vide tabela nutricional).<br>Portanto \u00e9 um importante suplemento alimentar, al\u00e9m da sua fun\u00e7\u00e3o depurativa (promove uma purifica\u00e7\u00e3o de todo o organismo atrav\u00e9s da limpeza do sangue). <br><\/p>\n","protected":false},"excerpt":{"rendered":"<p>Dispon\u00edvel em frascos com 100 ou 250 comprimidos de 500mg.Cont\u00e9m 40 % de prote\u00ednas e vitaminas A,B,C,D e E e sais minerais (vide tabela nutricional).Portanto \u00e9 um importante suplemento alimentar, al\u00e9m da sua fun\u00e7\u00e3o depurativa (promove uma purifica\u00e7\u00e3o de todo [&hellip;]<\/p>\n","protected":false},"author":1,"featured_media":0,"parent":0,"menu_order":0,"comment_status":"closed","ping_status":"closed","template":"","meta":[],"yoast_head":"<!-- This site is optimized with the Yoast SEO plugin v19.6.1 - https:\/\/yoast.com\/wordpress\/plugins\/seo\/ -->\n<title>Levedura de Cerveja em Comprimidos - Viva Natureza Alimentos Naturais<\/title>\n<meta name=\"robots\" content=\"index, follow, max-snippet:-1, max-image-preview:large, max-video-preview:-1\" \/>\n<link rel=\"canonical\" href=\"https:\/\/vivanatureza.com.br\/?page_id=945\" \/>\n<meta property=\"og:locale\" content=\"pt_BR\" \/>\n<meta property=\"og:type\" content=\"article\" \/>\n<meta property=\"og:title\" content=\"Levedura de Cerveja em Comprimidos - Viva Natureza Alimentos Naturais\" \/>\n<meta property=\"og:description\" content=\"Dispon\u00edvel em frascos com 100 ou 250 comprimidos de 500mg.Cont\u00e9m 40 % de prote\u00ednas e vitaminas A,B,C,D e E e sais minerais (vide tabela nutricional).Portanto \u00e9 um importante suplemento alimentar, al\u00e9m da sua fun\u00e7\u00e3o depurativa (promove uma purifica\u00e7\u00e3o de todo [&hellip;]\" \/>\n<meta property=\"og:url\" content=\"https:\/\/vivanatureza.com.br\/?page_id=945\" \/>\n<meta property=\"og:site_name\" content=\"Viva Natureza Alimentos Naturais\" \/>\n<meta property=\"og:image\" content=\"http:\/\/vivanatureza.com.br\/wp-content\/uploads\/2019\/01\/Levedura-de-Cerveja-100cps-1.jpg\" \/>\n<meta name=\"twitter:card\" content=\"summary_large_image\" \/>\n<script type=\"application\/ld+json\" class=\"yoast-schema-graph\">{\"@context\":\"https:\/\/schema.org\",\"@graph\":[{\"@type\":\"WebPage\",\"@id\":\"https:\/\/vivanatureza.com.br\/?page_id=945\",\"url\":\"https:\/\/vivanatureza.com.br\/?page_id=945\",\"name\":\"Levedura de Cerveja em Comprimidos - Viva Natureza Alimentos Naturais\",\"isPartOf\":{\"@id\":\"https:\/\/vivanatureza.com.br\/#website\"},\"datePublished\":\"2019-01-29T17:45:06+00:00\",\"dateModified\":\"2019-01-29T17:45:06+00:00\",\"breadcrumb\":{\"@id\":\"https:\/\/vivanatureza.com.br\/?page_id=945#breadcrumb\"},\"inLanguage\":\"pt-BR\",\"potentialAction\":[{\"@type\":\"ReadAction\",\"target\":[\"https:\/\/vivanatureza.com.br\/?page_id=945\"]}]},{\"@type\":\"BreadcrumbList\",\"@id\":\"https:\/\/vivanatureza.com.br\/?page_id=945#breadcrumb\",\"itemListElement\":[{\"@type\":\"ListItem\",\"position\":1,\"name\":\"In\u00edcio\",\"item\":\"https:\/\/vivanatureza.com.br\/\"},{\"@type\":\"ListItem\",\"position\":2,\"name\":\"Levedura de Cerveja em Comprimidos\"}]},{\"@type\":\"WebSite\",\"@id\":\"https:\/\/vivanatureza.com.br\/#website\",\"url\":\"https:\/\/vivanatureza.com.br\/\",\"name\":\"Viva Natureza Alimentos Naturais\",\"description\":\"Natureza e sa\u00fade em sua vida!\",\"publisher\":{\"@id\":\"https:\/\/vivanatureza.com.br\/#organization\"},\"potentialAction\":[{\"@type\":\"SearchAction\",\"target\":{\"@type\":\"EntryPoint\",\"urlTemplate\":\"https:\/\/vivanatureza.com.br\/?s={search_term_string}\"},\"query-input\":\"required name=search_term_string\"}],\"inLanguage\":\"pt-BR\"},{\"@type\":\"Organization\",\"@id\":\"https:\/\/vivanatureza.com.br\/#organization\",\"name\":\"Viva Natureza Alimentos Naturais\",\"url\":\"https:\/\/vivanatureza.com.br\/\",\"sameAs\":[],\"logo\":{\"@type\":\"ImageObject\",\"inLanguage\":\"pt-BR\",\"@id\":\"https:\/\/vivanatureza.com.br\/#\/schema\/logo\/image\/\",\"url\":\"https:\/\/vivanatureza.com.br\/wp-content\/uploads\/2017\/08\/logo_cab4.png\",\"contentUrl\":\"https:\/\/vivanatureza.com.br\/wp-content\/uploads\/2017\/08\/logo_cab4.png\",\"width\":150,\"height\":60,\"caption\":\"Viva Natureza Alimentos Naturais\"},\"image\":{\"@id\":\"https:\/\/vivanatureza.com.br\/#\/schema\/logo\/image\/\"}}]}<\/script>\n<!-- \/ Yoast SEO plugin. -->","yoast_head_json":{"title":"Levedura de Cerveja em Comprimidos - Viva Natureza Alimentos Naturais","robots":{"index":"index","follow":"follow","max-snippet":"max-snippet:-1","max-image-preview":"max-image-preview:large","max-video-preview":"max-video-preview:-1"},"canonical":"https:\/\/vivanatureza.com.br\/?page_id=945","og_locale":"pt_BR","og_type":"article","og_title":"Levedura de Cerveja em Comprimidos - Viva Natureza Alimentos Naturais","og_description":"Dispon\u00edvel em frascos com 100 ou 250 comprimidos de 500mg.Cont\u00e9m 40 % de prote\u00ednas e vitaminas A,B,C,D e E e sais minerais (vide tabela nutricional).Portanto \u00e9 um importante suplemento alimentar, al\u00e9m da sua fun\u00e7\u00e3o depurativa (promove uma purifica\u00e7\u00e3o de todo [&hellip;]","og_url":"https:\/\/vivanatureza.com.br\/?page_id=945","og_site_name":"Viva Natureza Alimentos Naturais","og_image":[{"url":"http:\/\/vivanatureza.com.br\/wp-content\/uploads\/2019\/01\/Levedura-de-Cerveja-100cps-1.jpg"}],"twitter_card":"summary_large_image","schema":{"@context":"https:\/\/schema.org","@graph":[{"@type":"WebPage","@id":"https:\/\/vivanatureza.com.br\/?page_id=945","url":"https:\/\/vivanatureza.com.br\/?page_id=945","name":"Levedura de Cerveja em Comprimidos - Viva Natureza Alimentos Naturais","isPartOf":{"@id":"https:\/\/vivanatureza.com.br\/#website"},"datePublished":"2019-01-29T17:45:06+00:00","dateModified":"2019-01-29T17:45:06+00:00","breadcrumb":{"@id":"https:\/\/vivanatureza.com.br\/?page_id=945#breadcrumb"},"inLanguage":"pt-BR","potentialAction":[{"@type":"ReadAction","target":["https:\/\/vivanatureza.com.br\/?page_id=945"]}]},{"@type":"BreadcrumbList","@id":"https:\/\/vivanatureza.com.br\/?page_id=945#breadcrumb","itemListElement":[{"@type":"ListItem","position":1,"name":"In\u00edcio","item":"https:\/\/vivanatureza.com.br\/"},{"@type":"ListItem","position":2,"name":"Levedura de Cerveja em Comprimidos"}]},{"@type":"WebSite","@id":"https:\/\/vivanatureza.com.br\/#website","url":"https:\/\/vivanatureza.com.br\/","name":"Viva Natureza Alimentos Naturais","description":"Natureza e sa\u00fade em sua vida!","publisher":{"@id":"https:\/\/vivanatureza.com.br\/#organization"},"potentialAction":[{"@type":"SearchAction","target":{"@type":"EntryPoint","urlTemplate":"https:\/\/vivanatureza.com.br\/?s={search_term_string}"},"query-input":"required name=search_term_string"}],"inLanguage":"pt-BR"},{"@type":"Organization","@id":"https:\/\/vivanatureza.com.br\/#organization","name":"Viva Natureza Alimentos Naturais","url":"https:\/\/vivanatureza.com.br\/","sameAs":[],"logo":{"@type":"ImageObject","inLanguage":"pt-BR","@id":"https:\/\/vivanatureza.com.br\/#\/schema\/logo\/image\/","url":"https:\/\/vivanatureza.com.br\/wp-content\/uploads\/2017\/08\/logo_cab4.png","contentUrl":"https:\/\/vivanatureza.com.br\/wp-content\/uploads\/2017\/08\/logo_cab4.png","width":150,"height":60,"caption":"Viva Natureza Alimentos Naturais"},"image":{"@id":"https:\/\/vivanatureza.com.br\/#\/schema\/logo\/image\/"}}]}},"_links":{"self":[{"href":"https:\/\/vivanatureza.com.br\/index.php?rest_route=\/wp\/v2\/pages\/945"}],"collection":[{"href":"https:\/\/vivanatureza.com.br\/index.php?rest_route=\/wp\/v2\/pages"}],"about":[{"href":"https:\/\/vivanatureza.com.br\/index.php?rest_route=\/wp\/v2\/types\/page"}],"author":[{"embeddable":true,"href":"https:\/\/vivanatureza.com.br\/index.php?rest_route=\/wp\/v2\/users\/1"}],"replies":[{"embeddable":true,"href":"https:\/\/vivanatureza.com.br\/index.php?rest_route=%2Fwp%2Fv2%2Fcomments&post=945"}],"version-history":[{"count":1,"href":"https:\/\/vivanatureza.com.br\/index.php?rest_route=\/wp\/v2\/pages\/945\/revisions"}],"predecessor-version":[{"id":948,"href":"https:\/\/vivanatureza.com.br\/index.php?rest_route=\/wp\/v2\/pages\/945\/revisions\/948"}],"wp:attachment":[{"href":"https:\/\/vivanatureza.com.br\/index.php?rest_route=%2Fwp%2Fv2%2Fmedia&parent=945"}],"curies":[{"name":"wp","href":"https:\/\/api.w.org\/{rel}","templated":true}]}}