{"id":9,"date":"2017-08-29T23:49:12","date_gmt":"2017-08-29T23:49:12","guid":{"rendered":"http:\/\/vivanatureza.com.br\/?page_id=9"},"modified":"2018-06-25T00:27:26","modified_gmt":"2018-06-25T00:27:26","slug":"apresentacao","status":"publish","type":"page","link":"https:\/\/vivanatureza.com.br\/","title":{"rendered":"A Viva Natureza"},"content":{"rendered":"<p>A <strong>Viva Natureza Alimentos Naturais<\/strong> \u00e9 uma f\u00e1brica de alimentos e suplementos alimentares cuja meta \u00e9 contribuir para uma melhor qualidade de vida da popula\u00e7\u00e3o, fornecendo produtos genuinamente naturais ou integrais.<\/p>\n<p>Fundada em 15\/02\/2005, desde o seu in\u00edcio tem um compromisso com a qualidade nas v\u00e1rias etapas do seu processo produtivo, principalmente na garantia das suas fontes de mat\u00e9rias primas, o que lhe proporcionou uma grande confiabilidade e v\u00e1rias parcerias com as principais empresas que comercializam produtos naturais no Brasil.<\/p>\n<hr \/>\n<p>O ramo de atua\u00e7\u00e3o da Viva Natureza \u00e9 o de fabrica\u00e7\u00e3o de alimentos e p\u00f3s aliment\u00edcios naturais. Disp\u00f5e de um quadro t\u00e9cnico competente e com larga experi\u00eancia na sua \u00e1rea de atua\u00e7\u00e3o, sendo o seu respons\u00e1vel t\u00e9cnico o Eng\u00ba Qu\u00edmico Giovanni C. Cavalcanti, com p\u00f3s-gradua\u00e7\u00e3o em Engenharia de Alimentos pela Unicamp.<br \/>\nEst\u00e1 situada na Estrada Velha Feira &#8211; S\u00e3o Gon\u00e7alo n\u00ba 46 \u2013 no limite entre os munic\u00edpios de Feira de Santana e S\u00e3o Gon\u00e7alo dos Campos.<\/p>\n<p>Nossos emails:<\/p>\n<p>faleconosco@vivanatureza.com.br<br \/>\nvendas@vivanatureza.com.br<\/p>\n","protected":false},"excerpt":{"rendered":"<p>A Viva Natureza Alimentos Naturais \u00e9 uma f\u00e1brica de alimentos e suplementos alimentares cuja meta \u00e9 contribuir para uma melhor qualidade de vida da popula\u00e7\u00e3o, fornecendo produtos genuinamente naturais ou integrais. Fundada em 15\/02\/2005, desde o seu in\u00edcio tem um [&hellip;]<\/p>\n","protected":false},"author":1,"featured_media":0,"parent":0,"menu_order":0,"comment_status":"closed","ping_status":"closed","template":"","meta":[],"yoast_head":"<!-- This site is optimized with the Yoast SEO plugin v19.6.1 - https:\/\/yoast.com\/wordpress\/plugins\/seo\/ -->\n<title>A Viva Natureza - Viva Natureza Alimentos Naturais<\/title>\n<meta name=\"robots\" content=\"index, follow, max-snippet:-1, max-image-preview:large, max-video-preview:-1\" \/>\n<link rel=\"canonical\" href=\"https:\/\/vivanatureza.com.br\/\" \/>\n<meta property=\"og:locale\" content=\"pt_BR\" \/>\n<meta property=\"og:type\" content=\"article\" \/>\n<meta property=\"og:title\" content=\"A Viva Natureza - Viva Natureza Alimentos Naturais\" \/>\n<meta property=\"og:description\" content=\"A Viva Natureza Alimentos Naturais \u00e9 uma f\u00e1brica de alimentos e suplementos alimentares cuja meta \u00e9 contribuir para uma melhor qualidade de vida da popula\u00e7\u00e3o, fornecendo produtos genuinamente naturais ou integrais. Fundada em 15\/02\/2005, desde o seu in\u00edcio tem um [&hellip;]\" \/>\n<meta property=\"og:url\" content=\"https:\/\/vivanatureza.com.br\/\" \/>\n<meta property=\"og:site_name\" content=\"Viva Natureza Alimentos Naturais\" \/>\n<meta property=\"article:modified_time\" content=\"2018-06-25T00:27:26+00:00\" \/>\n<meta name=\"twitter:card\" content=\"summary_large_image\" \/>\n<meta name=\"twitter:label1\" content=\"Est. tempo de leitura\" \/>\n\t<meta name=\"twitter:data1\" content=\"1 minuto\" \/>\n<script type=\"application\/ld+json\" class=\"yoast-schema-graph\">{\"@context\":\"https:\/\/schema.org\",\"@graph\":[{\"@type\":\"WebPage\",\"@id\":\"https:\/\/vivanatureza.com.br\/\",\"url\":\"https:\/\/vivanatureza.com.br\/\",\"name\":\"A Viva Natureza - Viva Natureza Alimentos Naturais\",\"isPartOf\":{\"@id\":\"https:\/\/vivanatureza.com.br\/#website\"},\"datePublished\":\"2017-08-29T23:49:12+00:00\",\"dateModified\":\"2018-06-25T00:27:26+00:00\",\"breadcrumb\":{\"@id\":\"https:\/\/vivanatureza.com.br\/#breadcrumb\"},\"inLanguage\":\"pt-BR\",\"potentialAction\":[{\"@type\":\"ReadAction\",\"target\":[\"https:\/\/vivanatureza.com.br\/\"]}]},{\"@type\":\"BreadcrumbList\",\"@id\":\"https:\/\/vivanatureza.com.br\/#breadcrumb\",\"itemListElement\":[{\"@type\":\"ListItem\",\"position\":1,\"name\":\"In\u00edcio\",\"item\":\"https:\/\/vivanatureza.com.br\/\"},{\"@type\":\"ListItem\",\"position\":2,\"name\":\"A Viva Natureza\"}]},{\"@type\":\"WebSite\",\"@id\":\"https:\/\/vivanatureza.com.br\/#website\",\"url\":\"https:\/\/vivanatureza.com.br\/\",\"name\":\"Viva Natureza Alimentos Naturais\",\"description\":\"Natureza e sa\u00fade em sua vida!\",\"publisher\":{\"@id\":\"https:\/\/vivanatureza.com.br\/#organization\"},\"potentialAction\":[{\"@type\":\"SearchAction\",\"target\":{\"@type\":\"EntryPoint\",\"urlTemplate\":\"https:\/\/vivanatureza.com.br\/?s={search_term_string}\"},\"query-input\":\"required name=search_term_string\"}],\"inLanguage\":\"pt-BR\"},{\"@type\":\"Organization\",\"@id\":\"https:\/\/vivanatureza.com.br\/#organization\",\"name\":\"Viva Natureza Alimentos Naturais\",\"url\":\"https:\/\/vivanatureza.com.br\/\",\"sameAs\":[],\"logo\":{\"@type\":\"ImageObject\",\"inLanguage\":\"pt-BR\",\"@id\":\"https:\/\/vivanatureza.com.br\/#\/schema\/logo\/image\/\",\"url\":\"https:\/\/vivanatureza.com.br\/wp-content\/uploads\/2017\/08\/logo_cab4.png\",\"contentUrl\":\"https:\/\/vivanatureza.com.br\/wp-content\/uploads\/2017\/08\/logo_cab4.png\",\"width\":150,\"height\":60,\"caption\":\"Viva Natureza Alimentos Naturais\"},\"image\":{\"@id\":\"https:\/\/vivanatureza.com.br\/#\/schema\/logo\/image\/\"}}]}<\/script>\n<!-- \/ Yoast SEO plugin. -->","yoast_head_json":{"title":"A Viva Natureza - Viva Natureza Alimentos Naturais","robots":{"index":"index","follow":"follow","max-snippet":"max-snippet:-1","max-image-preview":"max-image-preview:large","max-video-preview":"max-video-preview:-1"},"canonical":"https:\/\/vivanatureza.com.br\/","og_locale":"pt_BR","og_type":"article","og_title":"A Viva Natureza - Viva Natureza Alimentos Naturais","og_description":"A Viva Natureza Alimentos Naturais \u00e9 uma f\u00e1brica de alimentos e suplementos alimentares cuja meta \u00e9 contribuir para uma melhor qualidade de vida da popula\u00e7\u00e3o, fornecendo produtos genuinamente naturais ou integrais. Fundada em 15\/02\/2005, desde o seu in\u00edcio tem um [&hellip;]","og_url":"https:\/\/vivanatureza.com.br\/","og_site_name":"Viva Natureza Alimentos Naturais","article_modified_time":"2018-06-25T00:27:26+00:00","twitter_card":"summary_large_image","twitter_misc":{"Est. tempo de leitura":"1 minuto"},"schema":{"@context":"https:\/\/schema.org","@graph":[{"@type":"WebPage","@id":"https:\/\/vivanatureza.com.br\/","url":"https:\/\/vivanatureza.com.br\/","name":"A Viva Natureza - Viva Natureza Alimentos Naturais","isPartOf":{"@id":"https:\/\/vivanatureza.com.br\/#website"},"datePublished":"2017-08-29T23:49:12+00:00","dateModified":"2018-06-25T00:27:26+00:00","breadcrumb":{"@id":"https:\/\/vivanatureza.com.br\/#breadcrumb"},"inLanguage":"pt-BR","potentialAction":[{"@type":"ReadAction","target":["https:\/\/vivanatureza.com.br\/"]}]},{"@type":"BreadcrumbList","@id":"https:\/\/vivanatureza.com.br\/#breadcrumb","itemListElement":[{"@type":"ListItem","position":1,"name":"In\u00edcio","item":"https:\/\/vivanatureza.com.br\/"},{"@type":"ListItem","position":2,"name":"A Viva Natureza"}]},{"@type":"WebSite","@id":"https:\/\/vivanatureza.com.br\/#website","url":"https:\/\/vivanatureza.com.br\/","name":"Viva Natureza Alimentos Naturais","description":"Natureza e sa\u00fade em sua vida!","publisher":{"@id":"https:\/\/vivanatureza.com.br\/#organization"},"potentialAction":[{"@type":"SearchAction","target":{"@type":"EntryPoint","urlTemplate":"https:\/\/vivanatureza.com.br\/?s={search_term_string}"},"query-input":"required name=search_term_string"}],"inLanguage":"pt-BR"},{"@type":"Organization","@id":"https:\/\/vivanatureza.com.br\/#organization","name":"Viva Natureza Alimentos Naturais","url":"https:\/\/vivanatureza.com.br\/","sameAs":[],"logo":{"@type":"ImageObject","inLanguage":"pt-BR","@id":"https:\/\/vivanatureza.com.br\/#\/schema\/logo\/image\/","url":"https:\/\/vivanatureza.com.br\/wp-content\/uploads\/2017\/08\/logo_cab4.png","contentUrl":"https:\/\/vivanatureza.com.br\/wp-content\/uploads\/2017\/08\/logo_cab4.png","width":150,"height":60,"caption":"Viva Natureza Alimentos Naturais"},"image":{"@id":"https:\/\/vivanatureza.com.br\/#\/schema\/logo\/image\/"}}]}},"_links":{"self":[{"href":"https:\/\/vivanatureza.com.br\/index.php?rest_route=\/wp\/v2\/pages\/9"}],"collection":[{"href":"https:\/\/vivanatureza.com.br\/index.php?rest_route=\/wp\/v2\/pages"}],"about":[{"href":"https:\/\/vivanatureza.com.br\/index.php?rest_route=\/wp\/v2\/types\/page"}],"author":[{"embeddable":true,"href":"https:\/\/vivanatureza.com.br\/index.php?rest_route=\/wp\/v2\/users\/1"}],"replies":[{"embeddable":true,"href":"https:\/\/vivanatureza.com.br\/index.php?rest_route=%2Fwp%2Fv2%2Fcomments&post=9"}],"version-history":[{"count":5,"href":"https:\/\/vivanatureza.com.br\/index.php?rest_route=\/wp\/v2\/pages\/9\/revisions"}],"predecessor-version":[{"id":840,"href":"https:\/\/vivanatureza.com.br\/index.php?rest_route=\/wp\/v2\/pages\/9\/revisions\/840"}],"wp:attachment":[{"href":"https:\/\/vivanatureza.com.br\/index.php?rest_route=%2Fwp%2Fv2%2Fmedia&parent=9"}],"curies":[{"name":"wp","href":"https:\/\/api.w.org\/{rel}","templated":true}]}}