{"id":736,"date":"2017-09-22T20:13:16","date_gmt":"2017-09-22T20:13:16","guid":{"rendered":"http:\/\/vivanatureza.com.br\/?page_id=736"},"modified":"2020-02-19T15:08:02","modified_gmt":"2020-02-19T15:08:02","slug":"semente-de-abobora","status":"publish","type":"page","link":"https:\/\/vivanatureza.com.br\/?page_id=736","title":{"rendered":"Semente de Ab\u00f3bora"},"content":{"rendered":"\n<div class=\"wp-block-image\"><figure class=\"aligncenter is-resized\"><img loading=\"lazy\" src=\"https:\/\/vivanatureza.com.br\/wp-content\/uploads\/2020\/02\/Semente-de-Ab\u00f3bora-100g-724x1024.png\" alt=\"\" class=\"wp-image-1316\" width=\"291\" height=\"412\" srcset=\"https:\/\/vivanatureza.com.br\/wp-content\/uploads\/2020\/02\/Semente-de-Ab\u00f3bora-100g-724x1024.png 724w, https:\/\/vivanatureza.com.br\/wp-content\/uploads\/2020\/02\/Semente-de-Ab\u00f3bora-100g-212x300.png 212w, https:\/\/vivanatureza.com.br\/wp-content\/uploads\/2020\/02\/Semente-de-Ab\u00f3bora-100g-768x1086.png 768w, https:\/\/vivanatureza.com.br\/wp-content\/uploads\/2020\/02\/Semente-de-Ab\u00f3bora-100g.png 942w\" sizes=\"(max-width: 291px) 100vw, 291px\" \/><\/figure><\/div>\n\n\n<p>Dispon\u00edvel em embalagens de 100g.<\/p>\n<p>Cont\u00e9m de 44 a 50% de fra\u00e7\u00e3o oleosa (rica em \u00e1cidos graxos mono e poli-insaturados), elevado teor de fibras (23-27%) em rela\u00e7\u00e3o \u00e0s demais sementes, albuminas (prote\u00ednas \u201337-40%), a cucurbitacina (propriedade anti-inflamat\u00f3ria, principalmente nas doen\u00e7as da pr\u00f3stata e do sistema urin\u00e1rio), sais minerais, especialmente zinco, magn\u00e9sio e pot\u00e1ssio, vitaminas do complexo B e sais do \u00e1cido f\u00f3lico (folatos).<\/p>","protected":false},"excerpt":{"rendered":"<p>Dispon\u00edvel em embalagens de 100g. Cont\u00e9m de 44 a 50% de fra\u00e7\u00e3o oleosa (rica em \u00e1cidos graxos mono e poli-insaturados), elevado teor de fibras (23-27%) em rela\u00e7\u00e3o \u00e0s demais sementes, albuminas (prote\u00ednas \u201337-40%), a cucurbitacina (propriedade anti-inflamat\u00f3ria, principalmente nas doen\u00e7as [&hellip;]<\/p>\n","protected":false},"author":1,"featured_media":0,"parent":0,"menu_order":0,"comment_status":"closed","ping_status":"closed","template":"","meta":[],"yoast_head":"<!-- This site is optimized with the Yoast SEO plugin v19.6.1 - https:\/\/yoast.com\/wordpress\/plugins\/seo\/ -->\n<title>Semente de Ab\u00f3bora - Viva Natureza Alimentos Naturais<\/title>\n<meta name=\"robots\" content=\"index, follow, max-snippet:-1, max-image-preview:large, max-video-preview:-1\" \/>\n<link rel=\"canonical\" href=\"https:\/\/vivanatureza.com.br\/?page_id=736\" \/>\n<meta property=\"og:locale\" content=\"pt_BR\" \/>\n<meta property=\"og:type\" content=\"article\" \/>\n<meta property=\"og:title\" content=\"Semente de Ab\u00f3bora - Viva Natureza Alimentos Naturais\" \/>\n<meta property=\"og:description\" content=\"Dispon\u00edvel em embalagens de 100g. Cont\u00e9m de 44 a 50% de fra\u00e7\u00e3o oleosa (rica em \u00e1cidos graxos mono e poli-insaturados), elevado teor de fibras (23-27%) em rela\u00e7\u00e3o \u00e0s demais sementes, albuminas (prote\u00ednas \u201337-40%), a cucurbitacina (propriedade anti-inflamat\u00f3ria, principalmente nas doen\u00e7as [&hellip;]\" \/>\n<meta property=\"og:url\" content=\"https:\/\/vivanatureza.com.br\/?page_id=736\" \/>\n<meta property=\"og:site_name\" content=\"Viva Natureza Alimentos Naturais\" \/>\n<meta property=\"article:modified_time\" content=\"2020-02-19T15:08:02+00:00\" \/>\n<meta name=\"twitter:card\" content=\"summary_large_image\" \/>\n<script type=\"application\/ld+json\" class=\"yoast-schema-graph\">{\"@context\":\"https:\/\/schema.org\",\"@graph\":[{\"@type\":\"WebPage\",\"@id\":\"https:\/\/vivanatureza.com.br\/?page_id=736\",\"url\":\"https:\/\/vivanatureza.com.br\/?page_id=736\",\"name\":\"Semente de Ab\u00f3bora - Viva Natureza Alimentos Naturais\",\"isPartOf\":{\"@id\":\"https:\/\/vivanatureza.com.br\/#website\"},\"datePublished\":\"2017-09-22T20:13:16+00:00\",\"dateModified\":\"2020-02-19T15:08:02+00:00\",\"breadcrumb\":{\"@id\":\"https:\/\/vivanatureza.com.br\/?page_id=736#breadcrumb\"},\"inLanguage\":\"pt-BR\",\"potentialAction\":[{\"@type\":\"ReadAction\",\"target\":[\"https:\/\/vivanatureza.com.br\/?page_id=736\"]}]},{\"@type\":\"BreadcrumbList\",\"@id\":\"https:\/\/vivanatureza.com.br\/?page_id=736#breadcrumb\",\"itemListElement\":[{\"@type\":\"ListItem\",\"position\":1,\"name\":\"In\u00edcio\",\"item\":\"https:\/\/vivanatureza.com.br\/\"},{\"@type\":\"ListItem\",\"position\":2,\"name\":\"Semente de Ab\u00f3bora\"}]},{\"@type\":\"WebSite\",\"@id\":\"https:\/\/vivanatureza.com.br\/#website\",\"url\":\"https:\/\/vivanatureza.com.br\/\",\"name\":\"Viva Natureza Alimentos Naturais\",\"description\":\"Natureza e sa\u00fade em sua vida!\",\"publisher\":{\"@id\":\"https:\/\/vivanatureza.com.br\/#organization\"},\"potentialAction\":[{\"@type\":\"SearchAction\",\"target\":{\"@type\":\"EntryPoint\",\"urlTemplate\":\"https:\/\/vivanatureza.com.br\/?s={search_term_string}\"},\"query-input\":\"required name=search_term_string\"}],\"inLanguage\":\"pt-BR\"},{\"@type\":\"Organization\",\"@id\":\"https:\/\/vivanatureza.com.br\/#organization\",\"name\":\"Viva Natureza Alimentos Naturais\",\"url\":\"https:\/\/vivanatureza.com.br\/\",\"sameAs\":[],\"logo\":{\"@type\":\"ImageObject\",\"inLanguage\":\"pt-BR\",\"@id\":\"https:\/\/vivanatureza.com.br\/#\/schema\/logo\/image\/\",\"url\":\"https:\/\/vivanatureza.com.br\/wp-content\/uploads\/2017\/08\/logo_cab4.png\",\"contentUrl\":\"https:\/\/vivanatureza.com.br\/wp-content\/uploads\/2017\/08\/logo_cab4.png\",\"width\":150,\"height\":60,\"caption\":\"Viva Natureza Alimentos Naturais\"},\"image\":{\"@id\":\"https:\/\/vivanatureza.com.br\/#\/schema\/logo\/image\/\"}}]}<\/script>\n<!-- \/ Yoast SEO plugin. -->","yoast_head_json":{"title":"Semente de Ab\u00f3bora - Viva Natureza Alimentos Naturais","robots":{"index":"index","follow":"follow","max-snippet":"max-snippet:-1","max-image-preview":"max-image-preview:large","max-video-preview":"max-video-preview:-1"},"canonical":"https:\/\/vivanatureza.com.br\/?page_id=736","og_locale":"pt_BR","og_type":"article","og_title":"Semente de Ab\u00f3bora - Viva Natureza Alimentos Naturais","og_description":"Dispon\u00edvel em embalagens de 100g. Cont\u00e9m de 44 a 50% de fra\u00e7\u00e3o oleosa (rica em \u00e1cidos graxos mono e poli-insaturados), elevado teor de fibras (23-27%) em rela\u00e7\u00e3o \u00e0s demais sementes, albuminas (prote\u00ednas \u201337-40%), a cucurbitacina (propriedade anti-inflamat\u00f3ria, principalmente nas doen\u00e7as [&hellip;]","og_url":"https:\/\/vivanatureza.com.br\/?page_id=736","og_site_name":"Viva Natureza Alimentos Naturais","article_modified_time":"2020-02-19T15:08:02+00:00","twitter_card":"summary_large_image","schema":{"@context":"https:\/\/schema.org","@graph":[{"@type":"WebPage","@id":"https:\/\/vivanatureza.com.br\/?page_id=736","url":"https:\/\/vivanatureza.com.br\/?page_id=736","name":"Semente de Ab\u00f3bora - Viva Natureza Alimentos Naturais","isPartOf":{"@id":"https:\/\/vivanatureza.com.br\/#website"},"datePublished":"2017-09-22T20:13:16+00:00","dateModified":"2020-02-19T15:08:02+00:00","breadcrumb":{"@id":"https:\/\/vivanatureza.com.br\/?page_id=736#breadcrumb"},"inLanguage":"pt-BR","potentialAction":[{"@type":"ReadAction","target":["https:\/\/vivanatureza.com.br\/?page_id=736"]}]},{"@type":"BreadcrumbList","@id":"https:\/\/vivanatureza.com.br\/?page_id=736#breadcrumb","itemListElement":[{"@type":"ListItem","position":1,"name":"In\u00edcio","item":"https:\/\/vivanatureza.com.br\/"},{"@type":"ListItem","position":2,"name":"Semente de Ab\u00f3bora"}]},{"@type":"WebSite","@id":"https:\/\/vivanatureza.com.br\/#website","url":"https:\/\/vivanatureza.com.br\/","name":"Viva Natureza Alimentos Naturais","description":"Natureza e sa\u00fade em sua vida!","publisher":{"@id":"https:\/\/vivanatureza.com.br\/#organization"},"potentialAction":[{"@type":"SearchAction","target":{"@type":"EntryPoint","urlTemplate":"https:\/\/vivanatureza.com.br\/?s={search_term_string}"},"query-input":"required name=search_term_string"}],"inLanguage":"pt-BR"},{"@type":"Organization","@id":"https:\/\/vivanatureza.com.br\/#organization","name":"Viva Natureza Alimentos Naturais","url":"https:\/\/vivanatureza.com.br\/","sameAs":[],"logo":{"@type":"ImageObject","inLanguage":"pt-BR","@id":"https:\/\/vivanatureza.com.br\/#\/schema\/logo\/image\/","url":"https:\/\/vivanatureza.com.br\/wp-content\/uploads\/2017\/08\/logo_cab4.png","contentUrl":"https:\/\/vivanatureza.com.br\/wp-content\/uploads\/2017\/08\/logo_cab4.png","width":150,"height":60,"caption":"Viva Natureza Alimentos Naturais"},"image":{"@id":"https:\/\/vivanatureza.com.br\/#\/schema\/logo\/image\/"}}]}},"_links":{"self":[{"href":"https:\/\/vivanatureza.com.br\/index.php?rest_route=\/wp\/v2\/pages\/736"}],"collection":[{"href":"https:\/\/vivanatureza.com.br\/index.php?rest_route=\/wp\/v2\/pages"}],"about":[{"href":"https:\/\/vivanatureza.com.br\/index.php?rest_route=\/wp\/v2\/types\/page"}],"author":[{"embeddable":true,"href":"https:\/\/vivanatureza.com.br\/index.php?rest_route=\/wp\/v2\/users\/1"}],"replies":[{"embeddable":true,"href":"https:\/\/vivanatureza.com.br\/index.php?rest_route=%2Fwp%2Fv2%2Fcomments&post=736"}],"version-history":[{"count":2,"href":"https:\/\/vivanatureza.com.br\/index.php?rest_route=\/wp\/v2\/pages\/736\/revisions"}],"predecessor-version":[{"id":1317,"href":"https:\/\/vivanatureza.com.br\/index.php?rest_route=\/wp\/v2\/pages\/736\/revisions\/1317"}],"wp:attachment":[{"href":"https:\/\/vivanatureza.com.br\/index.php?rest_route=%2Fwp%2Fv2%2Fmedia&parent=736"}],"curies":[{"name":"wp","href":"https:\/\/api.w.org\/{rel}","templated":true}]}}