{"id":703,"date":"2017-09-18T23:19:52","date_gmt":"2017-09-18T23:19:52","guid":{"rendered":"http:\/\/vivanatureza.com.br\/?page_id=703"},"modified":"2020-01-21T20:31:49","modified_gmt":"2020-01-21T20:31:49","slug":"grao-de-bico","status":"publish","type":"page","link":"https:\/\/vivanatureza.com.br\/?page_id=703","title":{"rendered":"Gr\u00e3o-de-Bico"},"content":{"rendered":"\n<div class=\"wp-block-image\"><figure class=\"aligncenter is-resized\"><img loading=\"lazy\" src=\"https:\/\/vivanatureza.com.br\/wp-content\/uploads\/2020\/01\/Gr\u00e3o-de-Bico-250g-2-768x1024.png\" alt=\"\" class=\"wp-image-1195\" width=\"362\" height=\"481\"\/><\/figure><\/div>\n\n\n<p>Dispon\u00edvel em embalagens de 200g.<\/p>\n<p>O tipo de lip\u00eddios existentes no gr\u00e3o-de-bico, \u00f4mega 3 e 6, evita doen\u00e7as circulat\u00f3rias e coron\u00e1rias. A prote\u00edna \u00e9 rica em triptofano,precursor da serotonina, que favorece o bem-estar.<br \/>At\u00e9 o carboidrato do gr\u00e3o-de-bico \u00e9 especial, porque ele tem um \u00edndice glic\u00eamico baixo, que \u00e9 bom para pessoas com diabetes e mesmo para evitar a chegar o diabetes.<\/p>","protected":false},"excerpt":{"rendered":"<p>Dispon\u00edvel em embalagens de 200g. O tipo de lip\u00eddios existentes no gr\u00e3o-de-bico, \u00f4mega 3 e 6, evita doen\u00e7as circulat\u00f3rias e coron\u00e1rias. A prote\u00edna \u00e9 rica em triptofano,precursor da serotonina, que favorece o bem-estar.At\u00e9 o carboidrato do gr\u00e3o-de-bico \u00e9 especial, porque [&hellip;]<\/p>\n","protected":false},"author":1,"featured_media":0,"parent":0,"menu_order":0,"comment_status":"closed","ping_status":"closed","template":"","meta":[],"yoast_head":"<!-- This site is optimized with the Yoast SEO plugin v19.6.1 - https:\/\/yoast.com\/wordpress\/plugins\/seo\/ -->\n<title>Gr\u00e3o-de-Bico - Viva Natureza Alimentos Naturais<\/title>\n<meta name=\"robots\" content=\"index, follow, max-snippet:-1, max-image-preview:large, max-video-preview:-1\" \/>\n<link rel=\"canonical\" href=\"https:\/\/vivanatureza.com.br\/?page_id=703\" \/>\n<meta property=\"og:locale\" content=\"pt_BR\" \/>\n<meta property=\"og:type\" content=\"article\" \/>\n<meta property=\"og:title\" content=\"Gr\u00e3o-de-Bico - Viva Natureza Alimentos Naturais\" \/>\n<meta property=\"og:description\" content=\"Dispon\u00edvel em embalagens de 200g. O tipo de lip\u00eddios existentes no gr\u00e3o-de-bico, \u00f4mega 3 e 6, evita doen\u00e7as circulat\u00f3rias e coron\u00e1rias. A prote\u00edna \u00e9 rica em triptofano,precursor da serotonina, que favorece o bem-estar.At\u00e9 o carboidrato do gr\u00e3o-de-bico \u00e9 especial, porque [&hellip;]\" \/>\n<meta property=\"og:url\" content=\"https:\/\/vivanatureza.com.br\/?page_id=703\" \/>\n<meta property=\"og:site_name\" content=\"Viva Natureza Alimentos Naturais\" \/>\n<meta property=\"article:modified_time\" content=\"2020-01-21T20:31:49+00:00\" \/>\n<meta name=\"twitter:card\" content=\"summary_large_image\" \/>\n<script type=\"application\/ld+json\" class=\"yoast-schema-graph\">{\"@context\":\"https:\/\/schema.org\",\"@graph\":[{\"@type\":\"WebPage\",\"@id\":\"https:\/\/vivanatureza.com.br\/?page_id=703\",\"url\":\"https:\/\/vivanatureza.com.br\/?page_id=703\",\"name\":\"Gr\u00e3o-de-Bico - Viva Natureza Alimentos Naturais\",\"isPartOf\":{\"@id\":\"https:\/\/vivanatureza.com.br\/#website\"},\"datePublished\":\"2017-09-18T23:19:52+00:00\",\"dateModified\":\"2020-01-21T20:31:49+00:00\",\"breadcrumb\":{\"@id\":\"https:\/\/vivanatureza.com.br\/?page_id=703#breadcrumb\"},\"inLanguage\":\"pt-BR\",\"potentialAction\":[{\"@type\":\"ReadAction\",\"target\":[\"https:\/\/vivanatureza.com.br\/?page_id=703\"]}]},{\"@type\":\"BreadcrumbList\",\"@id\":\"https:\/\/vivanatureza.com.br\/?page_id=703#breadcrumb\",\"itemListElement\":[{\"@type\":\"ListItem\",\"position\":1,\"name\":\"In\u00edcio\",\"item\":\"https:\/\/vivanatureza.com.br\/\"},{\"@type\":\"ListItem\",\"position\":2,\"name\":\"Gr\u00e3o-de-Bico\"}]},{\"@type\":\"WebSite\",\"@id\":\"https:\/\/vivanatureza.com.br\/#website\",\"url\":\"https:\/\/vivanatureza.com.br\/\",\"name\":\"Viva Natureza Alimentos Naturais\",\"description\":\"Natureza e sa\u00fade em sua vida!\",\"publisher\":{\"@id\":\"https:\/\/vivanatureza.com.br\/#organization\"},\"potentialAction\":[{\"@type\":\"SearchAction\",\"target\":{\"@type\":\"EntryPoint\",\"urlTemplate\":\"https:\/\/vivanatureza.com.br\/?s={search_term_string}\"},\"query-input\":\"required name=search_term_string\"}],\"inLanguage\":\"pt-BR\"},{\"@type\":\"Organization\",\"@id\":\"https:\/\/vivanatureza.com.br\/#organization\",\"name\":\"Viva Natureza Alimentos Naturais\",\"url\":\"https:\/\/vivanatureza.com.br\/\",\"sameAs\":[],\"logo\":{\"@type\":\"ImageObject\",\"inLanguage\":\"pt-BR\",\"@id\":\"https:\/\/vivanatureza.com.br\/#\/schema\/logo\/image\/\",\"url\":\"https:\/\/vivanatureza.com.br\/wp-content\/uploads\/2017\/08\/logo_cab4.png\",\"contentUrl\":\"https:\/\/vivanatureza.com.br\/wp-content\/uploads\/2017\/08\/logo_cab4.png\",\"width\":150,\"height\":60,\"caption\":\"Viva Natureza Alimentos Naturais\"},\"image\":{\"@id\":\"https:\/\/vivanatureza.com.br\/#\/schema\/logo\/image\/\"}}]}<\/script>\n<!-- \/ Yoast SEO plugin. -->","yoast_head_json":{"title":"Gr\u00e3o-de-Bico - Viva Natureza Alimentos Naturais","robots":{"index":"index","follow":"follow","max-snippet":"max-snippet:-1","max-image-preview":"max-image-preview:large","max-video-preview":"max-video-preview:-1"},"canonical":"https:\/\/vivanatureza.com.br\/?page_id=703","og_locale":"pt_BR","og_type":"article","og_title":"Gr\u00e3o-de-Bico - Viva Natureza Alimentos Naturais","og_description":"Dispon\u00edvel em embalagens de 200g. O tipo de lip\u00eddios existentes no gr\u00e3o-de-bico, \u00f4mega 3 e 6, evita doen\u00e7as circulat\u00f3rias e coron\u00e1rias. A prote\u00edna \u00e9 rica em triptofano,precursor da serotonina, que favorece o bem-estar.At\u00e9 o carboidrato do gr\u00e3o-de-bico \u00e9 especial, porque [&hellip;]","og_url":"https:\/\/vivanatureza.com.br\/?page_id=703","og_site_name":"Viva Natureza Alimentos Naturais","article_modified_time":"2020-01-21T20:31:49+00:00","twitter_card":"summary_large_image","schema":{"@context":"https:\/\/schema.org","@graph":[{"@type":"WebPage","@id":"https:\/\/vivanatureza.com.br\/?page_id=703","url":"https:\/\/vivanatureza.com.br\/?page_id=703","name":"Gr\u00e3o-de-Bico - Viva Natureza Alimentos Naturais","isPartOf":{"@id":"https:\/\/vivanatureza.com.br\/#website"},"datePublished":"2017-09-18T23:19:52+00:00","dateModified":"2020-01-21T20:31:49+00:00","breadcrumb":{"@id":"https:\/\/vivanatureza.com.br\/?page_id=703#breadcrumb"},"inLanguage":"pt-BR","potentialAction":[{"@type":"ReadAction","target":["https:\/\/vivanatureza.com.br\/?page_id=703"]}]},{"@type":"BreadcrumbList","@id":"https:\/\/vivanatureza.com.br\/?page_id=703#breadcrumb","itemListElement":[{"@type":"ListItem","position":1,"name":"In\u00edcio","item":"https:\/\/vivanatureza.com.br\/"},{"@type":"ListItem","position":2,"name":"Gr\u00e3o-de-Bico"}]},{"@type":"WebSite","@id":"https:\/\/vivanatureza.com.br\/#website","url":"https:\/\/vivanatureza.com.br\/","name":"Viva Natureza Alimentos Naturais","description":"Natureza e sa\u00fade em sua vida!","publisher":{"@id":"https:\/\/vivanatureza.com.br\/#organization"},"potentialAction":[{"@type":"SearchAction","target":{"@type":"EntryPoint","urlTemplate":"https:\/\/vivanatureza.com.br\/?s={search_term_string}"},"query-input":"required name=search_term_string"}],"inLanguage":"pt-BR"},{"@type":"Organization","@id":"https:\/\/vivanatureza.com.br\/#organization","name":"Viva Natureza Alimentos Naturais","url":"https:\/\/vivanatureza.com.br\/","sameAs":[],"logo":{"@type":"ImageObject","inLanguage":"pt-BR","@id":"https:\/\/vivanatureza.com.br\/#\/schema\/logo\/image\/","url":"https:\/\/vivanatureza.com.br\/wp-content\/uploads\/2017\/08\/logo_cab4.png","contentUrl":"https:\/\/vivanatureza.com.br\/wp-content\/uploads\/2017\/08\/logo_cab4.png","width":150,"height":60,"caption":"Viva Natureza Alimentos Naturais"},"image":{"@id":"https:\/\/vivanatureza.com.br\/#\/schema\/logo\/image\/"}}]}},"_links":{"self":[{"href":"https:\/\/vivanatureza.com.br\/index.php?rest_route=\/wp\/v2\/pages\/703"}],"collection":[{"href":"https:\/\/vivanatureza.com.br\/index.php?rest_route=\/wp\/v2\/pages"}],"about":[{"href":"https:\/\/vivanatureza.com.br\/index.php?rest_route=\/wp\/v2\/types\/page"}],"author":[{"embeddable":true,"href":"https:\/\/vivanatureza.com.br\/index.php?rest_route=\/wp\/v2\/users\/1"}],"replies":[{"embeddable":true,"href":"https:\/\/vivanatureza.com.br\/index.php?rest_route=%2Fwp%2Fv2%2Fcomments&post=703"}],"version-history":[{"count":2,"href":"https:\/\/vivanatureza.com.br\/index.php?rest_route=\/wp\/v2\/pages\/703\/revisions"}],"predecessor-version":[{"id":1196,"href":"https:\/\/vivanatureza.com.br\/index.php?rest_route=\/wp\/v2\/pages\/703\/revisions\/1196"}],"wp:attachment":[{"href":"https:\/\/vivanatureza.com.br\/index.php?rest_route=%2Fwp%2Fv2%2Fmedia&parent=703"}],"curies":[{"name":"wp","href":"https:\/\/api.w.org\/{rel}","templated":true}]}}