{"id":700,"date":"2017-09-18T23:18:27","date_gmt":"2017-09-18T23:18:27","guid":{"rendered":"http:\/\/vivanatureza.com.br\/?page_id=700"},"modified":"2020-03-19T18:11:24","modified_gmt":"2020-03-19T18:11:24","slug":"gergelim","status":"publish","type":"page","link":"https:\/\/vivanatureza.com.br\/?page_id=700","title":{"rendered":"Gergelim"},"content":{"rendered":"\n<div class=\"wp-block-image\"><figure class=\"aligncenter is-resized\"><img loading=\"lazy\" src=\"https:\/\/vivanatureza.com.br\/wp-content\/uploads\/2020\/03\/Gergelim-em-Gr\u00e3o-200g-1-744x1024.png\" alt=\"\" class=\"wp-image-1324\" width=\"320\" height=\"440\" srcset=\"https:\/\/vivanatureza.com.br\/wp-content\/uploads\/2020\/03\/Gergelim-em-Gr\u00e3o-200g-1-744x1024.png 744w, https:\/\/vivanatureza.com.br\/wp-content\/uploads\/2020\/03\/Gergelim-em-Gr\u00e3o-200g-1-218x300.png 218w, https:\/\/vivanatureza.com.br\/wp-content\/uploads\/2020\/03\/Gergelim-em-Gr\u00e3o-200g-1-768x1057.png 768w, https:\/\/vivanatureza.com.br\/wp-content\/uploads\/2020\/03\/Gergelim-em-Gr\u00e3o-200g-1.png 851w\" sizes=\"(max-width: 320px) 100vw, 320px\" \/><\/figure><\/div>\n\n\n<p><a href=\"https:\/\/vivanatureza.com.br\/wp-content\/uploads\/2017\/09\/gergelim.png\"><img loading=\"lazy\" class=\"alignleft wp-image-798 size-medium\" src=\"https:\/\/vivanatureza.com.br\/wp-content\/uploads\/2017\/09\/gergelim-203x300.png\" alt=\"\" width=\"203\" height=\"300\"><\/a><\/p>\n<p>Dispon\u00edvel na embalagem pouche com z\u00edper de 200g.<\/p>\n<p>Rico em vitamina A, B1, B2, E, niacina, c\u00e1lcio, f\u00f3sforo, ferro, fibras e, principalmente, em \u00f3leos essenciais. Tonifica o f\u00edgado e os rins, fortalece os tend\u00f5es e os ossos, tonifica o est\u00f4mago e os intestinos,combate dores lombares e de joelhos, impot\u00eancia sexual e reumatismos.<\/p>","protected":false},"excerpt":{"rendered":"<p>Dispon\u00edvel na embalagem pouche com z\u00edper de 200g. Rico em vitamina A, B1, B2, E, niacina, c\u00e1lcio, f\u00f3sforo, ferro, fibras e, principalmente, em \u00f3leos essenciais. Tonifica o f\u00edgado e os rins, fortalece os tend\u00f5es e os ossos, tonifica o est\u00f4mago [&hellip;]<\/p>\n","protected":false},"author":1,"featured_media":0,"parent":0,"menu_order":0,"comment_status":"closed","ping_status":"closed","template":"","meta":[],"yoast_head":"<!-- This site is optimized with the Yoast SEO plugin v19.6.1 - https:\/\/yoast.com\/wordpress\/plugins\/seo\/ -->\n<title>Gergelim - Viva Natureza Alimentos Naturais<\/title>\n<meta name=\"robots\" content=\"index, follow, max-snippet:-1, max-image-preview:large, max-video-preview:-1\" \/>\n<link rel=\"canonical\" href=\"https:\/\/vivanatureza.com.br\/?page_id=700\" \/>\n<meta property=\"og:locale\" content=\"pt_BR\" \/>\n<meta property=\"og:type\" content=\"article\" \/>\n<meta property=\"og:title\" content=\"Gergelim - Viva Natureza Alimentos Naturais\" \/>\n<meta property=\"og:description\" content=\"Dispon\u00edvel na embalagem pouche com z\u00edper de 200g. Rico em vitamina A, B1, B2, E, niacina, c\u00e1lcio, f\u00f3sforo, ferro, fibras e, principalmente, em \u00f3leos essenciais. Tonifica o f\u00edgado e os rins, fortalece os tend\u00f5es e os ossos, tonifica o est\u00f4mago [&hellip;]\" \/>\n<meta property=\"og:url\" content=\"https:\/\/vivanatureza.com.br\/?page_id=700\" \/>\n<meta property=\"og:site_name\" content=\"Viva Natureza Alimentos Naturais\" \/>\n<meta property=\"article:modified_time\" content=\"2020-03-19T18:11:24+00:00\" \/>\n<meta property=\"og:image\" content=\"http:\/\/vivanatureza.com.br\/wp-content\/uploads\/2017\/09\/gergelim-203x300.png\" \/>\n<meta name=\"twitter:card\" content=\"summary_large_image\" \/>\n<script type=\"application\/ld+json\" class=\"yoast-schema-graph\">{\"@context\":\"https:\/\/schema.org\",\"@graph\":[{\"@type\":\"WebPage\",\"@id\":\"https:\/\/vivanatureza.com.br\/?page_id=700\",\"url\":\"https:\/\/vivanatureza.com.br\/?page_id=700\",\"name\":\"Gergelim - Viva Natureza Alimentos Naturais\",\"isPartOf\":{\"@id\":\"https:\/\/vivanatureza.com.br\/#website\"},\"datePublished\":\"2017-09-18T23:18:27+00:00\",\"dateModified\":\"2020-03-19T18:11:24+00:00\",\"breadcrumb\":{\"@id\":\"https:\/\/vivanatureza.com.br\/?page_id=700#breadcrumb\"},\"inLanguage\":\"pt-BR\",\"potentialAction\":[{\"@type\":\"ReadAction\",\"target\":[\"https:\/\/vivanatureza.com.br\/?page_id=700\"]}]},{\"@type\":\"BreadcrumbList\",\"@id\":\"https:\/\/vivanatureza.com.br\/?page_id=700#breadcrumb\",\"itemListElement\":[{\"@type\":\"ListItem\",\"position\":1,\"name\":\"In\u00edcio\",\"item\":\"https:\/\/vivanatureza.com.br\/\"},{\"@type\":\"ListItem\",\"position\":2,\"name\":\"Gergelim\"}]},{\"@type\":\"WebSite\",\"@id\":\"https:\/\/vivanatureza.com.br\/#website\",\"url\":\"https:\/\/vivanatureza.com.br\/\",\"name\":\"Viva Natureza Alimentos Naturais\",\"description\":\"Natureza e sa\u00fade em sua vida!\",\"publisher\":{\"@id\":\"https:\/\/vivanatureza.com.br\/#organization\"},\"potentialAction\":[{\"@type\":\"SearchAction\",\"target\":{\"@type\":\"EntryPoint\",\"urlTemplate\":\"https:\/\/vivanatureza.com.br\/?s={search_term_string}\"},\"query-input\":\"required name=search_term_string\"}],\"inLanguage\":\"pt-BR\"},{\"@type\":\"Organization\",\"@id\":\"https:\/\/vivanatureza.com.br\/#organization\",\"name\":\"Viva Natureza Alimentos Naturais\",\"url\":\"https:\/\/vivanatureza.com.br\/\",\"sameAs\":[],\"logo\":{\"@type\":\"ImageObject\",\"inLanguage\":\"pt-BR\",\"@id\":\"https:\/\/vivanatureza.com.br\/#\/schema\/logo\/image\/\",\"url\":\"https:\/\/vivanatureza.com.br\/wp-content\/uploads\/2017\/08\/logo_cab4.png\",\"contentUrl\":\"https:\/\/vivanatureza.com.br\/wp-content\/uploads\/2017\/08\/logo_cab4.png\",\"width\":150,\"height\":60,\"caption\":\"Viva Natureza Alimentos Naturais\"},\"image\":{\"@id\":\"https:\/\/vivanatureza.com.br\/#\/schema\/logo\/image\/\"}}]}<\/script>\n<!-- \/ Yoast SEO plugin. -->","yoast_head_json":{"title":"Gergelim - Viva Natureza Alimentos Naturais","robots":{"index":"index","follow":"follow","max-snippet":"max-snippet:-1","max-image-preview":"max-image-preview:large","max-video-preview":"max-video-preview:-1"},"canonical":"https:\/\/vivanatureza.com.br\/?page_id=700","og_locale":"pt_BR","og_type":"article","og_title":"Gergelim - Viva Natureza Alimentos Naturais","og_description":"Dispon\u00edvel na embalagem pouche com z\u00edper de 200g. Rico em vitamina A, B1, B2, E, niacina, c\u00e1lcio, f\u00f3sforo, ferro, fibras e, principalmente, em \u00f3leos essenciais. Tonifica o f\u00edgado e os rins, fortalece os tend\u00f5es e os ossos, tonifica o est\u00f4mago [&hellip;]","og_url":"https:\/\/vivanatureza.com.br\/?page_id=700","og_site_name":"Viva Natureza Alimentos Naturais","article_modified_time":"2020-03-19T18:11:24+00:00","og_image":[{"url":"http:\/\/vivanatureza.com.br\/wp-content\/uploads\/2017\/09\/gergelim-203x300.png"}],"twitter_card":"summary_large_image","schema":{"@context":"https:\/\/schema.org","@graph":[{"@type":"WebPage","@id":"https:\/\/vivanatureza.com.br\/?page_id=700","url":"https:\/\/vivanatureza.com.br\/?page_id=700","name":"Gergelim - Viva Natureza Alimentos Naturais","isPartOf":{"@id":"https:\/\/vivanatureza.com.br\/#website"},"datePublished":"2017-09-18T23:18:27+00:00","dateModified":"2020-03-19T18:11:24+00:00","breadcrumb":{"@id":"https:\/\/vivanatureza.com.br\/?page_id=700#breadcrumb"},"inLanguage":"pt-BR","potentialAction":[{"@type":"ReadAction","target":["https:\/\/vivanatureza.com.br\/?page_id=700"]}]},{"@type":"BreadcrumbList","@id":"https:\/\/vivanatureza.com.br\/?page_id=700#breadcrumb","itemListElement":[{"@type":"ListItem","position":1,"name":"In\u00edcio","item":"https:\/\/vivanatureza.com.br\/"},{"@type":"ListItem","position":2,"name":"Gergelim"}]},{"@type":"WebSite","@id":"https:\/\/vivanatureza.com.br\/#website","url":"https:\/\/vivanatureza.com.br\/","name":"Viva Natureza Alimentos Naturais","description":"Natureza e sa\u00fade em sua vida!","publisher":{"@id":"https:\/\/vivanatureza.com.br\/#organization"},"potentialAction":[{"@type":"SearchAction","target":{"@type":"EntryPoint","urlTemplate":"https:\/\/vivanatureza.com.br\/?s={search_term_string}"},"query-input":"required name=search_term_string"}],"inLanguage":"pt-BR"},{"@type":"Organization","@id":"https:\/\/vivanatureza.com.br\/#organization","name":"Viva Natureza Alimentos Naturais","url":"https:\/\/vivanatureza.com.br\/","sameAs":[],"logo":{"@type":"ImageObject","inLanguage":"pt-BR","@id":"https:\/\/vivanatureza.com.br\/#\/schema\/logo\/image\/","url":"https:\/\/vivanatureza.com.br\/wp-content\/uploads\/2017\/08\/logo_cab4.png","contentUrl":"https:\/\/vivanatureza.com.br\/wp-content\/uploads\/2017\/08\/logo_cab4.png","width":150,"height":60,"caption":"Viva Natureza Alimentos Naturais"},"image":{"@id":"https:\/\/vivanatureza.com.br\/#\/schema\/logo\/image\/"}}]}},"_links":{"self":[{"href":"https:\/\/vivanatureza.com.br\/index.php?rest_route=\/wp\/v2\/pages\/700"}],"collection":[{"href":"https:\/\/vivanatureza.com.br\/index.php?rest_route=\/wp\/v2\/pages"}],"about":[{"href":"https:\/\/vivanatureza.com.br\/index.php?rest_route=\/wp\/v2\/types\/page"}],"author":[{"embeddable":true,"href":"https:\/\/vivanatureza.com.br\/index.php?rest_route=\/wp\/v2\/users\/1"}],"replies":[{"embeddable":true,"href":"https:\/\/vivanatureza.com.br\/index.php?rest_route=%2Fwp%2Fv2%2Fcomments&post=700"}],"version-history":[{"count":4,"href":"https:\/\/vivanatureza.com.br\/index.php?rest_route=\/wp\/v2\/pages\/700\/revisions"}],"predecessor-version":[{"id":1325,"href":"https:\/\/vivanatureza.com.br\/index.php?rest_route=\/wp\/v2\/pages\/700\/revisions\/1325"}],"wp:attachment":[{"href":"https:\/\/vivanatureza.com.br\/index.php?rest_route=%2Fwp%2Fv2%2Fmedia&parent=700"}],"curies":[{"name":"wp","href":"https:\/\/api.w.org\/{rel}","templated":true}]}}