{"id":691,"date":"2017-09-18T23:14:35","date_gmt":"2017-09-18T23:14:35","guid":{"rendered":"http:\/\/vivanatureza.com.br\/?page_id=691"},"modified":"2020-01-21T20:28:50","modified_gmt":"2020-01-21T20:28:50","slug":"gergelim-preto","status":"publish","type":"page","link":"https:\/\/vivanatureza.com.br\/?page_id=691","title":{"rendered":"Gergelim Preto"},"content":{"rendered":"\n<div class=\"wp-block-image\"><figure class=\"aligncenter is-resized\"><img loading=\"lazy\" src=\"https:\/\/vivanatureza.com.br\/wp-content\/uploads\/2020\/01\/Gergelim-Preto-200g-12-768x1024.png\" alt=\"\" class=\"wp-image-1190\" width=\"331\" height=\"441\" srcset=\"https:\/\/vivanatureza.com.br\/wp-content\/uploads\/2020\/01\/Gergelim-Preto-200g-12-768x1024.png 768w, https:\/\/vivanatureza.com.br\/wp-content\/uploads\/2020\/01\/Gergelim-Preto-200g-12-225x300.png 225w, https:\/\/vivanatureza.com.br\/wp-content\/uploads\/2020\/01\/Gergelim-Preto-200g-12.png 1199w\" sizes=\"(max-width: 331px) 100vw, 331px\" \/><\/figure><\/div>\n\n\n<p>\u00a0<\/p>\n<p>Dispon\u00edvel em embalagens de 200g.<\/p>\n<p>Possui os mesmos benef\u00edcios que os do gergelim branco, no entanto, seu destaque \u00e9 devido \u00e0 maior concentra\u00e7\u00e3o de vitamina A, c\u00e1lcio, fibras e \u00f3leos insaturados. \u00c9 um forte aliado no tratamento de osteoporose bem como na preven\u00e7\u00e3o desta doen\u00e7a. Ajuda a reduzir o colesterol ruim, estimula o bom funcionamento cerebral assim como previne doen\u00e7as cardiovasculares, AVC\u2019s e tromboses devido \u00e0 presen\u00e7a de lecitina.<\/p>","protected":false},"excerpt":{"rendered":"<p>\u00a0 Dispon\u00edvel em embalagens de 200g. Possui os mesmos benef\u00edcios que os do gergelim branco, no entanto, seu destaque \u00e9 devido \u00e0 maior concentra\u00e7\u00e3o de vitamina A, c\u00e1lcio, fibras e \u00f3leos insaturados. \u00c9 um forte aliado no tratamento de osteoporose [&hellip;]<\/p>\n","protected":false},"author":1,"featured_media":0,"parent":0,"menu_order":0,"comment_status":"closed","ping_status":"closed","template":"","meta":[],"yoast_head":"<!-- This site is optimized with the Yoast SEO plugin v19.6.1 - https:\/\/yoast.com\/wordpress\/plugins\/seo\/ -->\n<title>Gergelim Preto - Viva Natureza Alimentos Naturais<\/title>\n<meta name=\"robots\" content=\"index, follow, max-snippet:-1, max-image-preview:large, max-video-preview:-1\" \/>\n<link rel=\"canonical\" href=\"https:\/\/vivanatureza.com.br\/?page_id=691\" \/>\n<meta property=\"og:locale\" content=\"pt_BR\" \/>\n<meta property=\"og:type\" content=\"article\" \/>\n<meta property=\"og:title\" content=\"Gergelim Preto - Viva Natureza Alimentos Naturais\" \/>\n<meta property=\"og:description\" content=\"\u00a0 Dispon\u00edvel em embalagens de 200g. Possui os mesmos benef\u00edcios que os do gergelim branco, no entanto, seu destaque \u00e9 devido \u00e0 maior concentra\u00e7\u00e3o de vitamina A, c\u00e1lcio, fibras e \u00f3leos insaturados. \u00c9 um forte aliado no tratamento de osteoporose [&hellip;]\" \/>\n<meta property=\"og:url\" content=\"https:\/\/vivanatureza.com.br\/?page_id=691\" \/>\n<meta property=\"og:site_name\" content=\"Viva Natureza Alimentos Naturais\" \/>\n<meta property=\"article:modified_time\" content=\"2020-01-21T20:28:50+00:00\" \/>\n<meta property=\"og:image\" content=\"http:\/\/vivanatureza.com.br\/wp-content\/uploads\/2020\/01\/Gergelim-Preto-200g-12-768x1024.png\" \/>\n<meta name=\"twitter:card\" content=\"summary_large_image\" \/>\n<script type=\"application\/ld+json\" class=\"yoast-schema-graph\">{\"@context\":\"https:\/\/schema.org\",\"@graph\":[{\"@type\":\"WebPage\",\"@id\":\"https:\/\/vivanatureza.com.br\/?page_id=691\",\"url\":\"https:\/\/vivanatureza.com.br\/?page_id=691\",\"name\":\"Gergelim Preto - Viva Natureza Alimentos Naturais\",\"isPartOf\":{\"@id\":\"https:\/\/vivanatureza.com.br\/#website\"},\"datePublished\":\"2017-09-18T23:14:35+00:00\",\"dateModified\":\"2020-01-21T20:28:50+00:00\",\"breadcrumb\":{\"@id\":\"https:\/\/vivanatureza.com.br\/?page_id=691#breadcrumb\"},\"inLanguage\":\"pt-BR\",\"potentialAction\":[{\"@type\":\"ReadAction\",\"target\":[\"https:\/\/vivanatureza.com.br\/?page_id=691\"]}]},{\"@type\":\"BreadcrumbList\",\"@id\":\"https:\/\/vivanatureza.com.br\/?page_id=691#breadcrumb\",\"itemListElement\":[{\"@type\":\"ListItem\",\"position\":1,\"name\":\"In\u00edcio\",\"item\":\"https:\/\/vivanatureza.com.br\/\"},{\"@type\":\"ListItem\",\"position\":2,\"name\":\"Gergelim Preto\"}]},{\"@type\":\"WebSite\",\"@id\":\"https:\/\/vivanatureza.com.br\/#website\",\"url\":\"https:\/\/vivanatureza.com.br\/\",\"name\":\"Viva Natureza Alimentos Naturais\",\"description\":\"Natureza e sa\u00fade em sua vida!\",\"publisher\":{\"@id\":\"https:\/\/vivanatureza.com.br\/#organization\"},\"potentialAction\":[{\"@type\":\"SearchAction\",\"target\":{\"@type\":\"EntryPoint\",\"urlTemplate\":\"https:\/\/vivanatureza.com.br\/?s={search_term_string}\"},\"query-input\":\"required name=search_term_string\"}],\"inLanguage\":\"pt-BR\"},{\"@type\":\"Organization\",\"@id\":\"https:\/\/vivanatureza.com.br\/#organization\",\"name\":\"Viva Natureza Alimentos Naturais\",\"url\":\"https:\/\/vivanatureza.com.br\/\",\"sameAs\":[],\"logo\":{\"@type\":\"ImageObject\",\"inLanguage\":\"pt-BR\",\"@id\":\"https:\/\/vivanatureza.com.br\/#\/schema\/logo\/image\/\",\"url\":\"https:\/\/vivanatureza.com.br\/wp-content\/uploads\/2017\/08\/logo_cab4.png\",\"contentUrl\":\"https:\/\/vivanatureza.com.br\/wp-content\/uploads\/2017\/08\/logo_cab4.png\",\"width\":150,\"height\":60,\"caption\":\"Viva Natureza Alimentos Naturais\"},\"image\":{\"@id\":\"https:\/\/vivanatureza.com.br\/#\/schema\/logo\/image\/\"}}]}<\/script>\n<!-- \/ Yoast SEO plugin. -->","yoast_head_json":{"title":"Gergelim Preto - Viva Natureza Alimentos Naturais","robots":{"index":"index","follow":"follow","max-snippet":"max-snippet:-1","max-image-preview":"max-image-preview:large","max-video-preview":"max-video-preview:-1"},"canonical":"https:\/\/vivanatureza.com.br\/?page_id=691","og_locale":"pt_BR","og_type":"article","og_title":"Gergelim Preto - Viva Natureza Alimentos Naturais","og_description":"\u00a0 Dispon\u00edvel em embalagens de 200g. Possui os mesmos benef\u00edcios que os do gergelim branco, no entanto, seu destaque \u00e9 devido \u00e0 maior concentra\u00e7\u00e3o de vitamina A, c\u00e1lcio, fibras e \u00f3leos insaturados. \u00c9 um forte aliado no tratamento de osteoporose [&hellip;]","og_url":"https:\/\/vivanatureza.com.br\/?page_id=691","og_site_name":"Viva Natureza Alimentos Naturais","article_modified_time":"2020-01-21T20:28:50+00:00","og_image":[{"url":"http:\/\/vivanatureza.com.br\/wp-content\/uploads\/2020\/01\/Gergelim-Preto-200g-12-768x1024.png"}],"twitter_card":"summary_large_image","schema":{"@context":"https:\/\/schema.org","@graph":[{"@type":"WebPage","@id":"https:\/\/vivanatureza.com.br\/?page_id=691","url":"https:\/\/vivanatureza.com.br\/?page_id=691","name":"Gergelim Preto - Viva Natureza Alimentos Naturais","isPartOf":{"@id":"https:\/\/vivanatureza.com.br\/#website"},"datePublished":"2017-09-18T23:14:35+00:00","dateModified":"2020-01-21T20:28:50+00:00","breadcrumb":{"@id":"https:\/\/vivanatureza.com.br\/?page_id=691#breadcrumb"},"inLanguage":"pt-BR","potentialAction":[{"@type":"ReadAction","target":["https:\/\/vivanatureza.com.br\/?page_id=691"]}]},{"@type":"BreadcrumbList","@id":"https:\/\/vivanatureza.com.br\/?page_id=691#breadcrumb","itemListElement":[{"@type":"ListItem","position":1,"name":"In\u00edcio","item":"https:\/\/vivanatureza.com.br\/"},{"@type":"ListItem","position":2,"name":"Gergelim Preto"}]},{"@type":"WebSite","@id":"https:\/\/vivanatureza.com.br\/#website","url":"https:\/\/vivanatureza.com.br\/","name":"Viva Natureza Alimentos Naturais","description":"Natureza e sa\u00fade em sua vida!","publisher":{"@id":"https:\/\/vivanatureza.com.br\/#organization"},"potentialAction":[{"@type":"SearchAction","target":{"@type":"EntryPoint","urlTemplate":"https:\/\/vivanatureza.com.br\/?s={search_term_string}"},"query-input":"required name=search_term_string"}],"inLanguage":"pt-BR"},{"@type":"Organization","@id":"https:\/\/vivanatureza.com.br\/#organization","name":"Viva Natureza Alimentos Naturais","url":"https:\/\/vivanatureza.com.br\/","sameAs":[],"logo":{"@type":"ImageObject","inLanguage":"pt-BR","@id":"https:\/\/vivanatureza.com.br\/#\/schema\/logo\/image\/","url":"https:\/\/vivanatureza.com.br\/wp-content\/uploads\/2017\/08\/logo_cab4.png","contentUrl":"https:\/\/vivanatureza.com.br\/wp-content\/uploads\/2017\/08\/logo_cab4.png","width":150,"height":60,"caption":"Viva Natureza Alimentos Naturais"},"image":{"@id":"https:\/\/vivanatureza.com.br\/#\/schema\/logo\/image\/"}}]}},"_links":{"self":[{"href":"https:\/\/vivanatureza.com.br\/index.php?rest_route=\/wp\/v2\/pages\/691"}],"collection":[{"href":"https:\/\/vivanatureza.com.br\/index.php?rest_route=\/wp\/v2\/pages"}],"about":[{"href":"https:\/\/vivanatureza.com.br\/index.php?rest_route=\/wp\/v2\/types\/page"}],"author":[{"embeddable":true,"href":"https:\/\/vivanatureza.com.br\/index.php?rest_route=\/wp\/v2\/users\/1"}],"replies":[{"embeddable":true,"href":"https:\/\/vivanatureza.com.br\/index.php?rest_route=%2Fwp%2Fv2%2Fcomments&post=691"}],"version-history":[{"count":3,"href":"https:\/\/vivanatureza.com.br\/index.php?rest_route=\/wp\/v2\/pages\/691\/revisions"}],"predecessor-version":[{"id":1192,"href":"https:\/\/vivanatureza.com.br\/index.php?rest_route=\/wp\/v2\/pages\/691\/revisions\/1192"}],"wp:attachment":[{"href":"https:\/\/vivanatureza.com.br\/index.php?rest_route=%2Fwp%2Fv2%2Fmedia&parent=691"}],"curies":[{"name":"wp","href":"https:\/\/api.w.org\/{rel}","templated":true}]}}