{"id":564,"date":"2017-09-06T11:59:54","date_gmt":"2017-09-06T11:59:54","guid":{"rendered":"http:\/\/vivanatureza.com.br\/?page_id=564"},"modified":"2017-09-11T12:08:43","modified_gmt":"2017-09-11T12:08:43","slug":"oleo-de-borragem","status":"publish","type":"page","link":"https:\/\/vivanatureza.com.br\/?page_id=564","title":{"rendered":"\u00d3leo de Borragem"},"content":{"rendered":"<p><a href=\"https:\/\/vivanatureza.com.br\/wp-content\/uploads\/2017\/09\/OLEO_BORRAGEM-Small.jpg\"><img loading=\"lazy\" class=\"alignnone size-medium wp-image-565\" src=\"https:\/\/vivanatureza.com.br\/wp-content\/uploads\/2017\/09\/OLEO_BORRAGEM-Small-145x300.jpg\" alt=\"\" width=\"145\" height=\"300\" srcset=\"https:\/\/vivanatureza.com.br\/wp-content\/uploads\/2017\/09\/OLEO_BORRAGEM-Small-145x300.jpg 145w, https:\/\/vivanatureza.com.br\/wp-content\/uploads\/2017\/09\/OLEO_BORRAGEM-Small.jpg 412w\" sizes=\"(max-width: 145px) 100vw, 145px\" \/><\/a><\/p>\n<p>60 c\u00e1psulas de 500mg<\/p>\n<p>Melhora os sintomas da TPM, atenua os sintomas da menopausa, auxilia no tratamento e preven\u00e7\u00e3o de doen\u00e7as da pele promovendo hidrata\u00e7\u00e3o e elasticidade.<\/p>\n","protected":false},"excerpt":{"rendered":"<p>60 c\u00e1psulas de 500mg Melhora os sintomas da TPM, atenua os sintomas da menopausa, auxilia no tratamento e preven\u00e7\u00e3o de doen\u00e7as da pele promovendo hidrata\u00e7\u00e3o e elasticidade.<\/p>\n","protected":false},"author":1,"featured_media":0,"parent":0,"menu_order":0,"comment_status":"closed","ping_status":"closed","template":"","meta":[],"yoast_head":"<!-- This site is optimized with the Yoast SEO plugin v19.6.1 - https:\/\/yoast.com\/wordpress\/plugins\/seo\/ -->\n<title>\u00d3leo de Borragem - Viva Natureza Alimentos Naturais<\/title>\n<meta name=\"robots\" content=\"index, follow, max-snippet:-1, max-image-preview:large, max-video-preview:-1\" \/>\n<link rel=\"canonical\" href=\"https:\/\/vivanatureza.com.br\/?page_id=564\" \/>\n<meta property=\"og:locale\" content=\"pt_BR\" \/>\n<meta property=\"og:type\" content=\"article\" \/>\n<meta property=\"og:title\" content=\"\u00d3leo de Borragem - Viva Natureza Alimentos Naturais\" \/>\n<meta property=\"og:description\" content=\"60 c\u00e1psulas de 500mg Melhora os sintomas da TPM, atenua os sintomas da menopausa, auxilia no tratamento e preven\u00e7\u00e3o de doen\u00e7as da pele promovendo hidrata\u00e7\u00e3o e elasticidade.\" \/>\n<meta property=\"og:url\" content=\"https:\/\/vivanatureza.com.br\/?page_id=564\" \/>\n<meta property=\"og:site_name\" content=\"Viva Natureza Alimentos Naturais\" \/>\n<meta property=\"article:modified_time\" content=\"2017-09-11T12:08:43+00:00\" \/>\n<meta property=\"og:image\" content=\"http:\/\/vivanatureza.com.br\/wp-content\/uploads\/2017\/09\/OLEO_BORRAGEM-Small-145x300.jpg\" \/>\n<meta name=\"twitter:card\" content=\"summary_large_image\" \/>\n<script type=\"application\/ld+json\" class=\"yoast-schema-graph\">{\"@context\":\"https:\/\/schema.org\",\"@graph\":[{\"@type\":\"WebPage\",\"@id\":\"https:\/\/vivanatureza.com.br\/?page_id=564\",\"url\":\"https:\/\/vivanatureza.com.br\/?page_id=564\",\"name\":\"\u00d3leo de Borragem - Viva Natureza Alimentos Naturais\",\"isPartOf\":{\"@id\":\"https:\/\/vivanatureza.com.br\/#website\"},\"datePublished\":\"2017-09-06T11:59:54+00:00\",\"dateModified\":\"2017-09-11T12:08:43+00:00\",\"breadcrumb\":{\"@id\":\"https:\/\/vivanatureza.com.br\/?page_id=564#breadcrumb\"},\"inLanguage\":\"pt-BR\",\"potentialAction\":[{\"@type\":\"ReadAction\",\"target\":[\"https:\/\/vivanatureza.com.br\/?page_id=564\"]}]},{\"@type\":\"BreadcrumbList\",\"@id\":\"https:\/\/vivanatureza.com.br\/?page_id=564#breadcrumb\",\"itemListElement\":[{\"@type\":\"ListItem\",\"position\":1,\"name\":\"In\u00edcio\",\"item\":\"https:\/\/vivanatureza.com.br\/\"},{\"@type\":\"ListItem\",\"position\":2,\"name\":\"\u00d3leo de Borragem\"}]},{\"@type\":\"WebSite\",\"@id\":\"https:\/\/vivanatureza.com.br\/#website\",\"url\":\"https:\/\/vivanatureza.com.br\/\",\"name\":\"Viva Natureza Alimentos Naturais\",\"description\":\"Natureza e sa\u00fade em sua vida!\",\"publisher\":{\"@id\":\"https:\/\/vivanatureza.com.br\/#organization\"},\"potentialAction\":[{\"@type\":\"SearchAction\",\"target\":{\"@type\":\"EntryPoint\",\"urlTemplate\":\"https:\/\/vivanatureza.com.br\/?s={search_term_string}\"},\"query-input\":\"required name=search_term_string\"}],\"inLanguage\":\"pt-BR\"},{\"@type\":\"Organization\",\"@id\":\"https:\/\/vivanatureza.com.br\/#organization\",\"name\":\"Viva Natureza Alimentos Naturais\",\"url\":\"https:\/\/vivanatureza.com.br\/\",\"sameAs\":[],\"logo\":{\"@type\":\"ImageObject\",\"inLanguage\":\"pt-BR\",\"@id\":\"https:\/\/vivanatureza.com.br\/#\/schema\/logo\/image\/\",\"url\":\"https:\/\/vivanatureza.com.br\/wp-content\/uploads\/2017\/08\/logo_cab4.png\",\"contentUrl\":\"https:\/\/vivanatureza.com.br\/wp-content\/uploads\/2017\/08\/logo_cab4.png\",\"width\":150,\"height\":60,\"caption\":\"Viva Natureza Alimentos Naturais\"},\"image\":{\"@id\":\"https:\/\/vivanatureza.com.br\/#\/schema\/logo\/image\/\"}}]}<\/script>\n<!-- \/ Yoast SEO plugin. -->","yoast_head_json":{"title":"\u00d3leo de Borragem - Viva Natureza Alimentos Naturais","robots":{"index":"index","follow":"follow","max-snippet":"max-snippet:-1","max-image-preview":"max-image-preview:large","max-video-preview":"max-video-preview:-1"},"canonical":"https:\/\/vivanatureza.com.br\/?page_id=564","og_locale":"pt_BR","og_type":"article","og_title":"\u00d3leo de Borragem - Viva Natureza Alimentos Naturais","og_description":"60 c\u00e1psulas de 500mg Melhora os sintomas da TPM, atenua os sintomas da menopausa, auxilia no tratamento e preven\u00e7\u00e3o de doen\u00e7as da pele promovendo hidrata\u00e7\u00e3o e elasticidade.","og_url":"https:\/\/vivanatureza.com.br\/?page_id=564","og_site_name":"Viva Natureza Alimentos Naturais","article_modified_time":"2017-09-11T12:08:43+00:00","og_image":[{"url":"http:\/\/vivanatureza.com.br\/wp-content\/uploads\/2017\/09\/OLEO_BORRAGEM-Small-145x300.jpg"}],"twitter_card":"summary_large_image","schema":{"@context":"https:\/\/schema.org","@graph":[{"@type":"WebPage","@id":"https:\/\/vivanatureza.com.br\/?page_id=564","url":"https:\/\/vivanatureza.com.br\/?page_id=564","name":"\u00d3leo de Borragem - Viva Natureza Alimentos Naturais","isPartOf":{"@id":"https:\/\/vivanatureza.com.br\/#website"},"datePublished":"2017-09-06T11:59:54+00:00","dateModified":"2017-09-11T12:08:43+00:00","breadcrumb":{"@id":"https:\/\/vivanatureza.com.br\/?page_id=564#breadcrumb"},"inLanguage":"pt-BR","potentialAction":[{"@type":"ReadAction","target":["https:\/\/vivanatureza.com.br\/?page_id=564"]}]},{"@type":"BreadcrumbList","@id":"https:\/\/vivanatureza.com.br\/?page_id=564#breadcrumb","itemListElement":[{"@type":"ListItem","position":1,"name":"In\u00edcio","item":"https:\/\/vivanatureza.com.br\/"},{"@type":"ListItem","position":2,"name":"\u00d3leo de Borragem"}]},{"@type":"WebSite","@id":"https:\/\/vivanatureza.com.br\/#website","url":"https:\/\/vivanatureza.com.br\/","name":"Viva Natureza Alimentos Naturais","description":"Natureza e sa\u00fade em sua vida!","publisher":{"@id":"https:\/\/vivanatureza.com.br\/#organization"},"potentialAction":[{"@type":"SearchAction","target":{"@type":"EntryPoint","urlTemplate":"https:\/\/vivanatureza.com.br\/?s={search_term_string}"},"query-input":"required name=search_term_string"}],"inLanguage":"pt-BR"},{"@type":"Organization","@id":"https:\/\/vivanatureza.com.br\/#organization","name":"Viva Natureza Alimentos Naturais","url":"https:\/\/vivanatureza.com.br\/","sameAs":[],"logo":{"@type":"ImageObject","inLanguage":"pt-BR","@id":"https:\/\/vivanatureza.com.br\/#\/schema\/logo\/image\/","url":"https:\/\/vivanatureza.com.br\/wp-content\/uploads\/2017\/08\/logo_cab4.png","contentUrl":"https:\/\/vivanatureza.com.br\/wp-content\/uploads\/2017\/08\/logo_cab4.png","width":150,"height":60,"caption":"Viva Natureza Alimentos Naturais"},"image":{"@id":"https:\/\/vivanatureza.com.br\/#\/schema\/logo\/image\/"}}]}},"_links":{"self":[{"href":"https:\/\/vivanatureza.com.br\/index.php?rest_route=\/wp\/v2\/pages\/564"}],"collection":[{"href":"https:\/\/vivanatureza.com.br\/index.php?rest_route=\/wp\/v2\/pages"}],"about":[{"href":"https:\/\/vivanatureza.com.br\/index.php?rest_route=\/wp\/v2\/types\/page"}],"author":[{"embeddable":true,"href":"https:\/\/vivanatureza.com.br\/index.php?rest_route=\/wp\/v2\/users\/1"}],"replies":[{"embeddable":true,"href":"https:\/\/vivanatureza.com.br\/index.php?rest_route=%2Fwp%2Fv2%2Fcomments&post=564"}],"version-history":[{"count":3,"href":"https:\/\/vivanatureza.com.br\/index.php?rest_route=\/wp\/v2\/pages\/564\/revisions"}],"predecessor-version":[{"id":684,"href":"https:\/\/vivanatureza.com.br\/index.php?rest_route=\/wp\/v2\/pages\/564\/revisions\/684"}],"wp:attachment":[{"href":"https:\/\/vivanatureza.com.br\/index.php?rest_route=%2Fwp%2Fv2%2Fmedia&parent=564"}],"curies":[{"name":"wp","href":"https:\/\/api.w.org\/{rel}","templated":true}]}}