{"id":521,"date":"2017-09-06T02:03:03","date_gmt":"2017-09-06T02:03:03","guid":{"rendered":"http:\/\/vivanatureza.com.br\/?page_id=521"},"modified":"2019-01-29T12:47:21","modified_gmt":"2019-01-29T12:47:21","slug":"acucar-de-coco","status":"publish","type":"page","link":"https:\/\/vivanatureza.com.br\/?page_id=521","title":{"rendered":"A\u00e7\u00facar de Coco"},"content":{"rendered":"<p style=\"text-align: left;\"><a href=\"https:\/\/vivanatureza.com.br\/wp-content\/uploads\/2019\/01\/acucar_de_coco.png\"><img loading=\"lazy\" class=\" wp-image-885\" src=\"https:\/\/vivanatureza.com.br\/wp-content\/uploads\/2019\/01\/acucar_de_coco.png\" alt=\"\" width=\"210\" height=\"334\" \/><\/a><\/p>\n<p>Dispon\u00edvel em embalagem pouch z\u00edper 250g.<\/p>\n<p>O a\u00e7\u00facar de coco \u00e9 um a\u00e7\u00facar n\u00e3o processado, n\u00e3o adulterado, n\u00e3o cont\u00e9m conservantes, de baixo \u00edndice glic\u00eamico e \u00e9 100% natural. Rico em pot\u00e1ssio, ferro e vitaminas B1, B2, B3 e B6.<\/p>\n","protected":false},"excerpt":{"rendered":"<p>Dispon\u00edvel em embalagem pouch z\u00edper 250g. O a\u00e7\u00facar de coco \u00e9 um a\u00e7\u00facar n\u00e3o processado, n\u00e3o adulterado, n\u00e3o cont\u00e9m conservantes, de baixo \u00edndice glic\u00eamico e \u00e9 100% natural. Rico em pot\u00e1ssio, ferro e vitaminas B1, B2, B3 e B6.<\/p>\n","protected":false},"author":1,"featured_media":0,"parent":0,"menu_order":0,"comment_status":"closed","ping_status":"closed","template":"","meta":[],"yoast_head":"<!-- This site is optimized with the Yoast SEO plugin v19.6.1 - https:\/\/yoast.com\/wordpress\/plugins\/seo\/ -->\n<title>A\u00e7\u00facar de Coco - Viva Natureza Alimentos Naturais<\/title>\n<meta name=\"robots\" content=\"index, follow, max-snippet:-1, max-image-preview:large, max-video-preview:-1\" \/>\n<link rel=\"canonical\" href=\"https:\/\/vivanatureza.com.br\/?page_id=521\" \/>\n<meta property=\"og:locale\" content=\"pt_BR\" \/>\n<meta property=\"og:type\" content=\"article\" \/>\n<meta property=\"og:title\" content=\"A\u00e7\u00facar de Coco - Viva Natureza Alimentos Naturais\" \/>\n<meta property=\"og:description\" content=\"Dispon\u00edvel em embalagem pouch z\u00edper 250g. O a\u00e7\u00facar de coco \u00e9 um a\u00e7\u00facar n\u00e3o processado, n\u00e3o adulterado, n\u00e3o cont\u00e9m conservantes, de baixo \u00edndice glic\u00eamico e \u00e9 100% natural. Rico em pot\u00e1ssio, ferro e vitaminas B1, B2, B3 e B6.\" \/>\n<meta property=\"og:url\" content=\"https:\/\/vivanatureza.com.br\/?page_id=521\" \/>\n<meta property=\"og:site_name\" content=\"Viva Natureza Alimentos Naturais\" \/>\n<meta property=\"article:modified_time\" content=\"2019-01-29T12:47:21+00:00\" \/>\n<meta property=\"og:image\" content=\"http:\/\/vivanatureza.com.br\/wp-content\/uploads\/2019\/01\/acucar_de_coco.png\" \/>\n<meta name=\"twitter:card\" content=\"summary_large_image\" \/>\n<script type=\"application\/ld+json\" class=\"yoast-schema-graph\">{\"@context\":\"https:\/\/schema.org\",\"@graph\":[{\"@type\":\"WebPage\",\"@id\":\"https:\/\/vivanatureza.com.br\/?page_id=521\",\"url\":\"https:\/\/vivanatureza.com.br\/?page_id=521\",\"name\":\"A\u00e7\u00facar de Coco - Viva Natureza Alimentos Naturais\",\"isPartOf\":{\"@id\":\"https:\/\/vivanatureza.com.br\/#website\"},\"datePublished\":\"2017-09-06T02:03:03+00:00\",\"dateModified\":\"2019-01-29T12:47:21+00:00\",\"breadcrumb\":{\"@id\":\"https:\/\/vivanatureza.com.br\/?page_id=521#breadcrumb\"},\"inLanguage\":\"pt-BR\",\"potentialAction\":[{\"@type\":\"ReadAction\",\"target\":[\"https:\/\/vivanatureza.com.br\/?page_id=521\"]}]},{\"@type\":\"BreadcrumbList\",\"@id\":\"https:\/\/vivanatureza.com.br\/?page_id=521#breadcrumb\",\"itemListElement\":[{\"@type\":\"ListItem\",\"position\":1,\"name\":\"In\u00edcio\",\"item\":\"https:\/\/vivanatureza.com.br\/\"},{\"@type\":\"ListItem\",\"position\":2,\"name\":\"A\u00e7\u00facar de Coco\"}]},{\"@type\":\"WebSite\",\"@id\":\"https:\/\/vivanatureza.com.br\/#website\",\"url\":\"https:\/\/vivanatureza.com.br\/\",\"name\":\"Viva Natureza Alimentos Naturais\",\"description\":\"Natureza e sa\u00fade em sua vida!\",\"publisher\":{\"@id\":\"https:\/\/vivanatureza.com.br\/#organization\"},\"potentialAction\":[{\"@type\":\"SearchAction\",\"target\":{\"@type\":\"EntryPoint\",\"urlTemplate\":\"https:\/\/vivanatureza.com.br\/?s={search_term_string}\"},\"query-input\":\"required name=search_term_string\"}],\"inLanguage\":\"pt-BR\"},{\"@type\":\"Organization\",\"@id\":\"https:\/\/vivanatureza.com.br\/#organization\",\"name\":\"Viva Natureza Alimentos Naturais\",\"url\":\"https:\/\/vivanatureza.com.br\/\",\"sameAs\":[],\"logo\":{\"@type\":\"ImageObject\",\"inLanguage\":\"pt-BR\",\"@id\":\"https:\/\/vivanatureza.com.br\/#\/schema\/logo\/image\/\",\"url\":\"https:\/\/vivanatureza.com.br\/wp-content\/uploads\/2017\/08\/logo_cab4.png\",\"contentUrl\":\"https:\/\/vivanatureza.com.br\/wp-content\/uploads\/2017\/08\/logo_cab4.png\",\"width\":150,\"height\":60,\"caption\":\"Viva Natureza Alimentos Naturais\"},\"image\":{\"@id\":\"https:\/\/vivanatureza.com.br\/#\/schema\/logo\/image\/\"}}]}<\/script>\n<!-- \/ Yoast SEO plugin. -->","yoast_head_json":{"title":"A\u00e7\u00facar de Coco - Viva Natureza Alimentos Naturais","robots":{"index":"index","follow":"follow","max-snippet":"max-snippet:-1","max-image-preview":"max-image-preview:large","max-video-preview":"max-video-preview:-1"},"canonical":"https:\/\/vivanatureza.com.br\/?page_id=521","og_locale":"pt_BR","og_type":"article","og_title":"A\u00e7\u00facar de Coco - Viva Natureza Alimentos Naturais","og_description":"Dispon\u00edvel em embalagem pouch z\u00edper 250g. O a\u00e7\u00facar de coco \u00e9 um a\u00e7\u00facar n\u00e3o processado, n\u00e3o adulterado, n\u00e3o cont\u00e9m conservantes, de baixo \u00edndice glic\u00eamico e \u00e9 100% natural. Rico em pot\u00e1ssio, ferro e vitaminas B1, B2, B3 e B6.","og_url":"https:\/\/vivanatureza.com.br\/?page_id=521","og_site_name":"Viva Natureza Alimentos Naturais","article_modified_time":"2019-01-29T12:47:21+00:00","og_image":[{"url":"http:\/\/vivanatureza.com.br\/wp-content\/uploads\/2019\/01\/acucar_de_coco.png"}],"twitter_card":"summary_large_image","schema":{"@context":"https:\/\/schema.org","@graph":[{"@type":"WebPage","@id":"https:\/\/vivanatureza.com.br\/?page_id=521","url":"https:\/\/vivanatureza.com.br\/?page_id=521","name":"A\u00e7\u00facar de Coco - Viva Natureza Alimentos Naturais","isPartOf":{"@id":"https:\/\/vivanatureza.com.br\/#website"},"datePublished":"2017-09-06T02:03:03+00:00","dateModified":"2019-01-29T12:47:21+00:00","breadcrumb":{"@id":"https:\/\/vivanatureza.com.br\/?page_id=521#breadcrumb"},"inLanguage":"pt-BR","potentialAction":[{"@type":"ReadAction","target":["https:\/\/vivanatureza.com.br\/?page_id=521"]}]},{"@type":"BreadcrumbList","@id":"https:\/\/vivanatureza.com.br\/?page_id=521#breadcrumb","itemListElement":[{"@type":"ListItem","position":1,"name":"In\u00edcio","item":"https:\/\/vivanatureza.com.br\/"},{"@type":"ListItem","position":2,"name":"A\u00e7\u00facar de Coco"}]},{"@type":"WebSite","@id":"https:\/\/vivanatureza.com.br\/#website","url":"https:\/\/vivanatureza.com.br\/","name":"Viva Natureza Alimentos Naturais","description":"Natureza e sa\u00fade em sua vida!","publisher":{"@id":"https:\/\/vivanatureza.com.br\/#organization"},"potentialAction":[{"@type":"SearchAction","target":{"@type":"EntryPoint","urlTemplate":"https:\/\/vivanatureza.com.br\/?s={search_term_string}"},"query-input":"required name=search_term_string"}],"inLanguage":"pt-BR"},{"@type":"Organization","@id":"https:\/\/vivanatureza.com.br\/#organization","name":"Viva Natureza Alimentos Naturais","url":"https:\/\/vivanatureza.com.br\/","sameAs":[],"logo":{"@type":"ImageObject","inLanguage":"pt-BR","@id":"https:\/\/vivanatureza.com.br\/#\/schema\/logo\/image\/","url":"https:\/\/vivanatureza.com.br\/wp-content\/uploads\/2017\/08\/logo_cab4.png","contentUrl":"https:\/\/vivanatureza.com.br\/wp-content\/uploads\/2017\/08\/logo_cab4.png","width":150,"height":60,"caption":"Viva Natureza Alimentos Naturais"},"image":{"@id":"https:\/\/vivanatureza.com.br\/#\/schema\/logo\/image\/"}}]}},"_links":{"self":[{"href":"https:\/\/vivanatureza.com.br\/index.php?rest_route=\/wp\/v2\/pages\/521"}],"collection":[{"href":"https:\/\/vivanatureza.com.br\/index.php?rest_route=\/wp\/v2\/pages"}],"about":[{"href":"https:\/\/vivanatureza.com.br\/index.php?rest_route=\/wp\/v2\/types\/page"}],"author":[{"embeddable":true,"href":"https:\/\/vivanatureza.com.br\/index.php?rest_route=\/wp\/v2\/users\/1"}],"replies":[{"embeddable":true,"href":"https:\/\/vivanatureza.com.br\/index.php?rest_route=%2Fwp%2Fv2%2Fcomments&post=521"}],"version-history":[{"count":2,"href":"https:\/\/vivanatureza.com.br\/index.php?rest_route=\/wp\/v2\/pages\/521\/revisions"}],"predecessor-version":[{"id":886,"href":"https:\/\/vivanatureza.com.br\/index.php?rest_route=\/wp\/v2\/pages\/521\/revisions\/886"}],"wp:attachment":[{"href":"https:\/\/vivanatureza.com.br\/index.php?rest_route=%2Fwp%2Fv2%2Fmedia&parent=521"}],"curies":[{"name":"wp","href":"https:\/\/api.w.org\/{rel}","templated":true}]}}