{"id":517,"date":"2017-09-06T02:00:27","date_gmt":"2017-09-06T02:00:27","guid":{"rendered":"http:\/\/vivanatureza.com.br\/?page_id=517"},"modified":"2021-06-16T21:19:36","modified_gmt":"2021-06-17T00:19:36","slug":"oleo-de-coco","status":"publish","type":"page","link":"https:\/\/vivanatureza.com.br\/?page_id=517","title":{"rendered":"\u00d3leo de Coco Extra Virgem"},"content":{"rendered":"\n<figure class=\"wp-block-image size-large is-resized\"><a href=\"https:\/\/vivanatureza.com.br\/wp-content\/uploads\/2021\/06\/Oleo-de-Coco-Extra-Virgem-200ml.png\"><img loading=\"lazy\" src=\"https:\/\/vivanatureza.com.br\/wp-content\/uploads\/2021\/06\/Oleo-de-Coco-Extra-Virgem-200ml-547x1024.png\" alt=\"\" class=\"wp-image-1453\" width=\"237\" height=\"443\" srcset=\"https:\/\/vivanatureza.com.br\/wp-content\/uploads\/2021\/06\/Oleo-de-Coco-Extra-Virgem-200ml-547x1024.png 547w, https:\/\/vivanatureza.com.br\/wp-content\/uploads\/2021\/06\/Oleo-de-Coco-Extra-Virgem-200ml-160x300.png 160w, https:\/\/vivanatureza.com.br\/wp-content\/uploads\/2021\/06\/Oleo-de-Coco-Extra-Virgem-200ml.png 643w\" sizes=\"(max-width: 237px) 100vw, 237px\" \/><\/a><\/figure>\n\n\n<p>\u00a0<\/p>\n<p>200ml e 500ml<\/p>\n<p>\u00c9 formado por \u00e1cidos graxos de cadeia m\u00e9dia, que n\u00e3o acumula no nosso corpo! \u00c9 termog\u00eanico, auxiliando o corpo a queimar calorias, aumentando o metabolismo. Previne a queda de cabelos, pois inibe a enzima 5-alfa-redutase. Previne tamb\u00e9m tromboses, al\u00e9m de diminuir o colesterol total, LDL e aumentar o HDL (considerado um bom colesterol).<\/p>","protected":false},"excerpt":{"rendered":"<p>\u00a0 200ml e 500ml \u00c9 formado por \u00e1cidos graxos de cadeia m\u00e9dia, que n\u00e3o acumula no nosso corpo! \u00c9 termog\u00eanico, auxiliando o corpo a queimar calorias, aumentando o metabolismo. Previne a queda de cabelos, pois inibe a enzima 5-alfa-redutase. Previne [&hellip;]<\/p>\n","protected":false},"author":1,"featured_media":0,"parent":0,"menu_order":0,"comment_status":"closed","ping_status":"closed","template":"","meta":[],"yoast_head":"<!-- This site is optimized with the Yoast SEO plugin v19.6.1 - https:\/\/yoast.com\/wordpress\/plugins\/seo\/ -->\n<title>\u00d3leo de Coco Extra Virgem - Viva Natureza Alimentos Naturais<\/title>\n<meta name=\"robots\" content=\"index, follow, max-snippet:-1, max-image-preview:large, max-video-preview:-1\" \/>\n<link rel=\"canonical\" href=\"https:\/\/vivanatureza.com.br\/?page_id=517\" \/>\n<meta property=\"og:locale\" content=\"pt_BR\" \/>\n<meta property=\"og:type\" content=\"article\" \/>\n<meta property=\"og:title\" content=\"\u00d3leo de Coco Extra Virgem - Viva Natureza Alimentos Naturais\" \/>\n<meta property=\"og:description\" content=\"\u00a0 200ml e 500ml \u00c9 formado por \u00e1cidos graxos de cadeia m\u00e9dia, que n\u00e3o acumula no nosso corpo! \u00c9 termog\u00eanico, auxiliando o corpo a queimar calorias, aumentando o metabolismo. Previne a queda de cabelos, pois inibe a enzima 5-alfa-redutase. Previne [&hellip;]\" \/>\n<meta property=\"og:url\" content=\"https:\/\/vivanatureza.com.br\/?page_id=517\" \/>\n<meta property=\"og:site_name\" content=\"Viva Natureza Alimentos Naturais\" \/>\n<meta property=\"article:modified_time\" content=\"2021-06-17T00:19:36+00:00\" \/>\n<meta property=\"og:image\" content=\"https:\/\/vivanatureza.com.br\/wp-content\/uploads\/2021\/06\/Oleo-de-Coco-Extra-Virgem-200ml-547x1024.png\" \/>\n<meta name=\"twitter:card\" content=\"summary_large_image\" \/>\n<script type=\"application\/ld+json\" class=\"yoast-schema-graph\">{\"@context\":\"https:\/\/schema.org\",\"@graph\":[{\"@type\":\"WebPage\",\"@id\":\"https:\/\/vivanatureza.com.br\/?page_id=517\",\"url\":\"https:\/\/vivanatureza.com.br\/?page_id=517\",\"name\":\"\u00d3leo de Coco Extra Virgem - Viva Natureza Alimentos Naturais\",\"isPartOf\":{\"@id\":\"https:\/\/vivanatureza.com.br\/#website\"},\"datePublished\":\"2017-09-06T02:00:27+00:00\",\"dateModified\":\"2021-06-17T00:19:36+00:00\",\"breadcrumb\":{\"@id\":\"https:\/\/vivanatureza.com.br\/?page_id=517#breadcrumb\"},\"inLanguage\":\"pt-BR\",\"potentialAction\":[{\"@type\":\"ReadAction\",\"target\":[\"https:\/\/vivanatureza.com.br\/?page_id=517\"]}]},{\"@type\":\"BreadcrumbList\",\"@id\":\"https:\/\/vivanatureza.com.br\/?page_id=517#breadcrumb\",\"itemListElement\":[{\"@type\":\"ListItem\",\"position\":1,\"name\":\"In\u00edcio\",\"item\":\"https:\/\/vivanatureza.com.br\/\"},{\"@type\":\"ListItem\",\"position\":2,\"name\":\"\u00d3leo de Coco Extra Virgem\"}]},{\"@type\":\"WebSite\",\"@id\":\"https:\/\/vivanatureza.com.br\/#website\",\"url\":\"https:\/\/vivanatureza.com.br\/\",\"name\":\"Viva Natureza Alimentos Naturais\",\"description\":\"Natureza e sa\u00fade em sua vida!\",\"publisher\":{\"@id\":\"https:\/\/vivanatureza.com.br\/#organization\"},\"potentialAction\":[{\"@type\":\"SearchAction\",\"target\":{\"@type\":\"EntryPoint\",\"urlTemplate\":\"https:\/\/vivanatureza.com.br\/?s={search_term_string}\"},\"query-input\":\"required name=search_term_string\"}],\"inLanguage\":\"pt-BR\"},{\"@type\":\"Organization\",\"@id\":\"https:\/\/vivanatureza.com.br\/#organization\",\"name\":\"Viva Natureza Alimentos Naturais\",\"url\":\"https:\/\/vivanatureza.com.br\/\",\"sameAs\":[],\"logo\":{\"@type\":\"ImageObject\",\"inLanguage\":\"pt-BR\",\"@id\":\"https:\/\/vivanatureza.com.br\/#\/schema\/logo\/image\/\",\"url\":\"https:\/\/vivanatureza.com.br\/wp-content\/uploads\/2017\/08\/logo_cab4.png\",\"contentUrl\":\"https:\/\/vivanatureza.com.br\/wp-content\/uploads\/2017\/08\/logo_cab4.png\",\"width\":150,\"height\":60,\"caption\":\"Viva Natureza Alimentos Naturais\"},\"image\":{\"@id\":\"https:\/\/vivanatureza.com.br\/#\/schema\/logo\/image\/\"}}]}<\/script>\n<!-- \/ Yoast SEO plugin. -->","yoast_head_json":{"title":"\u00d3leo de Coco Extra Virgem - Viva Natureza Alimentos Naturais","robots":{"index":"index","follow":"follow","max-snippet":"max-snippet:-1","max-image-preview":"max-image-preview:large","max-video-preview":"max-video-preview:-1"},"canonical":"https:\/\/vivanatureza.com.br\/?page_id=517","og_locale":"pt_BR","og_type":"article","og_title":"\u00d3leo de Coco Extra Virgem - Viva Natureza Alimentos Naturais","og_description":"\u00a0 200ml e 500ml \u00c9 formado por \u00e1cidos graxos de cadeia m\u00e9dia, que n\u00e3o acumula no nosso corpo! \u00c9 termog\u00eanico, auxiliando o corpo a queimar calorias, aumentando o metabolismo. Previne a queda de cabelos, pois inibe a enzima 5-alfa-redutase. Previne [&hellip;]","og_url":"https:\/\/vivanatureza.com.br\/?page_id=517","og_site_name":"Viva Natureza Alimentos Naturais","article_modified_time":"2021-06-17T00:19:36+00:00","og_image":[{"url":"https:\/\/vivanatureza.com.br\/wp-content\/uploads\/2021\/06\/Oleo-de-Coco-Extra-Virgem-200ml-547x1024.png"}],"twitter_card":"summary_large_image","schema":{"@context":"https:\/\/schema.org","@graph":[{"@type":"WebPage","@id":"https:\/\/vivanatureza.com.br\/?page_id=517","url":"https:\/\/vivanatureza.com.br\/?page_id=517","name":"\u00d3leo de Coco Extra Virgem - Viva Natureza Alimentos Naturais","isPartOf":{"@id":"https:\/\/vivanatureza.com.br\/#website"},"datePublished":"2017-09-06T02:00:27+00:00","dateModified":"2021-06-17T00:19:36+00:00","breadcrumb":{"@id":"https:\/\/vivanatureza.com.br\/?page_id=517#breadcrumb"},"inLanguage":"pt-BR","potentialAction":[{"@type":"ReadAction","target":["https:\/\/vivanatureza.com.br\/?page_id=517"]}]},{"@type":"BreadcrumbList","@id":"https:\/\/vivanatureza.com.br\/?page_id=517#breadcrumb","itemListElement":[{"@type":"ListItem","position":1,"name":"In\u00edcio","item":"https:\/\/vivanatureza.com.br\/"},{"@type":"ListItem","position":2,"name":"\u00d3leo de Coco Extra Virgem"}]},{"@type":"WebSite","@id":"https:\/\/vivanatureza.com.br\/#website","url":"https:\/\/vivanatureza.com.br\/","name":"Viva Natureza Alimentos Naturais","description":"Natureza e sa\u00fade em sua vida!","publisher":{"@id":"https:\/\/vivanatureza.com.br\/#organization"},"potentialAction":[{"@type":"SearchAction","target":{"@type":"EntryPoint","urlTemplate":"https:\/\/vivanatureza.com.br\/?s={search_term_string}"},"query-input":"required name=search_term_string"}],"inLanguage":"pt-BR"},{"@type":"Organization","@id":"https:\/\/vivanatureza.com.br\/#organization","name":"Viva Natureza Alimentos Naturais","url":"https:\/\/vivanatureza.com.br\/","sameAs":[],"logo":{"@type":"ImageObject","inLanguage":"pt-BR","@id":"https:\/\/vivanatureza.com.br\/#\/schema\/logo\/image\/","url":"https:\/\/vivanatureza.com.br\/wp-content\/uploads\/2017\/08\/logo_cab4.png","contentUrl":"https:\/\/vivanatureza.com.br\/wp-content\/uploads\/2017\/08\/logo_cab4.png","width":150,"height":60,"caption":"Viva Natureza Alimentos Naturais"},"image":{"@id":"https:\/\/vivanatureza.com.br\/#\/schema\/logo\/image\/"}}]}},"_links":{"self":[{"href":"https:\/\/vivanatureza.com.br\/index.php?rest_route=\/wp\/v2\/pages\/517"}],"collection":[{"href":"https:\/\/vivanatureza.com.br\/index.php?rest_route=\/wp\/v2\/pages"}],"about":[{"href":"https:\/\/vivanatureza.com.br\/index.php?rest_route=\/wp\/v2\/types\/page"}],"author":[{"embeddable":true,"href":"https:\/\/vivanatureza.com.br\/index.php?rest_route=\/wp\/v2\/users\/1"}],"replies":[{"embeddable":true,"href":"https:\/\/vivanatureza.com.br\/index.php?rest_route=%2Fwp%2Fv2%2Fcomments&post=517"}],"version-history":[{"count":6,"href":"https:\/\/vivanatureza.com.br\/index.php?rest_route=\/wp\/v2\/pages\/517\/revisions"}],"predecessor-version":[{"id":1456,"href":"https:\/\/vivanatureza.com.br\/index.php?rest_route=\/wp\/v2\/pages\/517\/revisions\/1456"}],"wp:attachment":[{"href":"https:\/\/vivanatureza.com.br\/index.php?rest_route=%2Fwp%2Fv2%2Fmedia&parent=517"}],"curies":[{"name":"wp","href":"https:\/\/api.w.org\/{rel}","templated":true}]}}