{"id":508,"date":"2017-09-06T01:55:59","date_gmt":"2017-09-06T01:55:59","guid":{"rendered":"http:\/\/vivanatureza.com.br\/?page_id=508"},"modified":"2020-01-21T21:02:06","modified_gmt":"2020-01-21T21:02:06","slug":"sal-rosa-do-himalaia","status":"publish","type":"page","link":"https:\/\/vivanatureza.com.br\/?page_id=508","title":{"rendered":"Sal Rosa do Himalaia"},"content":{"rendered":"\n<ul class=\"wp-container-2 wp-block-gallery-1 wp-block-gallery columns-2 is-cropped\"><li class=\"blocks-gallery-item\"><figure><img loading=\"lazy\" width=\"768\" height=\"1024\" src=\"https:\/\/vivanatureza.com.br\/wp-content\/uploads\/2020\/01\/Sal-Rosa-do-Himalaia-Grosso-200g-768x1024.png\" alt=\"\" data-id=\"1236\" data-link=\"https:\/\/vivanatureza.com.br\/?attachment_id=1236\" class=\"wp-image-1236\" srcset=\"https:\/\/vivanatureza.com.br\/wp-content\/uploads\/2020\/01\/Sal-Rosa-do-Himalaia-Grosso-200g-768x1024.png 768w, https:\/\/vivanatureza.com.br\/wp-content\/uploads\/2020\/01\/Sal-Rosa-do-Himalaia-Grosso-200g-225x300.png 225w, https:\/\/vivanatureza.com.br\/wp-content\/uploads\/2020\/01\/Sal-Rosa-do-Himalaia-Grosso-200g.png 1199w\" sizes=\"(max-width: 768px) 100vw, 768px\" \/><\/figure><\/li><li class=\"blocks-gallery-item\"><figure><img loading=\"lazy\" width=\"768\" height=\"1024\" src=\"https:\/\/vivanatureza.com.br\/wp-content\/uploads\/2020\/01\/Sal-Rosa-do-Himalaia-Fino-250g-11-768x1024.png\" alt=\"\" data-id=\"1237\" data-link=\"https:\/\/vivanatureza.com.br\/?attachment_id=1237\" class=\"wp-image-1237\" srcset=\"https:\/\/vivanatureza.com.br\/wp-content\/uploads\/2020\/01\/Sal-Rosa-do-Himalaia-Fino-250g-11-768x1024.png 768w, https:\/\/vivanatureza.com.br\/wp-content\/uploads\/2020\/01\/Sal-Rosa-do-Himalaia-Fino-250g-11-225x300.png 225w, https:\/\/vivanatureza.com.br\/wp-content\/uploads\/2020\/01\/Sal-Rosa-do-Himalaia-Fino-250g-11.png 1199w\" sizes=\"(max-width: 768px) 100vw, 768px\" \/><\/figure><\/li><\/ul>\n\n\n<p>O sal rosa do himalaia fino est\u00e1 dispon\u00edvel em embalagens de 250g e 1kg. A vers\u00e3o do sal grosso est\u00e1 dispon\u00edvel em embalagens de 200g.<\/p>\n<p>O sal do Himalaia cont\u00e9m os mesmos 84 minerais e elementos que s\u00e3o encontrados no corpo humano. Alguns destes minerais incluem: o cloreto de s\u00f3dio, sulfato de c\u00e1lcio, pot\u00e1ssio e magn\u00e9sio.<\/p>","protected":false},"excerpt":{"rendered":"<p>O sal rosa do himalaia fino est\u00e1 dispon\u00edvel em embalagens de 250g e 1kg. A vers\u00e3o do sal grosso est\u00e1 dispon\u00edvel em embalagens de 200g. O sal do Himalaia cont\u00e9m os mesmos 84 minerais e elementos que s\u00e3o encontrados no [&hellip;]<\/p>\n","protected":false},"author":1,"featured_media":0,"parent":0,"menu_order":0,"comment_status":"closed","ping_status":"closed","template":"","meta":[],"yoast_head":"<!-- This site is optimized with the Yoast SEO plugin v19.6.1 - https:\/\/yoast.com\/wordpress\/plugins\/seo\/ -->\n<title>Sal Rosa do Himalaia - Viva Natureza Alimentos Naturais<\/title>\n<meta name=\"robots\" content=\"index, follow, max-snippet:-1, max-image-preview:large, max-video-preview:-1\" \/>\n<link rel=\"canonical\" href=\"https:\/\/vivanatureza.com.br\/?page_id=508\" \/>\n<meta property=\"og:locale\" content=\"pt_BR\" \/>\n<meta property=\"og:type\" content=\"article\" \/>\n<meta property=\"og:title\" content=\"Sal Rosa do Himalaia - Viva Natureza Alimentos Naturais\" \/>\n<meta property=\"og:description\" content=\"O sal rosa do himalaia fino est\u00e1 dispon\u00edvel em embalagens de 250g e 1kg. A vers\u00e3o do sal grosso est\u00e1 dispon\u00edvel em embalagens de 200g. O sal do Himalaia cont\u00e9m os mesmos 84 minerais e elementos que s\u00e3o encontrados no [&hellip;]\" \/>\n<meta property=\"og:url\" content=\"https:\/\/vivanatureza.com.br\/?page_id=508\" \/>\n<meta property=\"og:site_name\" content=\"Viva Natureza Alimentos Naturais\" \/>\n<meta property=\"article:modified_time\" content=\"2020-01-21T21:02:06+00:00\" \/>\n<meta property=\"og:image\" content=\"http:\/\/vivanatureza.com.br\/wp-content\/uploads\/2020\/01\/Sal-Rosa-do-Himalaia-Grosso-200g-768x1024.png\" \/>\n<meta name=\"twitter:card\" content=\"summary_large_image\" \/>\n<script type=\"application\/ld+json\" class=\"yoast-schema-graph\">{\"@context\":\"https:\/\/schema.org\",\"@graph\":[{\"@type\":\"WebPage\",\"@id\":\"https:\/\/vivanatureza.com.br\/?page_id=508\",\"url\":\"https:\/\/vivanatureza.com.br\/?page_id=508\",\"name\":\"Sal Rosa do Himalaia - Viva Natureza Alimentos Naturais\",\"isPartOf\":{\"@id\":\"https:\/\/vivanatureza.com.br\/#website\"},\"datePublished\":\"2017-09-06T01:55:59+00:00\",\"dateModified\":\"2020-01-21T21:02:06+00:00\",\"breadcrumb\":{\"@id\":\"https:\/\/vivanatureza.com.br\/?page_id=508#breadcrumb\"},\"inLanguage\":\"pt-BR\",\"potentialAction\":[{\"@type\":\"ReadAction\",\"target\":[\"https:\/\/vivanatureza.com.br\/?page_id=508\"]}]},{\"@type\":\"BreadcrumbList\",\"@id\":\"https:\/\/vivanatureza.com.br\/?page_id=508#breadcrumb\",\"itemListElement\":[{\"@type\":\"ListItem\",\"position\":1,\"name\":\"In\u00edcio\",\"item\":\"https:\/\/vivanatureza.com.br\/\"},{\"@type\":\"ListItem\",\"position\":2,\"name\":\"Sal Rosa do Himalaia\"}]},{\"@type\":\"WebSite\",\"@id\":\"https:\/\/vivanatureza.com.br\/#website\",\"url\":\"https:\/\/vivanatureza.com.br\/\",\"name\":\"Viva Natureza Alimentos Naturais\",\"description\":\"Natureza e sa\u00fade em sua vida!\",\"publisher\":{\"@id\":\"https:\/\/vivanatureza.com.br\/#organization\"},\"potentialAction\":[{\"@type\":\"SearchAction\",\"target\":{\"@type\":\"EntryPoint\",\"urlTemplate\":\"https:\/\/vivanatureza.com.br\/?s={search_term_string}\"},\"query-input\":\"required name=search_term_string\"}],\"inLanguage\":\"pt-BR\"},{\"@type\":\"Organization\",\"@id\":\"https:\/\/vivanatureza.com.br\/#organization\",\"name\":\"Viva Natureza Alimentos Naturais\",\"url\":\"https:\/\/vivanatureza.com.br\/\",\"sameAs\":[],\"logo\":{\"@type\":\"ImageObject\",\"inLanguage\":\"pt-BR\",\"@id\":\"https:\/\/vivanatureza.com.br\/#\/schema\/logo\/image\/\",\"url\":\"https:\/\/vivanatureza.com.br\/wp-content\/uploads\/2017\/08\/logo_cab4.png\",\"contentUrl\":\"https:\/\/vivanatureza.com.br\/wp-content\/uploads\/2017\/08\/logo_cab4.png\",\"width\":150,\"height\":60,\"caption\":\"Viva Natureza Alimentos Naturais\"},\"image\":{\"@id\":\"https:\/\/vivanatureza.com.br\/#\/schema\/logo\/image\/\"}}]}<\/script>\n<!-- \/ Yoast SEO plugin. -->","yoast_head_json":{"title":"Sal Rosa do Himalaia - Viva Natureza Alimentos Naturais","robots":{"index":"index","follow":"follow","max-snippet":"max-snippet:-1","max-image-preview":"max-image-preview:large","max-video-preview":"max-video-preview:-1"},"canonical":"https:\/\/vivanatureza.com.br\/?page_id=508","og_locale":"pt_BR","og_type":"article","og_title":"Sal Rosa do Himalaia - Viva Natureza Alimentos Naturais","og_description":"O sal rosa do himalaia fino est\u00e1 dispon\u00edvel em embalagens de 250g e 1kg. A vers\u00e3o do sal grosso est\u00e1 dispon\u00edvel em embalagens de 200g. O sal do Himalaia cont\u00e9m os mesmos 84 minerais e elementos que s\u00e3o encontrados no [&hellip;]","og_url":"https:\/\/vivanatureza.com.br\/?page_id=508","og_site_name":"Viva Natureza Alimentos Naturais","article_modified_time":"2020-01-21T21:02:06+00:00","og_image":[{"url":"http:\/\/vivanatureza.com.br\/wp-content\/uploads\/2020\/01\/Sal-Rosa-do-Himalaia-Grosso-200g-768x1024.png"}],"twitter_card":"summary_large_image","schema":{"@context":"https:\/\/schema.org","@graph":[{"@type":"WebPage","@id":"https:\/\/vivanatureza.com.br\/?page_id=508","url":"https:\/\/vivanatureza.com.br\/?page_id=508","name":"Sal Rosa do Himalaia - Viva Natureza Alimentos Naturais","isPartOf":{"@id":"https:\/\/vivanatureza.com.br\/#website"},"datePublished":"2017-09-06T01:55:59+00:00","dateModified":"2020-01-21T21:02:06+00:00","breadcrumb":{"@id":"https:\/\/vivanatureza.com.br\/?page_id=508#breadcrumb"},"inLanguage":"pt-BR","potentialAction":[{"@type":"ReadAction","target":["https:\/\/vivanatureza.com.br\/?page_id=508"]}]},{"@type":"BreadcrumbList","@id":"https:\/\/vivanatureza.com.br\/?page_id=508#breadcrumb","itemListElement":[{"@type":"ListItem","position":1,"name":"In\u00edcio","item":"https:\/\/vivanatureza.com.br\/"},{"@type":"ListItem","position":2,"name":"Sal Rosa do Himalaia"}]},{"@type":"WebSite","@id":"https:\/\/vivanatureza.com.br\/#website","url":"https:\/\/vivanatureza.com.br\/","name":"Viva Natureza Alimentos Naturais","description":"Natureza e sa\u00fade em sua vida!","publisher":{"@id":"https:\/\/vivanatureza.com.br\/#organization"},"potentialAction":[{"@type":"SearchAction","target":{"@type":"EntryPoint","urlTemplate":"https:\/\/vivanatureza.com.br\/?s={search_term_string}"},"query-input":"required name=search_term_string"}],"inLanguage":"pt-BR"},{"@type":"Organization","@id":"https:\/\/vivanatureza.com.br\/#organization","name":"Viva Natureza Alimentos Naturais","url":"https:\/\/vivanatureza.com.br\/","sameAs":[],"logo":{"@type":"ImageObject","inLanguage":"pt-BR","@id":"https:\/\/vivanatureza.com.br\/#\/schema\/logo\/image\/","url":"https:\/\/vivanatureza.com.br\/wp-content\/uploads\/2017\/08\/logo_cab4.png","contentUrl":"https:\/\/vivanatureza.com.br\/wp-content\/uploads\/2017\/08\/logo_cab4.png","width":150,"height":60,"caption":"Viva Natureza Alimentos Naturais"},"image":{"@id":"https:\/\/vivanatureza.com.br\/#\/schema\/logo\/image\/"}}]}},"_links":{"self":[{"href":"https:\/\/vivanatureza.com.br\/index.php?rest_route=\/wp\/v2\/pages\/508"}],"collection":[{"href":"https:\/\/vivanatureza.com.br\/index.php?rest_route=\/wp\/v2\/pages"}],"about":[{"href":"https:\/\/vivanatureza.com.br\/index.php?rest_route=\/wp\/v2\/types\/page"}],"author":[{"embeddable":true,"href":"https:\/\/vivanatureza.com.br\/index.php?rest_route=\/wp\/v2\/users\/1"}],"replies":[{"embeddable":true,"href":"https:\/\/vivanatureza.com.br\/index.php?rest_route=%2Fwp%2Fv2%2Fcomments&post=508"}],"version-history":[{"count":2,"href":"https:\/\/vivanatureza.com.br\/index.php?rest_route=\/wp\/v2\/pages\/508\/revisions"}],"predecessor-version":[{"id":1239,"href":"https:\/\/vivanatureza.com.br\/index.php?rest_route=\/wp\/v2\/pages\/508\/revisions\/1239"}],"wp:attachment":[{"href":"https:\/\/vivanatureza.com.br\/index.php?rest_route=%2Fwp%2Fv2%2Fmedia&parent=508"}],"curies":[{"name":"wp","href":"https:\/\/api.w.org\/{rel}","templated":true}]}}