{"id":501,"date":"2017-09-06T01:47:09","date_gmt":"2017-09-06T01:47:09","guid":{"rendered":"http:\/\/vivanatureza.com.br\/?page_id=501"},"modified":"2020-03-27T00:19:13","modified_gmt":"2020-03-27T00:19:13","slug":"qualivita-light-ou-c-acucar-mascavo","status":"publish","type":"page","link":"https:\/\/vivanatureza.com.br\/?page_id=501","title":{"rendered":"Qualivita Light ou c\/ A\u00e7\u00facar Mascavo"},"content":{"rendered":"\n<div class=\"wp-block-image\"><figure class=\"aligncenter is-resized\"><img loading=\"lazy\" src=\"https:\/\/vivanatureza.com.br\/wp-content\/uploads\/2020\/02\/Qualivita-Light-500g-copy-733x1024.png\" alt=\"\" class=\"wp-image-1292\" width=\"340\" height=\"475\" srcset=\"https:\/\/vivanatureza.com.br\/wp-content\/uploads\/2020\/02\/Qualivita-Light-500g-copy-733x1024.png 733w, https:\/\/vivanatureza.com.br\/wp-content\/uploads\/2020\/02\/Qualivita-Light-500g-copy-215x300.png 215w, https:\/\/vivanatureza.com.br\/wp-content\/uploads\/2020\/02\/Qualivita-Light-500g-copy-768x1073.png 768w, https:\/\/vivanatureza.com.br\/wp-content\/uploads\/2020\/02\/Qualivita-Light-500g-copy.png 875w\" sizes=\"(max-width: 340px) 100vw, 340px\" \/><\/figure><\/div>\n\n\n<p>Dispon\u00edvel em embalagens de 500g.<\/p>\n<p>\u00c9 um shake nutritivo que auxilia significativamente na perda de peso e na desintoxica\u00e7\u00e3o do organismo. Composto de linha\u00e7a dourada, quinoa real, col\u00e1geno hidrolisado, fibra de trigo, farelo de aveia, farinha de soja, g\u00e9rmen de trigo, cacau em p\u00f3, fub\u00e1 de milho branco e leite de soja. Sua fun\u00e7\u00e3o \u00e9 regular o intestino e fornecer nutrientes b\u00e1sicos necess\u00e1rios para o bom desempenho das fun\u00e7\u00f5es do organismo e da pele.<\/p>","protected":false},"excerpt":{"rendered":"<p>Dispon\u00edvel em embalagens de 500g. \u00c9 um shake nutritivo que auxilia significativamente na perda de peso e na desintoxica\u00e7\u00e3o do organismo. Composto de linha\u00e7a dourada, quinoa real, col\u00e1geno hidrolisado, fibra de trigo, farelo de aveia, farinha de soja, g\u00e9rmen de [&hellip;]<\/p>\n","protected":false},"author":1,"featured_media":0,"parent":0,"menu_order":0,"comment_status":"closed","ping_status":"closed","template":"","meta":[],"yoast_head":"<!-- This site is optimized with the Yoast SEO plugin v19.6.1 - https:\/\/yoast.com\/wordpress\/plugins\/seo\/ -->\n<title>Qualivita Light ou c\/ A\u00e7\u00facar Mascavo - Viva Natureza Alimentos Naturais<\/title>\n<meta name=\"robots\" content=\"index, follow, max-snippet:-1, max-image-preview:large, max-video-preview:-1\" \/>\n<link rel=\"canonical\" href=\"https:\/\/vivanatureza.com.br\/?page_id=501\" \/>\n<meta property=\"og:locale\" content=\"pt_BR\" \/>\n<meta property=\"og:type\" content=\"article\" \/>\n<meta property=\"og:title\" content=\"Qualivita Light ou c\/ A\u00e7\u00facar Mascavo - Viva Natureza Alimentos Naturais\" \/>\n<meta property=\"og:description\" content=\"Dispon\u00edvel em embalagens de 500g. \u00c9 um shake nutritivo que auxilia significativamente na perda de peso e na desintoxica\u00e7\u00e3o do organismo. Composto de linha\u00e7a dourada, quinoa real, col\u00e1geno hidrolisado, fibra de trigo, farelo de aveia, farinha de soja, g\u00e9rmen de [&hellip;]\" \/>\n<meta property=\"og:url\" content=\"https:\/\/vivanatureza.com.br\/?page_id=501\" \/>\n<meta property=\"og:site_name\" content=\"Viva Natureza Alimentos Naturais\" \/>\n<meta property=\"article:modified_time\" content=\"2020-03-27T00:19:13+00:00\" \/>\n<meta property=\"og:image\" content=\"http:\/\/vivanatureza.com.br\/wp-content\/uploads\/2020\/02\/Qualivita-Light-500g-copy-733x1024.png\" \/>\n<meta name=\"twitter:card\" content=\"summary_large_image\" \/>\n<script type=\"application\/ld+json\" class=\"yoast-schema-graph\">{\"@context\":\"https:\/\/schema.org\",\"@graph\":[{\"@type\":\"WebPage\",\"@id\":\"https:\/\/vivanatureza.com.br\/?page_id=501\",\"url\":\"https:\/\/vivanatureza.com.br\/?page_id=501\",\"name\":\"Qualivita Light ou c\/ A\u00e7\u00facar Mascavo - Viva Natureza Alimentos Naturais\",\"isPartOf\":{\"@id\":\"https:\/\/vivanatureza.com.br\/#website\"},\"datePublished\":\"2017-09-06T01:47:09+00:00\",\"dateModified\":\"2020-03-27T00:19:13+00:00\",\"breadcrumb\":{\"@id\":\"https:\/\/vivanatureza.com.br\/?page_id=501#breadcrumb\"},\"inLanguage\":\"pt-BR\",\"potentialAction\":[{\"@type\":\"ReadAction\",\"target\":[\"https:\/\/vivanatureza.com.br\/?page_id=501\"]}]},{\"@type\":\"BreadcrumbList\",\"@id\":\"https:\/\/vivanatureza.com.br\/?page_id=501#breadcrumb\",\"itemListElement\":[{\"@type\":\"ListItem\",\"position\":1,\"name\":\"In\u00edcio\",\"item\":\"https:\/\/vivanatureza.com.br\/\"},{\"@type\":\"ListItem\",\"position\":2,\"name\":\"Qualivita Light ou c\/ A\u00e7\u00facar Mascavo\"}]},{\"@type\":\"WebSite\",\"@id\":\"https:\/\/vivanatureza.com.br\/#website\",\"url\":\"https:\/\/vivanatureza.com.br\/\",\"name\":\"Viva Natureza Alimentos Naturais\",\"description\":\"Natureza e sa\u00fade em sua vida!\",\"publisher\":{\"@id\":\"https:\/\/vivanatureza.com.br\/#organization\"},\"potentialAction\":[{\"@type\":\"SearchAction\",\"target\":{\"@type\":\"EntryPoint\",\"urlTemplate\":\"https:\/\/vivanatureza.com.br\/?s={search_term_string}\"},\"query-input\":\"required name=search_term_string\"}],\"inLanguage\":\"pt-BR\"},{\"@type\":\"Organization\",\"@id\":\"https:\/\/vivanatureza.com.br\/#organization\",\"name\":\"Viva Natureza Alimentos Naturais\",\"url\":\"https:\/\/vivanatureza.com.br\/\",\"sameAs\":[],\"logo\":{\"@type\":\"ImageObject\",\"inLanguage\":\"pt-BR\",\"@id\":\"https:\/\/vivanatureza.com.br\/#\/schema\/logo\/image\/\",\"url\":\"https:\/\/vivanatureza.com.br\/wp-content\/uploads\/2017\/08\/logo_cab4.png\",\"contentUrl\":\"https:\/\/vivanatureza.com.br\/wp-content\/uploads\/2017\/08\/logo_cab4.png\",\"width\":150,\"height\":60,\"caption\":\"Viva Natureza Alimentos Naturais\"},\"image\":{\"@id\":\"https:\/\/vivanatureza.com.br\/#\/schema\/logo\/image\/\"}}]}<\/script>\n<!-- \/ Yoast SEO plugin. -->","yoast_head_json":{"title":"Qualivita Light ou c\/ A\u00e7\u00facar Mascavo - Viva Natureza Alimentos Naturais","robots":{"index":"index","follow":"follow","max-snippet":"max-snippet:-1","max-image-preview":"max-image-preview:large","max-video-preview":"max-video-preview:-1"},"canonical":"https:\/\/vivanatureza.com.br\/?page_id=501","og_locale":"pt_BR","og_type":"article","og_title":"Qualivita Light ou c\/ A\u00e7\u00facar Mascavo - Viva Natureza Alimentos Naturais","og_description":"Dispon\u00edvel em embalagens de 500g. \u00c9 um shake nutritivo que auxilia significativamente na perda de peso e na desintoxica\u00e7\u00e3o do organismo. Composto de linha\u00e7a dourada, quinoa real, col\u00e1geno hidrolisado, fibra de trigo, farelo de aveia, farinha de soja, g\u00e9rmen de [&hellip;]","og_url":"https:\/\/vivanatureza.com.br\/?page_id=501","og_site_name":"Viva Natureza Alimentos Naturais","article_modified_time":"2020-03-27T00:19:13+00:00","og_image":[{"url":"http:\/\/vivanatureza.com.br\/wp-content\/uploads\/2020\/02\/Qualivita-Light-500g-copy-733x1024.png"}],"twitter_card":"summary_large_image","schema":{"@context":"https:\/\/schema.org","@graph":[{"@type":"WebPage","@id":"https:\/\/vivanatureza.com.br\/?page_id=501","url":"https:\/\/vivanatureza.com.br\/?page_id=501","name":"Qualivita Light ou c\/ A\u00e7\u00facar Mascavo - Viva Natureza Alimentos Naturais","isPartOf":{"@id":"https:\/\/vivanatureza.com.br\/#website"},"datePublished":"2017-09-06T01:47:09+00:00","dateModified":"2020-03-27T00:19:13+00:00","breadcrumb":{"@id":"https:\/\/vivanatureza.com.br\/?page_id=501#breadcrumb"},"inLanguage":"pt-BR","potentialAction":[{"@type":"ReadAction","target":["https:\/\/vivanatureza.com.br\/?page_id=501"]}]},{"@type":"BreadcrumbList","@id":"https:\/\/vivanatureza.com.br\/?page_id=501#breadcrumb","itemListElement":[{"@type":"ListItem","position":1,"name":"In\u00edcio","item":"https:\/\/vivanatureza.com.br\/"},{"@type":"ListItem","position":2,"name":"Qualivita Light ou c\/ A\u00e7\u00facar Mascavo"}]},{"@type":"WebSite","@id":"https:\/\/vivanatureza.com.br\/#website","url":"https:\/\/vivanatureza.com.br\/","name":"Viva Natureza Alimentos Naturais","description":"Natureza e sa\u00fade em sua vida!","publisher":{"@id":"https:\/\/vivanatureza.com.br\/#organization"},"potentialAction":[{"@type":"SearchAction","target":{"@type":"EntryPoint","urlTemplate":"https:\/\/vivanatureza.com.br\/?s={search_term_string}"},"query-input":"required name=search_term_string"}],"inLanguage":"pt-BR"},{"@type":"Organization","@id":"https:\/\/vivanatureza.com.br\/#organization","name":"Viva Natureza Alimentos Naturais","url":"https:\/\/vivanatureza.com.br\/","sameAs":[],"logo":{"@type":"ImageObject","inLanguage":"pt-BR","@id":"https:\/\/vivanatureza.com.br\/#\/schema\/logo\/image\/","url":"https:\/\/vivanatureza.com.br\/wp-content\/uploads\/2017\/08\/logo_cab4.png","contentUrl":"https:\/\/vivanatureza.com.br\/wp-content\/uploads\/2017\/08\/logo_cab4.png","width":150,"height":60,"caption":"Viva Natureza Alimentos Naturais"},"image":{"@id":"https:\/\/vivanatureza.com.br\/#\/schema\/logo\/image\/"}}]}},"_links":{"self":[{"href":"https:\/\/vivanatureza.com.br\/index.php?rest_route=\/wp\/v2\/pages\/501"}],"collection":[{"href":"https:\/\/vivanatureza.com.br\/index.php?rest_route=\/wp\/v2\/pages"}],"about":[{"href":"https:\/\/vivanatureza.com.br\/index.php?rest_route=\/wp\/v2\/types\/page"}],"author":[{"embeddable":true,"href":"https:\/\/vivanatureza.com.br\/index.php?rest_route=\/wp\/v2\/users\/1"}],"replies":[{"embeddable":true,"href":"https:\/\/vivanatureza.com.br\/index.php?rest_route=%2Fwp%2Fv2%2Fcomments&post=501"}],"version-history":[{"count":3,"href":"https:\/\/vivanatureza.com.br\/index.php?rest_route=\/wp\/v2\/pages\/501\/revisions"}],"predecessor-version":[{"id":1375,"href":"https:\/\/vivanatureza.com.br\/index.php?rest_route=\/wp\/v2\/pages\/501\/revisions\/1375"}],"wp:attachment":[{"href":"https:\/\/vivanatureza.com.br\/index.php?rest_route=%2Fwp%2Fv2%2Fmedia&parent=501"}],"curies":[{"name":"wp","href":"https:\/\/api.w.org\/{rel}","templated":true}]}}