{"id":495,"date":"2017-09-06T01:43:03","date_gmt":"2017-09-06T01:43:03","guid":{"rendered":"http:\/\/vivanatureza.com.br\/?page_id=495"},"modified":"2017-09-06T01:43:03","modified_gmt":"2017-09-06T01:43:03","slug":"pacoca-de-gergelim","status":"publish","type":"page","link":"https:\/\/vivanatureza.com.br\/?page_id=495","title":{"rendered":"Pa\u00e7oca de Gergelim"},"content":{"rendered":"<p><a href=\"https:\/\/vivanatureza.com.br\/wp-content\/uploads\/2017\/09\/PA\u00c7OCA_GERGELIM-Small.jpg\"><img loading=\"lazy\" class=\"alignnone size-medium wp-image-496\" src=\"https:\/\/vivanatureza.com.br\/wp-content\/uploads\/2017\/09\/PA\u00c7OCA_GERGELIM-Small-193x300.jpg\" alt=\"\" width=\"193\" height=\"300\" srcset=\"https:\/\/vivanatureza.com.br\/wp-content\/uploads\/2017\/09\/PA\u00c7OCA_GERGELIM-Small-193x300.jpg 193w, https:\/\/vivanatureza.com.br\/wp-content\/uploads\/2017\/09\/PA\u00c7OCA_GERGELIM-Small.jpg 480w\" sizes=\"(max-width: 193px) 100vw, 193px\" \/><\/a><\/p>\n<p>200g<\/p>\n<p>Semelhante \u00e0s propriedades do gergelim acrescidas \u00e0quelas do a\u00e7\u00facar mascavo.<\/p>\n","protected":false},"excerpt":{"rendered":"<p>200g Semelhante \u00e0s propriedades do gergelim acrescidas \u00e0quelas do a\u00e7\u00facar mascavo.<\/p>\n","protected":false},"author":1,"featured_media":0,"parent":0,"menu_order":0,"comment_status":"closed","ping_status":"closed","template":"","meta":[],"yoast_head":"<!-- This site is optimized with the Yoast SEO plugin v19.6.1 - https:\/\/yoast.com\/wordpress\/plugins\/seo\/ -->\n<title>Pa\u00e7oca de Gergelim - Viva Natureza Alimentos Naturais<\/title>\n<meta name=\"robots\" content=\"index, follow, max-snippet:-1, max-image-preview:large, max-video-preview:-1\" \/>\n<link rel=\"canonical\" href=\"https:\/\/vivanatureza.com.br\/?page_id=495\" \/>\n<meta property=\"og:locale\" content=\"pt_BR\" \/>\n<meta property=\"og:type\" content=\"article\" \/>\n<meta property=\"og:title\" content=\"Pa\u00e7oca de Gergelim - Viva Natureza Alimentos Naturais\" \/>\n<meta property=\"og:description\" content=\"200g Semelhante \u00e0s propriedades do gergelim acrescidas \u00e0quelas do a\u00e7\u00facar mascavo.\" \/>\n<meta property=\"og:url\" content=\"https:\/\/vivanatureza.com.br\/?page_id=495\" \/>\n<meta property=\"og:site_name\" content=\"Viva Natureza Alimentos Naturais\" \/>\n<meta name=\"twitter:card\" content=\"summary_large_image\" \/>\n<script type=\"application\/ld+json\" class=\"yoast-schema-graph\">{\"@context\":\"https:\/\/schema.org\",\"@graph\":[{\"@type\":\"WebPage\",\"@id\":\"https:\/\/vivanatureza.com.br\/?page_id=495\",\"url\":\"https:\/\/vivanatureza.com.br\/?page_id=495\",\"name\":\"Pa\u00e7oca de Gergelim - Viva Natureza Alimentos Naturais\",\"isPartOf\":{\"@id\":\"https:\/\/vivanatureza.com.br\/#website\"},\"datePublished\":\"2017-09-06T01:43:03+00:00\",\"dateModified\":\"2017-09-06T01:43:03+00:00\",\"breadcrumb\":{\"@id\":\"https:\/\/vivanatureza.com.br\/?page_id=495#breadcrumb\"},\"inLanguage\":\"pt-BR\",\"potentialAction\":[{\"@type\":\"ReadAction\",\"target\":[\"https:\/\/vivanatureza.com.br\/?page_id=495\"]}]},{\"@type\":\"BreadcrumbList\",\"@id\":\"https:\/\/vivanatureza.com.br\/?page_id=495#breadcrumb\",\"itemListElement\":[{\"@type\":\"ListItem\",\"position\":1,\"name\":\"In\u00edcio\",\"item\":\"https:\/\/vivanatureza.com.br\/\"},{\"@type\":\"ListItem\",\"position\":2,\"name\":\"Pa\u00e7oca de Gergelim\"}]},{\"@type\":\"WebSite\",\"@id\":\"https:\/\/vivanatureza.com.br\/#website\",\"url\":\"https:\/\/vivanatureza.com.br\/\",\"name\":\"Viva Natureza Alimentos Naturais\",\"description\":\"Natureza e sa\u00fade em sua vida!\",\"publisher\":{\"@id\":\"https:\/\/vivanatureza.com.br\/#organization\"},\"potentialAction\":[{\"@type\":\"SearchAction\",\"target\":{\"@type\":\"EntryPoint\",\"urlTemplate\":\"https:\/\/vivanatureza.com.br\/?s={search_term_string}\"},\"query-input\":\"required name=search_term_string\"}],\"inLanguage\":\"pt-BR\"},{\"@type\":\"Organization\",\"@id\":\"https:\/\/vivanatureza.com.br\/#organization\",\"name\":\"Viva Natureza Alimentos Naturais\",\"url\":\"https:\/\/vivanatureza.com.br\/\",\"sameAs\":[],\"logo\":{\"@type\":\"ImageObject\",\"inLanguage\":\"pt-BR\",\"@id\":\"https:\/\/vivanatureza.com.br\/#\/schema\/logo\/image\/\",\"url\":\"https:\/\/vivanatureza.com.br\/wp-content\/uploads\/2017\/08\/logo_cab4.png\",\"contentUrl\":\"https:\/\/vivanatureza.com.br\/wp-content\/uploads\/2017\/08\/logo_cab4.png\",\"width\":150,\"height\":60,\"caption\":\"Viva Natureza Alimentos Naturais\"},\"image\":{\"@id\":\"https:\/\/vivanatureza.com.br\/#\/schema\/logo\/image\/\"}}]}<\/script>\n<!-- \/ Yoast SEO plugin. -->","yoast_head_json":{"title":"Pa\u00e7oca de Gergelim - Viva Natureza Alimentos Naturais","robots":{"index":"index","follow":"follow","max-snippet":"max-snippet:-1","max-image-preview":"max-image-preview:large","max-video-preview":"max-video-preview:-1"},"canonical":"https:\/\/vivanatureza.com.br\/?page_id=495","og_locale":"pt_BR","og_type":"article","og_title":"Pa\u00e7oca de Gergelim - Viva Natureza Alimentos Naturais","og_description":"200g Semelhante \u00e0s propriedades do gergelim acrescidas \u00e0quelas do a\u00e7\u00facar mascavo.","og_url":"https:\/\/vivanatureza.com.br\/?page_id=495","og_site_name":"Viva Natureza Alimentos Naturais","twitter_card":"summary_large_image","schema":{"@context":"https:\/\/schema.org","@graph":[{"@type":"WebPage","@id":"https:\/\/vivanatureza.com.br\/?page_id=495","url":"https:\/\/vivanatureza.com.br\/?page_id=495","name":"Pa\u00e7oca de Gergelim - Viva Natureza Alimentos Naturais","isPartOf":{"@id":"https:\/\/vivanatureza.com.br\/#website"},"datePublished":"2017-09-06T01:43:03+00:00","dateModified":"2017-09-06T01:43:03+00:00","breadcrumb":{"@id":"https:\/\/vivanatureza.com.br\/?page_id=495#breadcrumb"},"inLanguage":"pt-BR","potentialAction":[{"@type":"ReadAction","target":["https:\/\/vivanatureza.com.br\/?page_id=495"]}]},{"@type":"BreadcrumbList","@id":"https:\/\/vivanatureza.com.br\/?page_id=495#breadcrumb","itemListElement":[{"@type":"ListItem","position":1,"name":"In\u00edcio","item":"https:\/\/vivanatureza.com.br\/"},{"@type":"ListItem","position":2,"name":"Pa\u00e7oca de Gergelim"}]},{"@type":"WebSite","@id":"https:\/\/vivanatureza.com.br\/#website","url":"https:\/\/vivanatureza.com.br\/","name":"Viva Natureza Alimentos Naturais","description":"Natureza e sa\u00fade em sua vida!","publisher":{"@id":"https:\/\/vivanatureza.com.br\/#organization"},"potentialAction":[{"@type":"SearchAction","target":{"@type":"EntryPoint","urlTemplate":"https:\/\/vivanatureza.com.br\/?s={search_term_string}"},"query-input":"required name=search_term_string"}],"inLanguage":"pt-BR"},{"@type":"Organization","@id":"https:\/\/vivanatureza.com.br\/#organization","name":"Viva Natureza Alimentos Naturais","url":"https:\/\/vivanatureza.com.br\/","sameAs":[],"logo":{"@type":"ImageObject","inLanguage":"pt-BR","@id":"https:\/\/vivanatureza.com.br\/#\/schema\/logo\/image\/","url":"https:\/\/vivanatureza.com.br\/wp-content\/uploads\/2017\/08\/logo_cab4.png","contentUrl":"https:\/\/vivanatureza.com.br\/wp-content\/uploads\/2017\/08\/logo_cab4.png","width":150,"height":60,"caption":"Viva Natureza Alimentos Naturais"},"image":{"@id":"https:\/\/vivanatureza.com.br\/#\/schema\/logo\/image\/"}}]}},"_links":{"self":[{"href":"https:\/\/vivanatureza.com.br\/index.php?rest_route=\/wp\/v2\/pages\/495"}],"collection":[{"href":"https:\/\/vivanatureza.com.br\/index.php?rest_route=\/wp\/v2\/pages"}],"about":[{"href":"https:\/\/vivanatureza.com.br\/index.php?rest_route=\/wp\/v2\/types\/page"}],"author":[{"embeddable":true,"href":"https:\/\/vivanatureza.com.br\/index.php?rest_route=\/wp\/v2\/users\/1"}],"replies":[{"embeddable":true,"href":"https:\/\/vivanatureza.com.br\/index.php?rest_route=%2Fwp%2Fv2%2Fcomments&post=495"}],"version-history":[{"count":1,"href":"https:\/\/vivanatureza.com.br\/index.php?rest_route=\/wp\/v2\/pages\/495\/revisions"}],"predecessor-version":[{"id":497,"href":"https:\/\/vivanatureza.com.br\/index.php?rest_route=\/wp\/v2\/pages\/495\/revisions\/497"}],"wp:attachment":[{"href":"https:\/\/vivanatureza.com.br\/index.php?rest_route=%2Fwp%2Fv2%2Fmedia&parent=495"}],"curies":[{"name":"wp","href":"https:\/\/api.w.org\/{rel}","templated":true}]}}