{"id":482,"date":"2017-09-06T01:35:40","date_gmt":"2017-09-06T01:35:40","guid":{"rendered":"http:\/\/vivanatureza.com.br\/?page_id=482"},"modified":"2021-06-16T21:18:07","modified_gmt":"2021-06-17T00:18:07","slug":"levedura-de-cerveja","status":"publish","type":"page","link":"https:\/\/vivanatureza.com.br\/?page_id=482","title":{"rendered":"Levedura de Cerveja em P\u00f3"},"content":{"rendered":"\n<figure class=\"wp-block-image size-large is-resized\"><a href=\"https:\/\/vivanatureza.com.br\/wp-content\/uploads\/2021\/06\/Levedura-de-Cerveja-200g.png\"><img loading=\"lazy\" src=\"https:\/\/vivanatureza.com.br\/wp-content\/uploads\/2021\/06\/Levedura-de-Cerveja-200g.png\" alt=\"\" class=\"wp-image-1448\" width=\"393\" height=\"586\" srcset=\"https:\/\/vivanatureza.com.br\/wp-content\/uploads\/2021\/06\/Levedura-de-Cerveja-200g.png 618w, https:\/\/vivanatureza.com.br\/wp-content\/uploads\/2021\/06\/Levedura-de-Cerveja-200g-201x300.png 201w\" sizes=\"(max-width: 393px) 100vw, 393px\" \/><\/a><\/figure>\n\n\n<p>Dispon\u00edvel em embalagens de 200g.<\/p>\n<p>Cont\u00e9m 40% de prote\u00ednas e vitaminas A, B, C, D e E e sais minerais (vide tabela nutricional).<br \/>Portanto \u00e9 um importante suplemento alimentar, al\u00e9m da sua fun\u00e7\u00e3o depurativa (promove uma purifica\u00e7\u00e3o de todo o organismo atrav\u00e9s da limpeza do sangue).<\/p>","protected":false},"excerpt":{"rendered":"<p>Dispon\u00edvel em embalagens de 200g. Cont\u00e9m 40% de prote\u00ednas e vitaminas A, B, C, D e E e sais minerais (vide tabela nutricional).Portanto \u00e9 um importante suplemento alimentar, al\u00e9m da sua fun\u00e7\u00e3o depurativa (promove uma purifica\u00e7\u00e3o de todo o organismo [&hellip;]<\/p>\n","protected":false},"author":1,"featured_media":0,"parent":0,"menu_order":0,"comment_status":"closed","ping_status":"closed","template":"","meta":[],"yoast_head":"<!-- This site is optimized with the Yoast SEO plugin v19.6.1 - https:\/\/yoast.com\/wordpress\/plugins\/seo\/ -->\n<title>Levedura de Cerveja em P\u00f3 - Viva Natureza Alimentos Naturais<\/title>\n<meta name=\"robots\" content=\"index, follow, max-snippet:-1, max-image-preview:large, max-video-preview:-1\" \/>\n<link rel=\"canonical\" href=\"https:\/\/vivanatureza.com.br\/?page_id=482\" \/>\n<meta property=\"og:locale\" content=\"pt_BR\" \/>\n<meta property=\"og:type\" content=\"article\" \/>\n<meta property=\"og:title\" content=\"Levedura de Cerveja em P\u00f3 - Viva Natureza Alimentos Naturais\" \/>\n<meta property=\"og:description\" content=\"Dispon\u00edvel em embalagens de 200g. Cont\u00e9m 40% de prote\u00ednas e vitaminas A, B, C, D e E e sais minerais (vide tabela nutricional).Portanto \u00e9 um importante suplemento alimentar, al\u00e9m da sua fun\u00e7\u00e3o depurativa (promove uma purifica\u00e7\u00e3o de todo o organismo [&hellip;]\" \/>\n<meta property=\"og:url\" content=\"https:\/\/vivanatureza.com.br\/?page_id=482\" \/>\n<meta property=\"og:site_name\" content=\"Viva Natureza Alimentos Naturais\" \/>\n<meta property=\"article:modified_time\" content=\"2021-06-17T00:18:07+00:00\" \/>\n<meta property=\"og:image\" content=\"https:\/\/vivanatureza.com.br\/wp-content\/uploads\/2021\/06\/Levedura-de-Cerveja-200g.png\" \/>\n<meta name=\"twitter:card\" content=\"summary_large_image\" \/>\n<script type=\"application\/ld+json\" class=\"yoast-schema-graph\">{\"@context\":\"https:\/\/schema.org\",\"@graph\":[{\"@type\":\"WebPage\",\"@id\":\"https:\/\/vivanatureza.com.br\/?page_id=482\",\"url\":\"https:\/\/vivanatureza.com.br\/?page_id=482\",\"name\":\"Levedura de Cerveja em P\u00f3 - Viva Natureza Alimentos Naturais\",\"isPartOf\":{\"@id\":\"https:\/\/vivanatureza.com.br\/#website\"},\"datePublished\":\"2017-09-06T01:35:40+00:00\",\"dateModified\":\"2021-06-17T00:18:07+00:00\",\"breadcrumb\":{\"@id\":\"https:\/\/vivanatureza.com.br\/?page_id=482#breadcrumb\"},\"inLanguage\":\"pt-BR\",\"potentialAction\":[{\"@type\":\"ReadAction\",\"target\":[\"https:\/\/vivanatureza.com.br\/?page_id=482\"]}]},{\"@type\":\"BreadcrumbList\",\"@id\":\"https:\/\/vivanatureza.com.br\/?page_id=482#breadcrumb\",\"itemListElement\":[{\"@type\":\"ListItem\",\"position\":1,\"name\":\"In\u00edcio\",\"item\":\"https:\/\/vivanatureza.com.br\/\"},{\"@type\":\"ListItem\",\"position\":2,\"name\":\"Levedura de Cerveja em P\u00f3\"}]},{\"@type\":\"WebSite\",\"@id\":\"https:\/\/vivanatureza.com.br\/#website\",\"url\":\"https:\/\/vivanatureza.com.br\/\",\"name\":\"Viva Natureza Alimentos Naturais\",\"description\":\"Natureza e sa\u00fade em sua vida!\",\"publisher\":{\"@id\":\"https:\/\/vivanatureza.com.br\/#organization\"},\"potentialAction\":[{\"@type\":\"SearchAction\",\"target\":{\"@type\":\"EntryPoint\",\"urlTemplate\":\"https:\/\/vivanatureza.com.br\/?s={search_term_string}\"},\"query-input\":\"required name=search_term_string\"}],\"inLanguage\":\"pt-BR\"},{\"@type\":\"Organization\",\"@id\":\"https:\/\/vivanatureza.com.br\/#organization\",\"name\":\"Viva Natureza Alimentos Naturais\",\"url\":\"https:\/\/vivanatureza.com.br\/\",\"sameAs\":[],\"logo\":{\"@type\":\"ImageObject\",\"inLanguage\":\"pt-BR\",\"@id\":\"https:\/\/vivanatureza.com.br\/#\/schema\/logo\/image\/\",\"url\":\"https:\/\/vivanatureza.com.br\/wp-content\/uploads\/2017\/08\/logo_cab4.png\",\"contentUrl\":\"https:\/\/vivanatureza.com.br\/wp-content\/uploads\/2017\/08\/logo_cab4.png\",\"width\":150,\"height\":60,\"caption\":\"Viva Natureza Alimentos Naturais\"},\"image\":{\"@id\":\"https:\/\/vivanatureza.com.br\/#\/schema\/logo\/image\/\"}}]}<\/script>\n<!-- \/ Yoast SEO plugin. -->","yoast_head_json":{"title":"Levedura de Cerveja em P\u00f3 - Viva Natureza Alimentos Naturais","robots":{"index":"index","follow":"follow","max-snippet":"max-snippet:-1","max-image-preview":"max-image-preview:large","max-video-preview":"max-video-preview:-1"},"canonical":"https:\/\/vivanatureza.com.br\/?page_id=482","og_locale":"pt_BR","og_type":"article","og_title":"Levedura de Cerveja em P\u00f3 - Viva Natureza Alimentos Naturais","og_description":"Dispon\u00edvel em embalagens de 200g. Cont\u00e9m 40% de prote\u00ednas e vitaminas A, B, C, D e E e sais minerais (vide tabela nutricional).Portanto \u00e9 um importante suplemento alimentar, al\u00e9m da sua fun\u00e7\u00e3o depurativa (promove uma purifica\u00e7\u00e3o de todo o organismo [&hellip;]","og_url":"https:\/\/vivanatureza.com.br\/?page_id=482","og_site_name":"Viva Natureza Alimentos Naturais","article_modified_time":"2021-06-17T00:18:07+00:00","og_image":[{"url":"https:\/\/vivanatureza.com.br\/wp-content\/uploads\/2021\/06\/Levedura-de-Cerveja-200g.png"}],"twitter_card":"summary_large_image","schema":{"@context":"https:\/\/schema.org","@graph":[{"@type":"WebPage","@id":"https:\/\/vivanatureza.com.br\/?page_id=482","url":"https:\/\/vivanatureza.com.br\/?page_id=482","name":"Levedura de Cerveja em P\u00f3 - Viva Natureza Alimentos Naturais","isPartOf":{"@id":"https:\/\/vivanatureza.com.br\/#website"},"datePublished":"2017-09-06T01:35:40+00:00","dateModified":"2021-06-17T00:18:07+00:00","breadcrumb":{"@id":"https:\/\/vivanatureza.com.br\/?page_id=482#breadcrumb"},"inLanguage":"pt-BR","potentialAction":[{"@type":"ReadAction","target":["https:\/\/vivanatureza.com.br\/?page_id=482"]}]},{"@type":"BreadcrumbList","@id":"https:\/\/vivanatureza.com.br\/?page_id=482#breadcrumb","itemListElement":[{"@type":"ListItem","position":1,"name":"In\u00edcio","item":"https:\/\/vivanatureza.com.br\/"},{"@type":"ListItem","position":2,"name":"Levedura de Cerveja em P\u00f3"}]},{"@type":"WebSite","@id":"https:\/\/vivanatureza.com.br\/#website","url":"https:\/\/vivanatureza.com.br\/","name":"Viva Natureza Alimentos Naturais","description":"Natureza e sa\u00fade em sua vida!","publisher":{"@id":"https:\/\/vivanatureza.com.br\/#organization"},"potentialAction":[{"@type":"SearchAction","target":{"@type":"EntryPoint","urlTemplate":"https:\/\/vivanatureza.com.br\/?s={search_term_string}"},"query-input":"required name=search_term_string"}],"inLanguage":"pt-BR"},{"@type":"Organization","@id":"https:\/\/vivanatureza.com.br\/#organization","name":"Viva Natureza Alimentos Naturais","url":"https:\/\/vivanatureza.com.br\/","sameAs":[],"logo":{"@type":"ImageObject","inLanguage":"pt-BR","@id":"https:\/\/vivanatureza.com.br\/#\/schema\/logo\/image\/","url":"https:\/\/vivanatureza.com.br\/wp-content\/uploads\/2017\/08\/logo_cab4.png","contentUrl":"https:\/\/vivanatureza.com.br\/wp-content\/uploads\/2017\/08\/logo_cab4.png","width":150,"height":60,"caption":"Viva Natureza Alimentos Naturais"},"image":{"@id":"https:\/\/vivanatureza.com.br\/#\/schema\/logo\/image\/"}}]}},"_links":{"self":[{"href":"https:\/\/vivanatureza.com.br\/index.php?rest_route=\/wp\/v2\/pages\/482"}],"collection":[{"href":"https:\/\/vivanatureza.com.br\/index.php?rest_route=\/wp\/v2\/pages"}],"about":[{"href":"https:\/\/vivanatureza.com.br\/index.php?rest_route=\/wp\/v2\/types\/page"}],"author":[{"embeddable":true,"href":"https:\/\/vivanatureza.com.br\/index.php?rest_route=\/wp\/v2\/users\/1"}],"replies":[{"embeddable":true,"href":"https:\/\/vivanatureza.com.br\/index.php?rest_route=%2Fwp%2Fv2%2Fcomments&post=482"}],"version-history":[{"count":8,"href":"https:\/\/vivanatureza.com.br\/index.php?rest_route=\/wp\/v2\/pages\/482\/revisions"}],"predecessor-version":[{"id":1452,"href":"https:\/\/vivanatureza.com.br\/index.php?rest_route=\/wp\/v2\/pages\/482\/revisions\/1452"}],"wp:attachment":[{"href":"https:\/\/vivanatureza.com.br\/index.php?rest_route=%2Fwp%2Fv2%2Fmedia&parent=482"}],"curies":[{"name":"wp","href":"https:\/\/api.w.org\/{rel}","templated":true}]}}