{"id":479,"date":"2017-09-06T01:34:19","date_gmt":"2017-09-06T01:34:19","guid":{"rendered":"http:\/\/vivanatureza.com.br\/?page_id=479"},"modified":"2021-06-16T21:18:36","modified_gmt":"2021-06-17T00:18:36","slug":"lecitina-de-soja","status":"publish","type":"page","link":"https:\/\/vivanatureza.com.br\/?page_id=479","title":{"rendered":"Lecitina de Soja em pasta"},"content":{"rendered":"\n<figure class=\"wp-block-image size-large\"><a href=\"https:\/\/vivanatureza.com.br\/wp-content\/uploads\/2021\/06\/Lecitina-de-Soja-Pote-230g.png\"><img loading=\"lazy\" width=\"741\" height=\"968\" src=\"https:\/\/vivanatureza.com.br\/wp-content\/uploads\/2021\/06\/Lecitina-de-Soja-Pote-230g.png\" alt=\"\" class=\"wp-image-1446\" srcset=\"https:\/\/vivanatureza.com.br\/wp-content\/uploads\/2021\/06\/Lecitina-de-Soja-Pote-230g.png 741w, https:\/\/vivanatureza.com.br\/wp-content\/uploads\/2021\/06\/Lecitina-de-Soja-Pote-230g-230x300.png 230w\" sizes=\"(max-width: 741px) 100vw, 741px\" \/><\/a><\/figure>\n\n\n<p>\u00a0<\/p>\n<p>Dispon\u00edvel no pote com 230g (pasta).<\/p>\n<p>Tonico nervoso; fortalece a mem\u00f3ria; previne o mal de Alzheimer, o envelhecimento precoce, a dem\u00eancia senil e cirrose hep\u00e1tica, controla o colesterol sangu\u00edneo (LDL),prevenindo varizes, arteriosclerose, doen\u00e7as card\u00edacas e derrame.<\/p>","protected":false},"excerpt":{"rendered":"<p>\u00a0 Dispon\u00edvel no pote com 230g (pasta). Tonico nervoso; fortalece a mem\u00f3ria; previne o mal de Alzheimer, o envelhecimento precoce, a dem\u00eancia senil e cirrose hep\u00e1tica, controla o colesterol sangu\u00edneo (LDL),prevenindo varizes, arteriosclerose, doen\u00e7as card\u00edacas e derrame.<\/p>\n","protected":false},"author":1,"featured_media":0,"parent":0,"menu_order":0,"comment_status":"closed","ping_status":"closed","template":"","meta":[],"yoast_head":"<!-- This site is optimized with the Yoast SEO plugin v19.6.1 - https:\/\/yoast.com\/wordpress\/plugins\/seo\/ -->\n<title>Lecitina de Soja em pasta - Viva Natureza Alimentos Naturais<\/title>\n<meta name=\"robots\" content=\"index, follow, max-snippet:-1, max-image-preview:large, max-video-preview:-1\" \/>\n<link rel=\"canonical\" href=\"https:\/\/vivanatureza.com.br\/?page_id=479\" \/>\n<meta property=\"og:locale\" content=\"pt_BR\" \/>\n<meta property=\"og:type\" content=\"article\" \/>\n<meta property=\"og:title\" content=\"Lecitina de Soja em pasta - Viva Natureza Alimentos Naturais\" \/>\n<meta property=\"og:description\" content=\"\u00a0 Dispon\u00edvel no pote com 230g (pasta). Tonico nervoso; fortalece a mem\u00f3ria; previne o mal de Alzheimer, o envelhecimento precoce, a dem\u00eancia senil e cirrose hep\u00e1tica, controla o colesterol sangu\u00edneo (LDL),prevenindo varizes, arteriosclerose, doen\u00e7as card\u00edacas e derrame.\" \/>\n<meta property=\"og:url\" content=\"https:\/\/vivanatureza.com.br\/?page_id=479\" \/>\n<meta property=\"og:site_name\" content=\"Viva Natureza Alimentos Naturais\" \/>\n<meta property=\"article:modified_time\" content=\"2021-06-17T00:18:36+00:00\" \/>\n<meta property=\"og:image\" content=\"https:\/\/vivanatureza.com.br\/wp-content\/uploads\/2021\/06\/Lecitina-de-Soja-Pote-230g.png\" \/>\n<meta name=\"twitter:card\" content=\"summary_large_image\" \/>\n<script type=\"application\/ld+json\" class=\"yoast-schema-graph\">{\"@context\":\"https:\/\/schema.org\",\"@graph\":[{\"@type\":\"WebPage\",\"@id\":\"https:\/\/vivanatureza.com.br\/?page_id=479\",\"url\":\"https:\/\/vivanatureza.com.br\/?page_id=479\",\"name\":\"Lecitina de Soja em pasta - Viva Natureza Alimentos Naturais\",\"isPartOf\":{\"@id\":\"https:\/\/vivanatureza.com.br\/#website\"},\"datePublished\":\"2017-09-06T01:34:19+00:00\",\"dateModified\":\"2021-06-17T00:18:36+00:00\",\"breadcrumb\":{\"@id\":\"https:\/\/vivanatureza.com.br\/?page_id=479#breadcrumb\"},\"inLanguage\":\"pt-BR\",\"potentialAction\":[{\"@type\":\"ReadAction\",\"target\":[\"https:\/\/vivanatureza.com.br\/?page_id=479\"]}]},{\"@type\":\"BreadcrumbList\",\"@id\":\"https:\/\/vivanatureza.com.br\/?page_id=479#breadcrumb\",\"itemListElement\":[{\"@type\":\"ListItem\",\"position\":1,\"name\":\"In\u00edcio\",\"item\":\"https:\/\/vivanatureza.com.br\/\"},{\"@type\":\"ListItem\",\"position\":2,\"name\":\"Lecitina de Soja em pasta\"}]},{\"@type\":\"WebSite\",\"@id\":\"https:\/\/vivanatureza.com.br\/#website\",\"url\":\"https:\/\/vivanatureza.com.br\/\",\"name\":\"Viva Natureza Alimentos Naturais\",\"description\":\"Natureza e sa\u00fade em sua vida!\",\"publisher\":{\"@id\":\"https:\/\/vivanatureza.com.br\/#organization\"},\"potentialAction\":[{\"@type\":\"SearchAction\",\"target\":{\"@type\":\"EntryPoint\",\"urlTemplate\":\"https:\/\/vivanatureza.com.br\/?s={search_term_string}\"},\"query-input\":\"required name=search_term_string\"}],\"inLanguage\":\"pt-BR\"},{\"@type\":\"Organization\",\"@id\":\"https:\/\/vivanatureza.com.br\/#organization\",\"name\":\"Viva Natureza Alimentos Naturais\",\"url\":\"https:\/\/vivanatureza.com.br\/\",\"sameAs\":[],\"logo\":{\"@type\":\"ImageObject\",\"inLanguage\":\"pt-BR\",\"@id\":\"https:\/\/vivanatureza.com.br\/#\/schema\/logo\/image\/\",\"url\":\"https:\/\/vivanatureza.com.br\/wp-content\/uploads\/2017\/08\/logo_cab4.png\",\"contentUrl\":\"https:\/\/vivanatureza.com.br\/wp-content\/uploads\/2017\/08\/logo_cab4.png\",\"width\":150,\"height\":60,\"caption\":\"Viva Natureza Alimentos Naturais\"},\"image\":{\"@id\":\"https:\/\/vivanatureza.com.br\/#\/schema\/logo\/image\/\"}}]}<\/script>\n<!-- \/ Yoast SEO plugin. -->","yoast_head_json":{"title":"Lecitina de Soja em pasta - Viva Natureza Alimentos Naturais","robots":{"index":"index","follow":"follow","max-snippet":"max-snippet:-1","max-image-preview":"max-image-preview:large","max-video-preview":"max-video-preview:-1"},"canonical":"https:\/\/vivanatureza.com.br\/?page_id=479","og_locale":"pt_BR","og_type":"article","og_title":"Lecitina de Soja em pasta - Viva Natureza Alimentos Naturais","og_description":"\u00a0 Dispon\u00edvel no pote com 230g (pasta). Tonico nervoso; fortalece a mem\u00f3ria; previne o mal de Alzheimer, o envelhecimento precoce, a dem\u00eancia senil e cirrose hep\u00e1tica, controla o colesterol sangu\u00edneo (LDL),prevenindo varizes, arteriosclerose, doen\u00e7as card\u00edacas e derrame.","og_url":"https:\/\/vivanatureza.com.br\/?page_id=479","og_site_name":"Viva Natureza Alimentos Naturais","article_modified_time":"2021-06-17T00:18:36+00:00","og_image":[{"url":"https:\/\/vivanatureza.com.br\/wp-content\/uploads\/2021\/06\/Lecitina-de-Soja-Pote-230g.png"}],"twitter_card":"summary_large_image","schema":{"@context":"https:\/\/schema.org","@graph":[{"@type":"WebPage","@id":"https:\/\/vivanatureza.com.br\/?page_id=479","url":"https:\/\/vivanatureza.com.br\/?page_id=479","name":"Lecitina de Soja em pasta - Viva Natureza Alimentos Naturais","isPartOf":{"@id":"https:\/\/vivanatureza.com.br\/#website"},"datePublished":"2017-09-06T01:34:19+00:00","dateModified":"2021-06-17T00:18:36+00:00","breadcrumb":{"@id":"https:\/\/vivanatureza.com.br\/?page_id=479#breadcrumb"},"inLanguage":"pt-BR","potentialAction":[{"@type":"ReadAction","target":["https:\/\/vivanatureza.com.br\/?page_id=479"]}]},{"@type":"BreadcrumbList","@id":"https:\/\/vivanatureza.com.br\/?page_id=479#breadcrumb","itemListElement":[{"@type":"ListItem","position":1,"name":"In\u00edcio","item":"https:\/\/vivanatureza.com.br\/"},{"@type":"ListItem","position":2,"name":"Lecitina de Soja em pasta"}]},{"@type":"WebSite","@id":"https:\/\/vivanatureza.com.br\/#website","url":"https:\/\/vivanatureza.com.br\/","name":"Viva Natureza Alimentos Naturais","description":"Natureza e sa\u00fade em sua vida!","publisher":{"@id":"https:\/\/vivanatureza.com.br\/#organization"},"potentialAction":[{"@type":"SearchAction","target":{"@type":"EntryPoint","urlTemplate":"https:\/\/vivanatureza.com.br\/?s={search_term_string}"},"query-input":"required name=search_term_string"}],"inLanguage":"pt-BR"},{"@type":"Organization","@id":"https:\/\/vivanatureza.com.br\/#organization","name":"Viva Natureza Alimentos Naturais","url":"https:\/\/vivanatureza.com.br\/","sameAs":[],"logo":{"@type":"ImageObject","inLanguage":"pt-BR","@id":"https:\/\/vivanatureza.com.br\/#\/schema\/logo\/image\/","url":"https:\/\/vivanatureza.com.br\/wp-content\/uploads\/2017\/08\/logo_cab4.png","contentUrl":"https:\/\/vivanatureza.com.br\/wp-content\/uploads\/2017\/08\/logo_cab4.png","width":150,"height":60,"caption":"Viva Natureza Alimentos Naturais"},"image":{"@id":"https:\/\/vivanatureza.com.br\/#\/schema\/logo\/image\/"}}]}},"_links":{"self":[{"href":"https:\/\/vivanatureza.com.br\/index.php?rest_route=\/wp\/v2\/pages\/479"}],"collection":[{"href":"https:\/\/vivanatureza.com.br\/index.php?rest_route=\/wp\/v2\/pages"}],"about":[{"href":"https:\/\/vivanatureza.com.br\/index.php?rest_route=\/wp\/v2\/types\/page"}],"author":[{"embeddable":true,"href":"https:\/\/vivanatureza.com.br\/index.php?rest_route=\/wp\/v2\/users\/1"}],"replies":[{"embeddable":true,"href":"https:\/\/vivanatureza.com.br\/index.php?rest_route=%2Fwp%2Fv2%2Fcomments&post=479"}],"version-history":[{"count":3,"href":"https:\/\/vivanatureza.com.br\/index.php?rest_route=\/wp\/v2\/pages\/479\/revisions"}],"predecessor-version":[{"id":1447,"href":"https:\/\/vivanatureza.com.br\/index.php?rest_route=\/wp\/v2\/pages\/479\/revisions\/1447"}],"wp:attachment":[{"href":"https:\/\/vivanatureza.com.br\/index.php?rest_route=%2Fwp%2Fv2%2Fmedia&parent=479"}],"curies":[{"name":"wp","href":"https:\/\/api.w.org\/{rel}","templated":true}]}}