{"id":455,"date":"2017-09-06T01:16:42","date_gmt":"2017-09-06T01:16:42","guid":{"rendered":"http:\/\/vivanatureza.com.br\/?page_id=455"},"modified":"2020-02-12T21:02:04","modified_gmt":"2020-02-12T21:02:04","slug":"extrato-de-soja","status":"publish","type":"page","link":"https:\/\/vivanatureza.com.br\/?page_id=455","title":{"rendered":"Leite de Soja (Extrato de Soja)"},"content":{"rendered":"\n<div class=\"wp-block-image\"><figure class=\"aligncenter is-resized\"><img loading=\"lazy\" src=\"https:\/\/vivanatureza.com.br\/wp-content\/uploads\/2020\/02\/Leite-de-Soja-250g-copy-765x1024.png\" alt=\"\" class=\"wp-image-1288\" width=\"230\" height=\"307\" srcset=\"https:\/\/vivanatureza.com.br\/wp-content\/uploads\/2020\/02\/Leite-de-Soja-250g-copy-765x1024.png 765w, https:\/\/vivanatureza.com.br\/wp-content\/uploads\/2020\/02\/Leite-de-Soja-250g-copy-224x300.png 224w, https:\/\/vivanatureza.com.br\/wp-content\/uploads\/2020\/02\/Leite-de-Soja-250g-copy-768x1029.png 768w, https:\/\/vivanatureza.com.br\/wp-content\/uploads\/2020\/02\/Leite-de-Soja-250g-copy.png 887w\" sizes=\"(max-width: 230px) 100vw, 230px\" \/><\/figure><\/div>\n\n\n<p style=\"text-align: left;\"><a href=\"https:\/\/vivanatureza.com.br\/wp-content\/uploads\/2020\/01\/Extrato-de-Soja-Natural-500g.png\"><img loading=\"lazy\" class=\"wp-image-1114 size-medium alignleft\" src=\"https:\/\/vivanatureza.com.br\/wp-content\/uploads\/2020\/01\/Extrato-de-Soja-Natural-500g-225x300.png\" alt=\"\" width=\"225\" height=\"300\" srcset=\"https:\/\/vivanatureza.com.br\/wp-content\/uploads\/2020\/01\/Extrato-de-Soja-Natural-500g-225x300.png 225w, https:\/\/vivanatureza.com.br\/wp-content\/uploads\/2020\/01\/Extrato-de-Soja-Natural-500g-768x1024.png 768w, https:\/\/vivanatureza.com.br\/wp-content\/uploads\/2020\/01\/Extrato-de-Soja-Natural-500g.png 1199w\" sizes=\"(max-width: 225px) 100vw, 225px\" \/><\/a> <a href=\"https:\/\/vivanatureza.com.br\/wp-content\/uploads\/2017\/09\/EXTRATO_SOJA_NATURAL-Small.jpg\"><img loading=\"lazy\" class=\"size-medium wp-image-460 alignright\" src=\"https:\/\/vivanatureza.com.br\/wp-content\/uploads\/2017\/09\/EXTRATO_SOJA_NATURAL-Small-230x300.jpg\" alt=\"\" width=\"230\" height=\"300\" srcset=\"https:\/\/vivanatureza.com.br\/wp-content\/uploads\/2017\/09\/EXTRATO_SOJA_NATURAL-Small-230x300.jpg 230w, https:\/\/vivanatureza.com.br\/wp-content\/uploads\/2017\/09\/EXTRATO_SOJA_NATURAL-Small.jpg 480w\" sizes=\"(max-width: 230px) 100vw, 230px\" \/><\/a><a href=\"https:\/\/vivanatureza.com.br\/wp-content\/uploads\/2017\/09\/EXTRATO_SOJA_BANANA-Small.jpg\"><img loading=\"lazy\" class=\"size-medium wp-image-457 alignright\" src=\"https:\/\/vivanatureza.com.br\/wp-content\/uploads\/2017\/09\/EXTRATO_SOJA_BANANA-Small-233x300.jpg\" alt=\"\" width=\"233\" height=\"300\" srcset=\"https:\/\/vivanatureza.com.br\/wp-content\/uploads\/2017\/09\/EXTRATO_SOJA_BANANA-Small-233x300.jpg 233w, https:\/\/vivanatureza.com.br\/wp-content\/uploads\/2017\/09\/EXTRATO_SOJA_BANANA-Small.jpg 480w\" sizes=\"(max-width: 233px) 100vw, 233px\" \/><\/a> <a href=\"https:\/\/vivanatureza.com.br\/wp-content\/uploads\/2017\/09\/EXTRATO_SOJA_CHOCOLATE-Small.jpg\"><img loading=\"lazy\" class=\"size-medium wp-image-458 alignnone\" src=\"https:\/\/vivanatureza.com.br\/wp-content\/uploads\/2017\/09\/EXTRATO_SOJA_CHOCOLATE-Small-224x300.jpg\" alt=\"\" width=\"224\" height=\"300\" srcset=\"https:\/\/vivanatureza.com.br\/wp-content\/uploads\/2017\/09\/EXTRATO_SOJA_CHOCOLATE-Small-224x300.jpg 224w, https:\/\/vivanatureza.com.br\/wp-content\/uploads\/2017\/09\/EXTRATO_SOJA_CHOCOLATE-Small.jpg 480w\" sizes=\"(max-width: 224px) 100vw, 224px\" \/><\/a><a href=\"https:\/\/vivanatureza.com.br\/wp-content\/uploads\/2017\/09\/EXTRATO_SOJA_MORANGO-Small.jpg\"><img loading=\"lazy\" class=\"size-medium wp-image-459 alignleft\" src=\"https:\/\/vivanatureza.com.br\/wp-content\/uploads\/2017\/09\/EXTRATO_SOJA_MORANGO-Small-223x300.jpg\" alt=\"\" width=\"223\" height=\"300\" srcset=\"https:\/\/vivanatureza.com.br\/wp-content\/uploads\/2017\/09\/EXTRATO_SOJA_MORANGO-Small-223x300.jpg 223w, https:\/\/vivanatureza.com.br\/wp-content\/uploads\/2017\/09\/EXTRATO_SOJA_MORANGO-Small.jpg 480w\" sizes=\"(max-width: 223px) 100vw, 223px\" \/><\/a><\/p>\n<p>250g e 500 g (natural) ou 250 g (sabores: chocolate, morango e banana)<\/p>\n<p>Cont\u00e9m fito estr\u00f3geno que age no organismo como horm\u00f4nio natural estr\u00f3geno ajudando na redu\u00e7\u00e3o de sintomas associados com a menopausa. N\u00e3o cont\u00e9m lactose nem colesterol, tem baixo teor de gordura e \u00e9 extremamente saud\u00e1vel.<\/p>","protected":false},"excerpt":{"rendered":"<p>250g e 500 g (natural) ou 250 g (sabores: chocolate, morango e banana) Cont\u00e9m fito estr\u00f3geno que age no organismo como horm\u00f4nio natural estr\u00f3geno ajudando na redu\u00e7\u00e3o de sintomas associados com a menopausa. N\u00e3o cont\u00e9m lactose nem colesterol, tem baixo [&hellip;]<\/p>\n","protected":false},"author":1,"featured_media":0,"parent":0,"menu_order":0,"comment_status":"closed","ping_status":"closed","template":"","meta":[],"yoast_head":"<!-- This site is optimized with the Yoast SEO plugin v19.6.1 - https:\/\/yoast.com\/wordpress\/plugins\/seo\/ -->\n<title>Leite de Soja (Extrato de Soja) - Viva Natureza Alimentos Naturais<\/title>\n<meta name=\"robots\" content=\"index, follow, max-snippet:-1, max-image-preview:large, max-video-preview:-1\" \/>\n<link rel=\"canonical\" href=\"https:\/\/vivanatureza.com.br\/?page_id=455\" \/>\n<meta property=\"og:locale\" content=\"pt_BR\" \/>\n<meta property=\"og:type\" content=\"article\" \/>\n<meta property=\"og:title\" content=\"Leite de Soja (Extrato de Soja) - Viva Natureza Alimentos Naturais\" \/>\n<meta property=\"og:description\" content=\"250g e 500 g (natural) ou 250 g (sabores: chocolate, morango e banana) Cont\u00e9m fito estr\u00f3geno que age no organismo como horm\u00f4nio natural estr\u00f3geno ajudando na redu\u00e7\u00e3o de sintomas associados com a menopausa. N\u00e3o cont\u00e9m lactose nem colesterol, tem baixo [&hellip;]\" \/>\n<meta property=\"og:url\" content=\"https:\/\/vivanatureza.com.br\/?page_id=455\" \/>\n<meta property=\"og:site_name\" content=\"Viva Natureza Alimentos Naturais\" \/>\n<meta property=\"article:modified_time\" content=\"2020-02-12T21:02:04+00:00\" \/>\n<meta property=\"og:image\" content=\"http:\/\/vivanatureza.com.br\/wp-content\/uploads\/2020\/02\/Leite-de-Soja-250g-copy-765x1024.png\" \/>\n<meta name=\"twitter:card\" content=\"summary_large_image\" \/>\n<script type=\"application\/ld+json\" class=\"yoast-schema-graph\">{\"@context\":\"https:\/\/schema.org\",\"@graph\":[{\"@type\":\"WebPage\",\"@id\":\"https:\/\/vivanatureza.com.br\/?page_id=455\",\"url\":\"https:\/\/vivanatureza.com.br\/?page_id=455\",\"name\":\"Leite de Soja (Extrato de Soja) - Viva Natureza Alimentos Naturais\",\"isPartOf\":{\"@id\":\"https:\/\/vivanatureza.com.br\/#website\"},\"datePublished\":\"2017-09-06T01:16:42+00:00\",\"dateModified\":\"2020-02-12T21:02:04+00:00\",\"breadcrumb\":{\"@id\":\"https:\/\/vivanatureza.com.br\/?page_id=455#breadcrumb\"},\"inLanguage\":\"pt-BR\",\"potentialAction\":[{\"@type\":\"ReadAction\",\"target\":[\"https:\/\/vivanatureza.com.br\/?page_id=455\"]}]},{\"@type\":\"BreadcrumbList\",\"@id\":\"https:\/\/vivanatureza.com.br\/?page_id=455#breadcrumb\",\"itemListElement\":[{\"@type\":\"ListItem\",\"position\":1,\"name\":\"In\u00edcio\",\"item\":\"https:\/\/vivanatureza.com.br\/\"},{\"@type\":\"ListItem\",\"position\":2,\"name\":\"Leite de Soja (Extrato de Soja)\"}]},{\"@type\":\"WebSite\",\"@id\":\"https:\/\/vivanatureza.com.br\/#website\",\"url\":\"https:\/\/vivanatureza.com.br\/\",\"name\":\"Viva Natureza Alimentos Naturais\",\"description\":\"Natureza e sa\u00fade em sua vida!\",\"publisher\":{\"@id\":\"https:\/\/vivanatureza.com.br\/#organization\"},\"potentialAction\":[{\"@type\":\"SearchAction\",\"target\":{\"@type\":\"EntryPoint\",\"urlTemplate\":\"https:\/\/vivanatureza.com.br\/?s={search_term_string}\"},\"query-input\":\"required name=search_term_string\"}],\"inLanguage\":\"pt-BR\"},{\"@type\":\"Organization\",\"@id\":\"https:\/\/vivanatureza.com.br\/#organization\",\"name\":\"Viva Natureza Alimentos Naturais\",\"url\":\"https:\/\/vivanatureza.com.br\/\",\"sameAs\":[],\"logo\":{\"@type\":\"ImageObject\",\"inLanguage\":\"pt-BR\",\"@id\":\"https:\/\/vivanatureza.com.br\/#\/schema\/logo\/image\/\",\"url\":\"https:\/\/vivanatureza.com.br\/wp-content\/uploads\/2017\/08\/logo_cab4.png\",\"contentUrl\":\"https:\/\/vivanatureza.com.br\/wp-content\/uploads\/2017\/08\/logo_cab4.png\",\"width\":150,\"height\":60,\"caption\":\"Viva Natureza Alimentos Naturais\"},\"image\":{\"@id\":\"https:\/\/vivanatureza.com.br\/#\/schema\/logo\/image\/\"}}]}<\/script>\n<!-- \/ Yoast SEO plugin. -->","yoast_head_json":{"title":"Leite de Soja (Extrato de Soja) - Viva Natureza Alimentos Naturais","robots":{"index":"index","follow":"follow","max-snippet":"max-snippet:-1","max-image-preview":"max-image-preview:large","max-video-preview":"max-video-preview:-1"},"canonical":"https:\/\/vivanatureza.com.br\/?page_id=455","og_locale":"pt_BR","og_type":"article","og_title":"Leite de Soja (Extrato de Soja) - Viva Natureza Alimentos Naturais","og_description":"250g e 500 g (natural) ou 250 g (sabores: chocolate, morango e banana) Cont\u00e9m fito estr\u00f3geno que age no organismo como horm\u00f4nio natural estr\u00f3geno ajudando na redu\u00e7\u00e3o de sintomas associados com a menopausa. N\u00e3o cont\u00e9m lactose nem colesterol, tem baixo [&hellip;]","og_url":"https:\/\/vivanatureza.com.br\/?page_id=455","og_site_name":"Viva Natureza Alimentos Naturais","article_modified_time":"2020-02-12T21:02:04+00:00","og_image":[{"url":"http:\/\/vivanatureza.com.br\/wp-content\/uploads\/2020\/02\/Leite-de-Soja-250g-copy-765x1024.png"}],"twitter_card":"summary_large_image","schema":{"@context":"https:\/\/schema.org","@graph":[{"@type":"WebPage","@id":"https:\/\/vivanatureza.com.br\/?page_id=455","url":"https:\/\/vivanatureza.com.br\/?page_id=455","name":"Leite de Soja (Extrato de Soja) - Viva Natureza Alimentos Naturais","isPartOf":{"@id":"https:\/\/vivanatureza.com.br\/#website"},"datePublished":"2017-09-06T01:16:42+00:00","dateModified":"2020-02-12T21:02:04+00:00","breadcrumb":{"@id":"https:\/\/vivanatureza.com.br\/?page_id=455#breadcrumb"},"inLanguage":"pt-BR","potentialAction":[{"@type":"ReadAction","target":["https:\/\/vivanatureza.com.br\/?page_id=455"]}]},{"@type":"BreadcrumbList","@id":"https:\/\/vivanatureza.com.br\/?page_id=455#breadcrumb","itemListElement":[{"@type":"ListItem","position":1,"name":"In\u00edcio","item":"https:\/\/vivanatureza.com.br\/"},{"@type":"ListItem","position":2,"name":"Leite de Soja (Extrato de Soja)"}]},{"@type":"WebSite","@id":"https:\/\/vivanatureza.com.br\/#website","url":"https:\/\/vivanatureza.com.br\/","name":"Viva Natureza Alimentos Naturais","description":"Natureza e sa\u00fade em sua vida!","publisher":{"@id":"https:\/\/vivanatureza.com.br\/#organization"},"potentialAction":[{"@type":"SearchAction","target":{"@type":"EntryPoint","urlTemplate":"https:\/\/vivanatureza.com.br\/?s={search_term_string}"},"query-input":"required name=search_term_string"}],"inLanguage":"pt-BR"},{"@type":"Organization","@id":"https:\/\/vivanatureza.com.br\/#organization","name":"Viva Natureza Alimentos Naturais","url":"https:\/\/vivanatureza.com.br\/","sameAs":[],"logo":{"@type":"ImageObject","inLanguage":"pt-BR","@id":"https:\/\/vivanatureza.com.br\/#\/schema\/logo\/image\/","url":"https:\/\/vivanatureza.com.br\/wp-content\/uploads\/2017\/08\/logo_cab4.png","contentUrl":"https:\/\/vivanatureza.com.br\/wp-content\/uploads\/2017\/08\/logo_cab4.png","width":150,"height":60,"caption":"Viva Natureza Alimentos Naturais"},"image":{"@id":"https:\/\/vivanatureza.com.br\/#\/schema\/logo\/image\/"}}]}},"_links":{"self":[{"href":"https:\/\/vivanatureza.com.br\/index.php?rest_route=\/wp\/v2\/pages\/455"}],"collection":[{"href":"https:\/\/vivanatureza.com.br\/index.php?rest_route=\/wp\/v2\/pages"}],"about":[{"href":"https:\/\/vivanatureza.com.br\/index.php?rest_route=\/wp\/v2\/types\/page"}],"author":[{"embeddable":true,"href":"https:\/\/vivanatureza.com.br\/index.php?rest_route=\/wp\/v2\/users\/1"}],"replies":[{"embeddable":true,"href":"https:\/\/vivanatureza.com.br\/index.php?rest_route=%2Fwp%2Fv2%2Fcomments&post=455"}],"version-history":[{"count":4,"href":"https:\/\/vivanatureza.com.br\/index.php?rest_route=\/wp\/v2\/pages\/455\/revisions"}],"predecessor-version":[{"id":1289,"href":"https:\/\/vivanatureza.com.br\/index.php?rest_route=\/wp\/v2\/pages\/455\/revisions\/1289"}],"wp:attachment":[{"href":"https:\/\/vivanatureza.com.br\/index.php?rest_route=%2Fwp%2Fv2%2Fmedia&parent=455"}],"curies":[{"name":"wp","href":"https:\/\/api.w.org\/{rel}","templated":true}]}}