{"id":448,"date":"2017-09-06T01:11:14","date_gmt":"2017-09-06T01:11:14","guid":{"rendered":"http:\/\/vivanatureza.com.br\/?page_id=448"},"modified":"2020-02-12T20:54:33","modified_gmt":"2020-02-12T20:54:33","slug":"colageno-hidrolisado","status":"publish","type":"page","link":"https:\/\/vivanatureza.com.br\/?page_id=448","title":{"rendered":"Col\u00e1geno Hidrolisado"},"content":{"rendered":"\n<ul class=\"wp-container-2 wp-block-gallery-1 wp-block-gallery columns-2 is-cropped\"><li class=\"blocks-gallery-item\"><figure><img loading=\"lazy\" width=\"656\" height=\"1024\" src=\"https:\/\/vivanatureza.com.br\/wp-content\/uploads\/2020\/02\/Col\u00e1geno-Hidrolisado-100g-656x1024.png\" alt=\"\" data-id=\"1279\" data-link=\"https:\/\/vivanatureza.com.br\/?attachment_id=1279\" class=\"wp-image-1279\" srcset=\"https:\/\/vivanatureza.com.br\/wp-content\/uploads\/2020\/02\/Col\u00e1geno-Hidrolisado-100g-656x1024.png 656w, https:\/\/vivanatureza.com.br\/wp-content\/uploads\/2020\/02\/Col\u00e1geno-Hidrolisado-100g-192x300.png 192w, https:\/\/vivanatureza.com.br\/wp-content\/uploads\/2020\/02\/Col\u00e1geno-Hidrolisado-100g-768x1198.png 768w, https:\/\/vivanatureza.com.br\/wp-content\/uploads\/2020\/02\/Col\u00e1geno-Hidrolisado-100g.png 851w\" sizes=\"(max-width: 656px) 100vw, 656px\" \/><\/figure><\/li><li class=\"blocks-gallery-item\"><figure><img loading=\"lazy\" width=\"651\" height=\"1024\" src=\"https:\/\/vivanatureza.com.br\/wp-content\/uploads\/2020\/02\/Col\u00e1geno-Hidrolisado-50g-copy-651x1024.png\" alt=\"\" data-id=\"1280\" data-link=\"https:\/\/vivanatureza.com.br\/?attachment_id=1280\" class=\"wp-image-1280\" srcset=\"https:\/\/vivanatureza.com.br\/wp-content\/uploads\/2020\/02\/Col\u00e1geno-Hidrolisado-50g-copy-651x1024.png 651w, https:\/\/vivanatureza.com.br\/wp-content\/uploads\/2020\/02\/Col\u00e1geno-Hidrolisado-50g-copy-191x300.png 191w, https:\/\/vivanatureza.com.br\/wp-content\/uploads\/2020\/02\/Col\u00e1geno-Hidrolisado-50g-copy-768x1208.png 768w, https:\/\/vivanatureza.com.br\/wp-content\/uploads\/2020\/02\/Col\u00e1geno-Hidrolisado-50g-copy.png 823w\" sizes=\"(max-width: 651px) 100vw, 651px\" \/><\/figure><\/li><\/ul>\n\n\n<p>Dispon\u00edvel em embalagens Stand-up Pouch e PET + PE, 50g e 100g.<\/p>\n<p>Cont\u00e9m 9 dos 10 amino\u00e1cidos essenciais, que s\u00e3o \u00fateis na manuten\u00e7\u00e3o da estrutura dos tecidos e da pele, prevenindo o aparecimento de rugas. Auxilia no ganho de massa magra.<\/p>","protected":false},"excerpt":{"rendered":"<p>Dispon\u00edvel em embalagens Stand-up Pouch e PET + PE, 50g e 100g. Cont\u00e9m 9 dos 10 amino\u00e1cidos essenciais, que s\u00e3o \u00fateis na manuten\u00e7\u00e3o da estrutura dos tecidos e da pele, prevenindo o aparecimento de rugas. Auxilia no ganho de massa [&hellip;]<\/p>\n","protected":false},"author":1,"featured_media":0,"parent":0,"menu_order":0,"comment_status":"closed","ping_status":"closed","template":"","meta":[],"yoast_head":"<!-- This site is optimized with the Yoast SEO plugin v19.6.1 - https:\/\/yoast.com\/wordpress\/plugins\/seo\/ -->\n<title>Col\u00e1geno Hidrolisado - Viva Natureza Alimentos Naturais<\/title>\n<meta name=\"robots\" content=\"index, follow, max-snippet:-1, max-image-preview:large, max-video-preview:-1\" \/>\n<link rel=\"canonical\" href=\"https:\/\/vivanatureza.com.br\/?page_id=448\" \/>\n<meta property=\"og:locale\" content=\"pt_BR\" \/>\n<meta property=\"og:type\" content=\"article\" \/>\n<meta property=\"og:title\" content=\"Col\u00e1geno Hidrolisado - Viva Natureza Alimentos Naturais\" \/>\n<meta property=\"og:description\" content=\"Dispon\u00edvel em embalagens Stand-up Pouch e PET + PE, 50g e 100g. Cont\u00e9m 9 dos 10 amino\u00e1cidos essenciais, que s\u00e3o \u00fateis na manuten\u00e7\u00e3o da estrutura dos tecidos e da pele, prevenindo o aparecimento de rugas. Auxilia no ganho de massa [&hellip;]\" \/>\n<meta property=\"og:url\" content=\"https:\/\/vivanatureza.com.br\/?page_id=448\" \/>\n<meta property=\"og:site_name\" content=\"Viva Natureza Alimentos Naturais\" \/>\n<meta property=\"article:modified_time\" content=\"2020-02-12T20:54:33+00:00\" \/>\n<meta name=\"twitter:card\" content=\"summary_large_image\" \/>\n<script type=\"application\/ld+json\" class=\"yoast-schema-graph\">{\"@context\":\"https:\/\/schema.org\",\"@graph\":[{\"@type\":\"WebPage\",\"@id\":\"https:\/\/vivanatureza.com.br\/?page_id=448\",\"url\":\"https:\/\/vivanatureza.com.br\/?page_id=448\",\"name\":\"Col\u00e1geno Hidrolisado - Viva Natureza Alimentos Naturais\",\"isPartOf\":{\"@id\":\"https:\/\/vivanatureza.com.br\/#website\"},\"datePublished\":\"2017-09-06T01:11:14+00:00\",\"dateModified\":\"2020-02-12T20:54:33+00:00\",\"breadcrumb\":{\"@id\":\"https:\/\/vivanatureza.com.br\/?page_id=448#breadcrumb\"},\"inLanguage\":\"pt-BR\",\"potentialAction\":[{\"@type\":\"ReadAction\",\"target\":[\"https:\/\/vivanatureza.com.br\/?page_id=448\"]}]},{\"@type\":\"BreadcrumbList\",\"@id\":\"https:\/\/vivanatureza.com.br\/?page_id=448#breadcrumb\",\"itemListElement\":[{\"@type\":\"ListItem\",\"position\":1,\"name\":\"In\u00edcio\",\"item\":\"https:\/\/vivanatureza.com.br\/\"},{\"@type\":\"ListItem\",\"position\":2,\"name\":\"Col\u00e1geno Hidrolisado\"}]},{\"@type\":\"WebSite\",\"@id\":\"https:\/\/vivanatureza.com.br\/#website\",\"url\":\"https:\/\/vivanatureza.com.br\/\",\"name\":\"Viva Natureza Alimentos Naturais\",\"description\":\"Natureza e sa\u00fade em sua vida!\",\"publisher\":{\"@id\":\"https:\/\/vivanatureza.com.br\/#organization\"},\"potentialAction\":[{\"@type\":\"SearchAction\",\"target\":{\"@type\":\"EntryPoint\",\"urlTemplate\":\"https:\/\/vivanatureza.com.br\/?s={search_term_string}\"},\"query-input\":\"required name=search_term_string\"}],\"inLanguage\":\"pt-BR\"},{\"@type\":\"Organization\",\"@id\":\"https:\/\/vivanatureza.com.br\/#organization\",\"name\":\"Viva Natureza Alimentos Naturais\",\"url\":\"https:\/\/vivanatureza.com.br\/\",\"sameAs\":[],\"logo\":{\"@type\":\"ImageObject\",\"inLanguage\":\"pt-BR\",\"@id\":\"https:\/\/vivanatureza.com.br\/#\/schema\/logo\/image\/\",\"url\":\"https:\/\/vivanatureza.com.br\/wp-content\/uploads\/2017\/08\/logo_cab4.png\",\"contentUrl\":\"https:\/\/vivanatureza.com.br\/wp-content\/uploads\/2017\/08\/logo_cab4.png\",\"width\":150,\"height\":60,\"caption\":\"Viva Natureza Alimentos Naturais\"},\"image\":{\"@id\":\"https:\/\/vivanatureza.com.br\/#\/schema\/logo\/image\/\"}}]}<\/script>\n<!-- \/ Yoast SEO plugin. -->","yoast_head_json":{"title":"Col\u00e1geno Hidrolisado - Viva Natureza Alimentos Naturais","robots":{"index":"index","follow":"follow","max-snippet":"max-snippet:-1","max-image-preview":"max-image-preview:large","max-video-preview":"max-video-preview:-1"},"canonical":"https:\/\/vivanatureza.com.br\/?page_id=448","og_locale":"pt_BR","og_type":"article","og_title":"Col\u00e1geno Hidrolisado - Viva Natureza Alimentos Naturais","og_description":"Dispon\u00edvel em embalagens Stand-up Pouch e PET + PE, 50g e 100g. Cont\u00e9m 9 dos 10 amino\u00e1cidos essenciais, que s\u00e3o \u00fateis na manuten\u00e7\u00e3o da estrutura dos tecidos e da pele, prevenindo o aparecimento de rugas. Auxilia no ganho de massa [&hellip;]","og_url":"https:\/\/vivanatureza.com.br\/?page_id=448","og_site_name":"Viva Natureza Alimentos Naturais","article_modified_time":"2020-02-12T20:54:33+00:00","twitter_card":"summary_large_image","schema":{"@context":"https:\/\/schema.org","@graph":[{"@type":"WebPage","@id":"https:\/\/vivanatureza.com.br\/?page_id=448","url":"https:\/\/vivanatureza.com.br\/?page_id=448","name":"Col\u00e1geno Hidrolisado - Viva Natureza Alimentos Naturais","isPartOf":{"@id":"https:\/\/vivanatureza.com.br\/#website"},"datePublished":"2017-09-06T01:11:14+00:00","dateModified":"2020-02-12T20:54:33+00:00","breadcrumb":{"@id":"https:\/\/vivanatureza.com.br\/?page_id=448#breadcrumb"},"inLanguage":"pt-BR","potentialAction":[{"@type":"ReadAction","target":["https:\/\/vivanatureza.com.br\/?page_id=448"]}]},{"@type":"BreadcrumbList","@id":"https:\/\/vivanatureza.com.br\/?page_id=448#breadcrumb","itemListElement":[{"@type":"ListItem","position":1,"name":"In\u00edcio","item":"https:\/\/vivanatureza.com.br\/"},{"@type":"ListItem","position":2,"name":"Col\u00e1geno Hidrolisado"}]},{"@type":"WebSite","@id":"https:\/\/vivanatureza.com.br\/#website","url":"https:\/\/vivanatureza.com.br\/","name":"Viva Natureza Alimentos Naturais","description":"Natureza e sa\u00fade em sua vida!","publisher":{"@id":"https:\/\/vivanatureza.com.br\/#organization"},"potentialAction":[{"@type":"SearchAction","target":{"@type":"EntryPoint","urlTemplate":"https:\/\/vivanatureza.com.br\/?s={search_term_string}"},"query-input":"required name=search_term_string"}],"inLanguage":"pt-BR"},{"@type":"Organization","@id":"https:\/\/vivanatureza.com.br\/#organization","name":"Viva Natureza Alimentos Naturais","url":"https:\/\/vivanatureza.com.br\/","sameAs":[],"logo":{"@type":"ImageObject","inLanguage":"pt-BR","@id":"https:\/\/vivanatureza.com.br\/#\/schema\/logo\/image\/","url":"https:\/\/vivanatureza.com.br\/wp-content\/uploads\/2017\/08\/logo_cab4.png","contentUrl":"https:\/\/vivanatureza.com.br\/wp-content\/uploads\/2017\/08\/logo_cab4.png","width":150,"height":60,"caption":"Viva Natureza Alimentos Naturais"},"image":{"@id":"https:\/\/vivanatureza.com.br\/#\/schema\/logo\/image\/"}}]}},"_links":{"self":[{"href":"https:\/\/vivanatureza.com.br\/index.php?rest_route=\/wp\/v2\/pages\/448"}],"collection":[{"href":"https:\/\/vivanatureza.com.br\/index.php?rest_route=\/wp\/v2\/pages"}],"about":[{"href":"https:\/\/vivanatureza.com.br\/index.php?rest_route=\/wp\/v2\/types\/page"}],"author":[{"embeddable":true,"href":"https:\/\/vivanatureza.com.br\/index.php?rest_route=\/wp\/v2\/users\/1"}],"replies":[{"embeddable":true,"href":"https:\/\/vivanatureza.com.br\/index.php?rest_route=%2Fwp%2Fv2%2Fcomments&post=448"}],"version-history":[{"count":4,"href":"https:\/\/vivanatureza.com.br\/index.php?rest_route=\/wp\/v2\/pages\/448\/revisions"}],"predecessor-version":[{"id":1281,"href":"https:\/\/vivanatureza.com.br\/index.php?rest_route=\/wp\/v2\/pages\/448\/revisions\/1281"}],"wp:attachment":[{"href":"https:\/\/vivanatureza.com.br\/index.php?rest_route=%2Fwp%2Fv2%2Fmedia&parent=448"}],"curies":[{"name":"wp","href":"https:\/\/api.w.org\/{rel}","templated":true}]}}