{"id":440,"date":"2017-09-06T00:56:14","date_gmt":"2017-09-06T00:56:14","guid":{"rendered":"http:\/\/vivanatureza.com.br\/?page_id=440"},"modified":"2021-06-16T21:12:46","modified_gmt":"2021-06-17T00:12:46","slug":"germen-de-trigo","status":"publish","type":"page","link":"https:\/\/vivanatureza.com.br\/?page_id=440","title":{"rendered":"G\u00e9rmen de Trigo"},"content":{"rendered":"\n<figure class=\"wp-block-image size-large\"><a href=\"https:\/\/vivanatureza.com.br\/wp-content\/uploads\/2021\/06\/Germen-de-Trigo-200g.png\"><img loading=\"lazy\" width=\"618\" height=\"878\" src=\"https:\/\/vivanatureza.com.br\/wp-content\/uploads\/2021\/06\/Germen-de-Trigo-200g.png\" alt=\"\" class=\"wp-image-1443\" srcset=\"https:\/\/vivanatureza.com.br\/wp-content\/uploads\/2021\/06\/Germen-de-Trigo-200g.png 618w, https:\/\/vivanatureza.com.br\/wp-content\/uploads\/2021\/06\/Germen-de-Trigo-200g-211x300.png 211w\" sizes=\"(max-width: 618px) 100vw, 618px\" \/><\/a><\/figure>\n\n\n<p>\u00a0<\/p>\n<p>Dispon\u00edvel na embalagem de 200g.<\/p>\n<p>\u00c9 a parte mais nobre do gr\u00e3o de trigo \u2013 \u00e9 o seu embri\u00e3o, de onde a nova planta come\u00e7a a brotar. Rico em sais minerais, prote\u00ednas, \u00e1cido glut\u00e2mico, todas as vitaminas do complexo B, vitamina A e ferro, \u00e9 ainda uma das maiores fontes de vitamina E.<\/p>","protected":false},"excerpt":{"rendered":"<p>\u00a0 Dispon\u00edvel na embalagem de 200g. \u00c9 a parte mais nobre do gr\u00e3o de trigo \u2013 \u00e9 o seu embri\u00e3o, de onde a nova planta come\u00e7a a brotar. Rico em sais minerais, prote\u00ednas, \u00e1cido glut\u00e2mico, todas as vitaminas do complexo [&hellip;]<\/p>\n","protected":false},"author":1,"featured_media":0,"parent":0,"menu_order":0,"comment_status":"closed","ping_status":"closed","template":"","meta":[],"yoast_head":"<!-- This site is optimized with the Yoast SEO plugin v19.6.1 - https:\/\/yoast.com\/wordpress\/plugins\/seo\/ -->\n<title>G\u00e9rmen de Trigo - Viva Natureza Alimentos Naturais<\/title>\n<meta name=\"robots\" content=\"index, follow, max-snippet:-1, max-image-preview:large, max-video-preview:-1\" \/>\n<link rel=\"canonical\" href=\"https:\/\/vivanatureza.com.br\/?page_id=440\" \/>\n<meta property=\"og:locale\" content=\"pt_BR\" \/>\n<meta property=\"og:type\" content=\"article\" \/>\n<meta property=\"og:title\" content=\"G\u00e9rmen de Trigo - Viva Natureza Alimentos Naturais\" \/>\n<meta property=\"og:description\" content=\"\u00a0 Dispon\u00edvel na embalagem de 200g. \u00c9 a parte mais nobre do gr\u00e3o de trigo \u2013 \u00e9 o seu embri\u00e3o, de onde a nova planta come\u00e7a a brotar. Rico em sais minerais, prote\u00ednas, \u00e1cido glut\u00e2mico, todas as vitaminas do complexo [&hellip;]\" \/>\n<meta property=\"og:url\" content=\"https:\/\/vivanatureza.com.br\/?page_id=440\" \/>\n<meta property=\"og:site_name\" content=\"Viva Natureza Alimentos Naturais\" \/>\n<meta property=\"article:modified_time\" content=\"2021-06-17T00:12:46+00:00\" \/>\n<meta property=\"og:image\" content=\"https:\/\/vivanatureza.com.br\/wp-content\/uploads\/2021\/06\/Germen-de-Trigo-200g.png\" \/>\n<meta name=\"twitter:card\" content=\"summary_large_image\" \/>\n<script type=\"application\/ld+json\" class=\"yoast-schema-graph\">{\"@context\":\"https:\/\/schema.org\",\"@graph\":[{\"@type\":\"WebPage\",\"@id\":\"https:\/\/vivanatureza.com.br\/?page_id=440\",\"url\":\"https:\/\/vivanatureza.com.br\/?page_id=440\",\"name\":\"G\u00e9rmen de Trigo - Viva Natureza Alimentos Naturais\",\"isPartOf\":{\"@id\":\"https:\/\/vivanatureza.com.br\/#website\"},\"datePublished\":\"2017-09-06T00:56:14+00:00\",\"dateModified\":\"2021-06-17T00:12:46+00:00\",\"breadcrumb\":{\"@id\":\"https:\/\/vivanatureza.com.br\/?page_id=440#breadcrumb\"},\"inLanguage\":\"pt-BR\",\"potentialAction\":[{\"@type\":\"ReadAction\",\"target\":[\"https:\/\/vivanatureza.com.br\/?page_id=440\"]}]},{\"@type\":\"BreadcrumbList\",\"@id\":\"https:\/\/vivanatureza.com.br\/?page_id=440#breadcrumb\",\"itemListElement\":[{\"@type\":\"ListItem\",\"position\":1,\"name\":\"In\u00edcio\",\"item\":\"https:\/\/vivanatureza.com.br\/\"},{\"@type\":\"ListItem\",\"position\":2,\"name\":\"G\u00e9rmen de Trigo\"}]},{\"@type\":\"WebSite\",\"@id\":\"https:\/\/vivanatureza.com.br\/#website\",\"url\":\"https:\/\/vivanatureza.com.br\/\",\"name\":\"Viva Natureza Alimentos Naturais\",\"description\":\"Natureza e sa\u00fade em sua vida!\",\"publisher\":{\"@id\":\"https:\/\/vivanatureza.com.br\/#organization\"},\"potentialAction\":[{\"@type\":\"SearchAction\",\"target\":{\"@type\":\"EntryPoint\",\"urlTemplate\":\"https:\/\/vivanatureza.com.br\/?s={search_term_string}\"},\"query-input\":\"required name=search_term_string\"}],\"inLanguage\":\"pt-BR\"},{\"@type\":\"Organization\",\"@id\":\"https:\/\/vivanatureza.com.br\/#organization\",\"name\":\"Viva Natureza Alimentos Naturais\",\"url\":\"https:\/\/vivanatureza.com.br\/\",\"sameAs\":[],\"logo\":{\"@type\":\"ImageObject\",\"inLanguage\":\"pt-BR\",\"@id\":\"https:\/\/vivanatureza.com.br\/#\/schema\/logo\/image\/\",\"url\":\"https:\/\/vivanatureza.com.br\/wp-content\/uploads\/2017\/08\/logo_cab4.png\",\"contentUrl\":\"https:\/\/vivanatureza.com.br\/wp-content\/uploads\/2017\/08\/logo_cab4.png\",\"width\":150,\"height\":60,\"caption\":\"Viva Natureza Alimentos Naturais\"},\"image\":{\"@id\":\"https:\/\/vivanatureza.com.br\/#\/schema\/logo\/image\/\"}}]}<\/script>\n<!-- \/ Yoast SEO plugin. -->","yoast_head_json":{"title":"G\u00e9rmen de Trigo - Viva Natureza Alimentos Naturais","robots":{"index":"index","follow":"follow","max-snippet":"max-snippet:-1","max-image-preview":"max-image-preview:large","max-video-preview":"max-video-preview:-1"},"canonical":"https:\/\/vivanatureza.com.br\/?page_id=440","og_locale":"pt_BR","og_type":"article","og_title":"G\u00e9rmen de Trigo - Viva Natureza Alimentos Naturais","og_description":"\u00a0 Dispon\u00edvel na embalagem de 200g. \u00c9 a parte mais nobre do gr\u00e3o de trigo \u2013 \u00e9 o seu embri\u00e3o, de onde a nova planta come\u00e7a a brotar. Rico em sais minerais, prote\u00ednas, \u00e1cido glut\u00e2mico, todas as vitaminas do complexo [&hellip;]","og_url":"https:\/\/vivanatureza.com.br\/?page_id=440","og_site_name":"Viva Natureza Alimentos Naturais","article_modified_time":"2021-06-17T00:12:46+00:00","og_image":[{"url":"https:\/\/vivanatureza.com.br\/wp-content\/uploads\/2021\/06\/Germen-de-Trigo-200g.png"}],"twitter_card":"summary_large_image","schema":{"@context":"https:\/\/schema.org","@graph":[{"@type":"WebPage","@id":"https:\/\/vivanatureza.com.br\/?page_id=440","url":"https:\/\/vivanatureza.com.br\/?page_id=440","name":"G\u00e9rmen de Trigo - Viva Natureza Alimentos Naturais","isPartOf":{"@id":"https:\/\/vivanatureza.com.br\/#website"},"datePublished":"2017-09-06T00:56:14+00:00","dateModified":"2021-06-17T00:12:46+00:00","breadcrumb":{"@id":"https:\/\/vivanatureza.com.br\/?page_id=440#breadcrumb"},"inLanguage":"pt-BR","potentialAction":[{"@type":"ReadAction","target":["https:\/\/vivanatureza.com.br\/?page_id=440"]}]},{"@type":"BreadcrumbList","@id":"https:\/\/vivanatureza.com.br\/?page_id=440#breadcrumb","itemListElement":[{"@type":"ListItem","position":1,"name":"In\u00edcio","item":"https:\/\/vivanatureza.com.br\/"},{"@type":"ListItem","position":2,"name":"G\u00e9rmen de Trigo"}]},{"@type":"WebSite","@id":"https:\/\/vivanatureza.com.br\/#website","url":"https:\/\/vivanatureza.com.br\/","name":"Viva Natureza Alimentos Naturais","description":"Natureza e sa\u00fade em sua vida!","publisher":{"@id":"https:\/\/vivanatureza.com.br\/#organization"},"potentialAction":[{"@type":"SearchAction","target":{"@type":"EntryPoint","urlTemplate":"https:\/\/vivanatureza.com.br\/?s={search_term_string}"},"query-input":"required name=search_term_string"}],"inLanguage":"pt-BR"},{"@type":"Organization","@id":"https:\/\/vivanatureza.com.br\/#organization","name":"Viva Natureza Alimentos Naturais","url":"https:\/\/vivanatureza.com.br\/","sameAs":[],"logo":{"@type":"ImageObject","inLanguage":"pt-BR","@id":"https:\/\/vivanatureza.com.br\/#\/schema\/logo\/image\/","url":"https:\/\/vivanatureza.com.br\/wp-content\/uploads\/2017\/08\/logo_cab4.png","contentUrl":"https:\/\/vivanatureza.com.br\/wp-content\/uploads\/2017\/08\/logo_cab4.png","width":150,"height":60,"caption":"Viva Natureza Alimentos Naturais"},"image":{"@id":"https:\/\/vivanatureza.com.br\/#\/schema\/logo\/image\/"}}]}},"_links":{"self":[{"href":"https:\/\/vivanatureza.com.br\/index.php?rest_route=\/wp\/v2\/pages\/440"}],"collection":[{"href":"https:\/\/vivanatureza.com.br\/index.php?rest_route=\/wp\/v2\/pages"}],"about":[{"href":"https:\/\/vivanatureza.com.br\/index.php?rest_route=\/wp\/v2\/types\/page"}],"author":[{"embeddable":true,"href":"https:\/\/vivanatureza.com.br\/index.php?rest_route=\/wp\/v2\/users\/1"}],"replies":[{"embeddable":true,"href":"https:\/\/vivanatureza.com.br\/index.php?rest_route=%2Fwp%2Fv2%2Fcomments&post=440"}],"version-history":[{"count":4,"href":"https:\/\/vivanatureza.com.br\/index.php?rest_route=\/wp\/v2\/pages\/440\/revisions"}],"predecessor-version":[{"id":1444,"href":"https:\/\/vivanatureza.com.br\/index.php?rest_route=\/wp\/v2\/pages\/440\/revisions\/1444"}],"wp:attachment":[{"href":"https:\/\/vivanatureza.com.br\/index.php?rest_route=%2Fwp%2Fv2%2Fmedia&parent=440"}],"curies":[{"name":"wp","href":"https:\/\/api.w.org\/{rel}","templated":true}]}}