{"id":410,"date":"2017-09-04T22:12:59","date_gmt":"2017-09-04T22:12:59","guid":{"rendered":"http:\/\/vivanatureza.com.br\/?page_id=410"},"modified":"2020-03-26T21:33:13","modified_gmt":"2020-03-26T21:33:13","slug":"cha-verde-camelia-sinensis","status":"publish","type":"page","link":"https:\/\/vivanatureza.com.br\/?page_id=410","title":{"rendered":"Ch\u00e1 Verde Camellia sinensis"},"content":{"rendered":"\n<div class=\"wp-block-image\"><figure class=\"aligncenter is-resized\"><img loading=\"lazy\" src=\"https:\/\/vivanatureza.com.br\/wp-content\/uploads\/2020\/02\/Ch\u00e1-Verde-Camelia-sinensis-30g-copy-687x1024.png\" alt=\"\" class=\"wp-image-1277\" width=\"311\" height=\"463\" srcset=\"https:\/\/vivanatureza.com.br\/wp-content\/uploads\/2020\/02\/Ch\u00e1-Verde-Camelia-sinensis-30g-copy-687x1024.png 687w, https:\/\/vivanatureza.com.br\/wp-content\/uploads\/2020\/02\/Ch\u00e1-Verde-Camelia-sinensis-30g-copy-201x300.png 201w, https:\/\/vivanatureza.com.br\/wp-content\/uploads\/2020\/02\/Ch\u00e1-Verde-Camelia-sinensis-30g-copy-768x1144.png 768w, https:\/\/vivanatureza.com.br\/wp-content\/uploads\/2020\/02\/Ch\u00e1-Verde-Camelia-sinensis-30g-copy.png 886w\" sizes=\"(max-width: 311px) 100vw, 311px\" \/><\/figure><\/div>\n\n\n<p>Dispon\u00edvel em embalagens de 30g.<\/p>\n<p>Rico em bioflavon\u00f3ides \u2013 substancias antioxidante que ajudam a neutralizar os radicais livres, respons\u00e1veis pelo envelhecimento celular precoce. Rico em catequinas, subst\u00e2ncias que bloqueiam as altera\u00e7\u00f5es celulares que d\u00e3o origem aos tumores.<\/p>","protected":false},"excerpt":{"rendered":"<p>Dispon\u00edvel em embalagens de 30g. Rico em bioflavon\u00f3ides \u2013 substancias antioxidante que ajudam a neutralizar os radicais livres, respons\u00e1veis pelo envelhecimento celular precoce. Rico em catequinas, subst\u00e2ncias que bloqueiam as altera\u00e7\u00f5es celulares que d\u00e3o origem aos tumores.<\/p>\n","protected":false},"author":1,"featured_media":0,"parent":0,"menu_order":0,"comment_status":"closed","ping_status":"closed","template":"","meta":[],"yoast_head":"<!-- This site is optimized with the Yoast SEO plugin v19.6.1 - https:\/\/yoast.com\/wordpress\/plugins\/seo\/ -->\n<title>Ch\u00e1 Verde Camellia sinensis - Viva Natureza Alimentos Naturais<\/title>\n<meta name=\"robots\" content=\"index, follow, max-snippet:-1, max-image-preview:large, max-video-preview:-1\" \/>\n<link rel=\"canonical\" href=\"https:\/\/vivanatureza.com.br\/?page_id=410\" \/>\n<meta property=\"og:locale\" content=\"pt_BR\" \/>\n<meta property=\"og:type\" content=\"article\" \/>\n<meta property=\"og:title\" content=\"Ch\u00e1 Verde Camellia sinensis - Viva Natureza Alimentos Naturais\" \/>\n<meta property=\"og:description\" content=\"Dispon\u00edvel em embalagens de 30g. Rico em bioflavon\u00f3ides \u2013 substancias antioxidante que ajudam a neutralizar os radicais livres, respons\u00e1veis pelo envelhecimento celular precoce. Rico em catequinas, subst\u00e2ncias que bloqueiam as altera\u00e7\u00f5es celulares que d\u00e3o origem aos tumores.\" \/>\n<meta property=\"og:url\" content=\"https:\/\/vivanatureza.com.br\/?page_id=410\" \/>\n<meta property=\"og:site_name\" content=\"Viva Natureza Alimentos Naturais\" \/>\n<meta property=\"article:modified_time\" content=\"2020-03-26T21:33:13+00:00\" \/>\n<meta name=\"twitter:card\" content=\"summary_large_image\" \/>\n<script type=\"application\/ld+json\" class=\"yoast-schema-graph\">{\"@context\":\"https:\/\/schema.org\",\"@graph\":[{\"@type\":\"WebPage\",\"@id\":\"https:\/\/vivanatureza.com.br\/?page_id=410\",\"url\":\"https:\/\/vivanatureza.com.br\/?page_id=410\",\"name\":\"Ch\u00e1 Verde Camellia sinensis - Viva Natureza Alimentos Naturais\",\"isPartOf\":{\"@id\":\"https:\/\/vivanatureza.com.br\/#website\"},\"datePublished\":\"2017-09-04T22:12:59+00:00\",\"dateModified\":\"2020-03-26T21:33:13+00:00\",\"breadcrumb\":{\"@id\":\"https:\/\/vivanatureza.com.br\/?page_id=410#breadcrumb\"},\"inLanguage\":\"pt-BR\",\"potentialAction\":[{\"@type\":\"ReadAction\",\"target\":[\"https:\/\/vivanatureza.com.br\/?page_id=410\"]}]},{\"@type\":\"BreadcrumbList\",\"@id\":\"https:\/\/vivanatureza.com.br\/?page_id=410#breadcrumb\",\"itemListElement\":[{\"@type\":\"ListItem\",\"position\":1,\"name\":\"In\u00edcio\",\"item\":\"https:\/\/vivanatureza.com.br\/\"},{\"@type\":\"ListItem\",\"position\":2,\"name\":\"Ch\u00e1 Verde Camellia sinensis\"}]},{\"@type\":\"WebSite\",\"@id\":\"https:\/\/vivanatureza.com.br\/#website\",\"url\":\"https:\/\/vivanatureza.com.br\/\",\"name\":\"Viva Natureza Alimentos Naturais\",\"description\":\"Natureza e sa\u00fade em sua vida!\",\"publisher\":{\"@id\":\"https:\/\/vivanatureza.com.br\/#organization\"},\"potentialAction\":[{\"@type\":\"SearchAction\",\"target\":{\"@type\":\"EntryPoint\",\"urlTemplate\":\"https:\/\/vivanatureza.com.br\/?s={search_term_string}\"},\"query-input\":\"required name=search_term_string\"}],\"inLanguage\":\"pt-BR\"},{\"@type\":\"Organization\",\"@id\":\"https:\/\/vivanatureza.com.br\/#organization\",\"name\":\"Viva Natureza Alimentos Naturais\",\"url\":\"https:\/\/vivanatureza.com.br\/\",\"sameAs\":[],\"logo\":{\"@type\":\"ImageObject\",\"inLanguage\":\"pt-BR\",\"@id\":\"https:\/\/vivanatureza.com.br\/#\/schema\/logo\/image\/\",\"url\":\"https:\/\/vivanatureza.com.br\/wp-content\/uploads\/2017\/08\/logo_cab4.png\",\"contentUrl\":\"https:\/\/vivanatureza.com.br\/wp-content\/uploads\/2017\/08\/logo_cab4.png\",\"width\":150,\"height\":60,\"caption\":\"Viva Natureza Alimentos Naturais\"},\"image\":{\"@id\":\"https:\/\/vivanatureza.com.br\/#\/schema\/logo\/image\/\"}}]}<\/script>\n<!-- \/ Yoast SEO plugin. -->","yoast_head_json":{"title":"Ch\u00e1 Verde Camellia sinensis - Viva Natureza Alimentos Naturais","robots":{"index":"index","follow":"follow","max-snippet":"max-snippet:-1","max-image-preview":"max-image-preview:large","max-video-preview":"max-video-preview:-1"},"canonical":"https:\/\/vivanatureza.com.br\/?page_id=410","og_locale":"pt_BR","og_type":"article","og_title":"Ch\u00e1 Verde Camellia sinensis - Viva Natureza Alimentos Naturais","og_description":"Dispon\u00edvel em embalagens de 30g. Rico em bioflavon\u00f3ides \u2013 substancias antioxidante que ajudam a neutralizar os radicais livres, respons\u00e1veis pelo envelhecimento celular precoce. Rico em catequinas, subst\u00e2ncias que bloqueiam as altera\u00e7\u00f5es celulares que d\u00e3o origem aos tumores.","og_url":"https:\/\/vivanatureza.com.br\/?page_id=410","og_site_name":"Viva Natureza Alimentos Naturais","article_modified_time":"2020-03-26T21:33:13+00:00","twitter_card":"summary_large_image","schema":{"@context":"https:\/\/schema.org","@graph":[{"@type":"WebPage","@id":"https:\/\/vivanatureza.com.br\/?page_id=410","url":"https:\/\/vivanatureza.com.br\/?page_id=410","name":"Ch\u00e1 Verde Camellia sinensis - Viva Natureza Alimentos Naturais","isPartOf":{"@id":"https:\/\/vivanatureza.com.br\/#website"},"datePublished":"2017-09-04T22:12:59+00:00","dateModified":"2020-03-26T21:33:13+00:00","breadcrumb":{"@id":"https:\/\/vivanatureza.com.br\/?page_id=410#breadcrumb"},"inLanguage":"pt-BR","potentialAction":[{"@type":"ReadAction","target":["https:\/\/vivanatureza.com.br\/?page_id=410"]}]},{"@type":"BreadcrumbList","@id":"https:\/\/vivanatureza.com.br\/?page_id=410#breadcrumb","itemListElement":[{"@type":"ListItem","position":1,"name":"In\u00edcio","item":"https:\/\/vivanatureza.com.br\/"},{"@type":"ListItem","position":2,"name":"Ch\u00e1 Verde Camellia sinensis"}]},{"@type":"WebSite","@id":"https:\/\/vivanatureza.com.br\/#website","url":"https:\/\/vivanatureza.com.br\/","name":"Viva Natureza Alimentos Naturais","description":"Natureza e sa\u00fade em sua vida!","publisher":{"@id":"https:\/\/vivanatureza.com.br\/#organization"},"potentialAction":[{"@type":"SearchAction","target":{"@type":"EntryPoint","urlTemplate":"https:\/\/vivanatureza.com.br\/?s={search_term_string}"},"query-input":"required name=search_term_string"}],"inLanguage":"pt-BR"},{"@type":"Organization","@id":"https:\/\/vivanatureza.com.br\/#organization","name":"Viva Natureza Alimentos Naturais","url":"https:\/\/vivanatureza.com.br\/","sameAs":[],"logo":{"@type":"ImageObject","inLanguage":"pt-BR","@id":"https:\/\/vivanatureza.com.br\/#\/schema\/logo\/image\/","url":"https:\/\/vivanatureza.com.br\/wp-content\/uploads\/2017\/08\/logo_cab4.png","contentUrl":"https:\/\/vivanatureza.com.br\/wp-content\/uploads\/2017\/08\/logo_cab4.png","width":150,"height":60,"caption":"Viva Natureza Alimentos Naturais"},"image":{"@id":"https:\/\/vivanatureza.com.br\/#\/schema\/logo\/image\/"}}]}},"_links":{"self":[{"href":"https:\/\/vivanatureza.com.br\/index.php?rest_route=\/wp\/v2\/pages\/410"}],"collection":[{"href":"https:\/\/vivanatureza.com.br\/index.php?rest_route=\/wp\/v2\/pages"}],"about":[{"href":"https:\/\/vivanatureza.com.br\/index.php?rest_route=\/wp\/v2\/types\/page"}],"author":[{"embeddable":true,"href":"https:\/\/vivanatureza.com.br\/index.php?rest_route=\/wp\/v2\/users\/1"}],"replies":[{"embeddable":true,"href":"https:\/\/vivanatureza.com.br\/index.php?rest_route=%2Fwp%2Fv2%2Fcomments&post=410"}],"version-history":[{"count":3,"href":"https:\/\/vivanatureza.com.br\/index.php?rest_route=\/wp\/v2\/pages\/410\/revisions"}],"predecessor-version":[{"id":1363,"href":"https:\/\/vivanatureza.com.br\/index.php?rest_route=\/wp\/v2\/pages\/410\/revisions\/1363"}],"wp:attachment":[{"href":"https:\/\/vivanatureza.com.br\/index.php?rest_route=%2Fwp%2Fv2%2Fmedia&parent=410"}],"curies":[{"name":"wp","href":"https:\/\/api.w.org\/{rel}","templated":true}]}}