{"id":407,"date":"2017-09-04T22:11:27","date_gmt":"2017-09-04T22:11:27","guid":{"rendered":"http:\/\/vivanatureza.com.br\/?page_id=407"},"modified":"2020-02-12T20:49:40","modified_gmt":"2020-02-12T20:49:40","slug":"cha-verde-ban-cha","status":"publish","type":"page","link":"https:\/\/vivanatureza.com.br\/?page_id=407","title":{"rendered":"Ch\u00e1 Verde Ban Cha"},"content":{"rendered":"\n<ul class=\"wp-container-2 wp-block-gallery-1 wp-block-gallery aligncenter columns-2 is-cropped\"><li class=\"blocks-gallery-item\"><figure><img loading=\"lazy\" width=\"617\" height=\"1024\" src=\"https:\/\/vivanatureza.com.br\/wp-content\/uploads\/2020\/02\/Ch\u00e1-Verde-Ban-Ch\u00e1-30g-copy-Copia-617x1024.png\" alt=\"\" data-id=\"1273\" data-link=\"https:\/\/vivanatureza.com.br\/?attachment_id=1273\" class=\"wp-image-1273\" srcset=\"https:\/\/vivanatureza.com.br\/wp-content\/uploads\/2020\/02\/Ch\u00e1-Verde-Ban-Ch\u00e1-30g-copy-Copia-617x1024.png 617w, https:\/\/vivanatureza.com.br\/wp-content\/uploads\/2020\/02\/Ch\u00e1-Verde-Ban-Ch\u00e1-30g-copy-Copia-181x300.png 181w, https:\/\/vivanatureza.com.br\/wp-content\/uploads\/2020\/02\/Ch\u00e1-Verde-Ban-Ch\u00e1-30g-copy-Copia-768x1275.png 768w, https:\/\/vivanatureza.com.br\/wp-content\/uploads\/2020\/02\/Ch\u00e1-Verde-Ban-Ch\u00e1-30g-copy-Copia.png 797w\" sizes=\"(max-width: 617px) 100vw, 617px\" \/><\/figure><\/li><li class=\"blocks-gallery-item\"><figure><img loading=\"lazy\" width=\"649\" height=\"1024\" src=\"https:\/\/vivanatureza.com.br\/wp-content\/uploads\/2020\/02\/Ch\u00e1-Verde-Ban-Ch\u00e1-100g-1-649x1024.png\" alt=\"\" data-id=\"1274\" data-link=\"https:\/\/vivanatureza.com.br\/?attachment_id=1274\" class=\"wp-image-1274\" srcset=\"https:\/\/vivanatureza.com.br\/wp-content\/uploads\/2020\/02\/Ch\u00e1-Verde-Ban-Ch\u00e1-100g-1-649x1024.png 649w, https:\/\/vivanatureza.com.br\/wp-content\/uploads\/2020\/02\/Ch\u00e1-Verde-Ban-Ch\u00e1-100g-1-190x300.png 190w, https:\/\/vivanatureza.com.br\/wp-content\/uploads\/2020\/02\/Ch\u00e1-Verde-Ban-Ch\u00e1-100g-1-768x1211.png 768w, https:\/\/vivanatureza.com.br\/wp-content\/uploads\/2020\/02\/Ch\u00e1-Verde-Ban-Ch\u00e1-100g-1.png 842w\" sizes=\"(max-width: 649px) 100vw, 649px\" \/><\/figure><\/li><\/ul>\n\n\n<hr \/>\n<p>Dispon\u00edvel em embalagens de 30g e 100g.<\/p>\n<p>Tonificante, diur\u00e9tico, analg\u00e9sico, anticoagulante e antibi\u00f3tico. Tamb\u00e9m controla o colesterol alto e a hipertens\u00e3o arterial, efeito atribu\u00eddo a subst\u00e2ncias chamadas polifen\u00f3is, encontradas nesse ch\u00e1.<\/p>","protected":false},"excerpt":{"rendered":"<p>Dispon\u00edvel em embalagens de 30g e 100g. Tonificante, diur\u00e9tico, analg\u00e9sico, anticoagulante e antibi\u00f3tico. Tamb\u00e9m controla o colesterol alto e a hipertens\u00e3o arterial, efeito atribu\u00eddo a subst\u00e2ncias chamadas polifen\u00f3is, encontradas nesse ch\u00e1.<\/p>\n","protected":false},"author":1,"featured_media":0,"parent":0,"menu_order":0,"comment_status":"closed","ping_status":"closed","template":"","meta":[],"yoast_head":"<!-- This site is optimized with the Yoast SEO plugin v19.6.1 - https:\/\/yoast.com\/wordpress\/plugins\/seo\/ -->\n<title>Ch\u00e1 Verde Ban Cha - Viva Natureza Alimentos Naturais<\/title>\n<meta name=\"robots\" content=\"index, follow, max-snippet:-1, max-image-preview:large, max-video-preview:-1\" \/>\n<link rel=\"canonical\" href=\"https:\/\/vivanatureza.com.br\/?page_id=407\" \/>\n<meta property=\"og:locale\" content=\"pt_BR\" \/>\n<meta property=\"og:type\" content=\"article\" \/>\n<meta property=\"og:title\" content=\"Ch\u00e1 Verde Ban Cha - Viva Natureza Alimentos Naturais\" \/>\n<meta property=\"og:description\" content=\"Dispon\u00edvel em embalagens de 30g e 100g. Tonificante, diur\u00e9tico, analg\u00e9sico, anticoagulante e antibi\u00f3tico. Tamb\u00e9m controla o colesterol alto e a hipertens\u00e3o arterial, efeito atribu\u00eddo a subst\u00e2ncias chamadas polifen\u00f3is, encontradas nesse ch\u00e1.\" \/>\n<meta property=\"og:url\" content=\"https:\/\/vivanatureza.com.br\/?page_id=407\" \/>\n<meta property=\"og:site_name\" content=\"Viva Natureza Alimentos Naturais\" \/>\n<meta property=\"article:modified_time\" content=\"2020-02-12T20:49:40+00:00\" \/>\n<meta name=\"twitter:card\" content=\"summary_large_image\" \/>\n<script type=\"application\/ld+json\" class=\"yoast-schema-graph\">{\"@context\":\"https:\/\/schema.org\",\"@graph\":[{\"@type\":\"WebPage\",\"@id\":\"https:\/\/vivanatureza.com.br\/?page_id=407\",\"url\":\"https:\/\/vivanatureza.com.br\/?page_id=407\",\"name\":\"Ch\u00e1 Verde Ban Cha - Viva Natureza Alimentos Naturais\",\"isPartOf\":{\"@id\":\"https:\/\/vivanatureza.com.br\/#website\"},\"datePublished\":\"2017-09-04T22:11:27+00:00\",\"dateModified\":\"2020-02-12T20:49:40+00:00\",\"breadcrumb\":{\"@id\":\"https:\/\/vivanatureza.com.br\/?page_id=407#breadcrumb\"},\"inLanguage\":\"pt-BR\",\"potentialAction\":[{\"@type\":\"ReadAction\",\"target\":[\"https:\/\/vivanatureza.com.br\/?page_id=407\"]}]},{\"@type\":\"BreadcrumbList\",\"@id\":\"https:\/\/vivanatureza.com.br\/?page_id=407#breadcrumb\",\"itemListElement\":[{\"@type\":\"ListItem\",\"position\":1,\"name\":\"In\u00edcio\",\"item\":\"https:\/\/vivanatureza.com.br\/\"},{\"@type\":\"ListItem\",\"position\":2,\"name\":\"Ch\u00e1 Verde Ban Cha\"}]},{\"@type\":\"WebSite\",\"@id\":\"https:\/\/vivanatureza.com.br\/#website\",\"url\":\"https:\/\/vivanatureza.com.br\/\",\"name\":\"Viva Natureza Alimentos Naturais\",\"description\":\"Natureza e sa\u00fade em sua vida!\",\"publisher\":{\"@id\":\"https:\/\/vivanatureza.com.br\/#organization\"},\"potentialAction\":[{\"@type\":\"SearchAction\",\"target\":{\"@type\":\"EntryPoint\",\"urlTemplate\":\"https:\/\/vivanatureza.com.br\/?s={search_term_string}\"},\"query-input\":\"required name=search_term_string\"}],\"inLanguage\":\"pt-BR\"},{\"@type\":\"Organization\",\"@id\":\"https:\/\/vivanatureza.com.br\/#organization\",\"name\":\"Viva Natureza Alimentos Naturais\",\"url\":\"https:\/\/vivanatureza.com.br\/\",\"sameAs\":[],\"logo\":{\"@type\":\"ImageObject\",\"inLanguage\":\"pt-BR\",\"@id\":\"https:\/\/vivanatureza.com.br\/#\/schema\/logo\/image\/\",\"url\":\"https:\/\/vivanatureza.com.br\/wp-content\/uploads\/2017\/08\/logo_cab4.png\",\"contentUrl\":\"https:\/\/vivanatureza.com.br\/wp-content\/uploads\/2017\/08\/logo_cab4.png\",\"width\":150,\"height\":60,\"caption\":\"Viva Natureza Alimentos Naturais\"},\"image\":{\"@id\":\"https:\/\/vivanatureza.com.br\/#\/schema\/logo\/image\/\"}}]}<\/script>\n<!-- \/ Yoast SEO plugin. -->","yoast_head_json":{"title":"Ch\u00e1 Verde Ban Cha - Viva Natureza Alimentos Naturais","robots":{"index":"index","follow":"follow","max-snippet":"max-snippet:-1","max-image-preview":"max-image-preview:large","max-video-preview":"max-video-preview:-1"},"canonical":"https:\/\/vivanatureza.com.br\/?page_id=407","og_locale":"pt_BR","og_type":"article","og_title":"Ch\u00e1 Verde Ban Cha - Viva Natureza Alimentos Naturais","og_description":"Dispon\u00edvel em embalagens de 30g e 100g. Tonificante, diur\u00e9tico, analg\u00e9sico, anticoagulante e antibi\u00f3tico. Tamb\u00e9m controla o colesterol alto e a hipertens\u00e3o arterial, efeito atribu\u00eddo a subst\u00e2ncias chamadas polifen\u00f3is, encontradas nesse ch\u00e1.","og_url":"https:\/\/vivanatureza.com.br\/?page_id=407","og_site_name":"Viva Natureza Alimentos Naturais","article_modified_time":"2020-02-12T20:49:40+00:00","twitter_card":"summary_large_image","schema":{"@context":"https:\/\/schema.org","@graph":[{"@type":"WebPage","@id":"https:\/\/vivanatureza.com.br\/?page_id=407","url":"https:\/\/vivanatureza.com.br\/?page_id=407","name":"Ch\u00e1 Verde Ban Cha - Viva Natureza Alimentos Naturais","isPartOf":{"@id":"https:\/\/vivanatureza.com.br\/#website"},"datePublished":"2017-09-04T22:11:27+00:00","dateModified":"2020-02-12T20:49:40+00:00","breadcrumb":{"@id":"https:\/\/vivanatureza.com.br\/?page_id=407#breadcrumb"},"inLanguage":"pt-BR","potentialAction":[{"@type":"ReadAction","target":["https:\/\/vivanatureza.com.br\/?page_id=407"]}]},{"@type":"BreadcrumbList","@id":"https:\/\/vivanatureza.com.br\/?page_id=407#breadcrumb","itemListElement":[{"@type":"ListItem","position":1,"name":"In\u00edcio","item":"https:\/\/vivanatureza.com.br\/"},{"@type":"ListItem","position":2,"name":"Ch\u00e1 Verde Ban Cha"}]},{"@type":"WebSite","@id":"https:\/\/vivanatureza.com.br\/#website","url":"https:\/\/vivanatureza.com.br\/","name":"Viva Natureza Alimentos Naturais","description":"Natureza e sa\u00fade em sua vida!","publisher":{"@id":"https:\/\/vivanatureza.com.br\/#organization"},"potentialAction":[{"@type":"SearchAction","target":{"@type":"EntryPoint","urlTemplate":"https:\/\/vivanatureza.com.br\/?s={search_term_string}"},"query-input":"required name=search_term_string"}],"inLanguage":"pt-BR"},{"@type":"Organization","@id":"https:\/\/vivanatureza.com.br\/#organization","name":"Viva Natureza Alimentos Naturais","url":"https:\/\/vivanatureza.com.br\/","sameAs":[],"logo":{"@type":"ImageObject","inLanguage":"pt-BR","@id":"https:\/\/vivanatureza.com.br\/#\/schema\/logo\/image\/","url":"https:\/\/vivanatureza.com.br\/wp-content\/uploads\/2017\/08\/logo_cab4.png","contentUrl":"https:\/\/vivanatureza.com.br\/wp-content\/uploads\/2017\/08\/logo_cab4.png","width":150,"height":60,"caption":"Viva Natureza Alimentos Naturais"},"image":{"@id":"https:\/\/vivanatureza.com.br\/#\/schema\/logo\/image\/"}}]}},"_links":{"self":[{"href":"https:\/\/vivanatureza.com.br\/index.php?rest_route=\/wp\/v2\/pages\/407"}],"collection":[{"href":"https:\/\/vivanatureza.com.br\/index.php?rest_route=\/wp\/v2\/pages"}],"about":[{"href":"https:\/\/vivanatureza.com.br\/index.php?rest_route=\/wp\/v2\/types\/page"}],"author":[{"embeddable":true,"href":"https:\/\/vivanatureza.com.br\/index.php?rest_route=\/wp\/v2\/users\/1"}],"replies":[{"embeddable":true,"href":"https:\/\/vivanatureza.com.br\/index.php?rest_route=%2Fwp%2Fv2%2Fcomments&post=407"}],"version-history":[{"count":3,"href":"https:\/\/vivanatureza.com.br\/index.php?rest_route=\/wp\/v2\/pages\/407\/revisions"}],"predecessor-version":[{"id":1276,"href":"https:\/\/vivanatureza.com.br\/index.php?rest_route=\/wp\/v2\/pages\/407\/revisions\/1276"}],"wp:attachment":[{"href":"https:\/\/vivanatureza.com.br\/index.php?rest_route=%2Fwp%2Fv2%2Fmedia&parent=407"}],"curies":[{"name":"wp","href":"https:\/\/api.w.org\/{rel}","templated":true}]}}