{"id":388,"date":"2017-09-04T22:02:32","date_gmt":"2017-09-04T22:02:32","guid":{"rendered":"http:\/\/vivanatureza.com.br\/?page_id=388"},"modified":"2020-01-21T14:42:21","modified_gmt":"2020-01-21T14:42:21","slug":"cha-de-erva-cidreira","status":"publish","type":"page","link":"https:\/\/vivanatureza.com.br\/?page_id=388","title":{"rendered":"Ch\u00e1 de Erva Cidreira"},"content":{"rendered":"\n<figure class=\"wp-block-image is-resized\"><img loading=\"lazy\" src=\"https:\/\/vivanatureza.com.br\/wp-content\/uploads\/2020\/01\/Ch\u00e1-de-Erva-Cidreira-30g-3-768x1024.png\" alt=\"\" class=\"wp-image-1086\" width=\"349\" height=\"465\" srcset=\"https:\/\/vivanatureza.com.br\/wp-content\/uploads\/2020\/01\/Ch\u00e1-de-Erva-Cidreira-30g-3-768x1024.png 768w, https:\/\/vivanatureza.com.br\/wp-content\/uploads\/2020\/01\/Ch\u00e1-de-Erva-Cidreira-30g-3-225x300.png 225w, https:\/\/vivanatureza.com.br\/wp-content\/uploads\/2020\/01\/Ch\u00e1-de-Erva-Cidreira-30g-3.png 1199w\" sizes=\"(max-width: 349px) 100vw, 349px\" \/><\/figure>\n\n\n<p>\u00a0<\/p>\n<p>Dispon\u00edvel em embalagens PP+PE de 30g.<\/p>\n<p>Melhora a qualidade do sono, alivia dores de cabe\u00e7a, combate os gases, previne dist\u00farbios digestivos e renais, alivia as c\u00f3licas menstruais e intestinais.<\/p>","protected":false},"excerpt":{"rendered":"<p>\u00a0 Dispon\u00edvel em embalagens PP+PE de 30g. Melhora a qualidade do sono, alivia dores de cabe\u00e7a, combate os gases, previne dist\u00farbios digestivos e renais, alivia as c\u00f3licas menstruais e intestinais.<\/p>\n","protected":false},"author":1,"featured_media":0,"parent":0,"menu_order":0,"comment_status":"closed","ping_status":"closed","template":"","meta":[],"yoast_head":"<!-- This site is optimized with the Yoast SEO plugin v19.6.1 - https:\/\/yoast.com\/wordpress\/plugins\/seo\/ -->\n<title>Ch\u00e1 de Erva Cidreira - Viva Natureza Alimentos Naturais<\/title>\n<meta name=\"robots\" content=\"index, follow, max-snippet:-1, max-image-preview:large, max-video-preview:-1\" \/>\n<link rel=\"canonical\" href=\"https:\/\/vivanatureza.com.br\/?page_id=388\" \/>\n<meta property=\"og:locale\" content=\"pt_BR\" \/>\n<meta property=\"og:type\" content=\"article\" \/>\n<meta property=\"og:title\" content=\"Ch\u00e1 de Erva Cidreira - Viva Natureza Alimentos Naturais\" \/>\n<meta property=\"og:description\" content=\"\u00a0 Dispon\u00edvel em embalagens PP+PE de 30g. Melhora a qualidade do sono, alivia dores de cabe\u00e7a, combate os gases, previne dist\u00farbios digestivos e renais, alivia as c\u00f3licas menstruais e intestinais.\" \/>\n<meta property=\"og:url\" content=\"https:\/\/vivanatureza.com.br\/?page_id=388\" \/>\n<meta property=\"og:site_name\" content=\"Viva Natureza Alimentos Naturais\" \/>\n<meta property=\"article:modified_time\" content=\"2020-01-21T14:42:21+00:00\" \/>\n<meta name=\"twitter:card\" content=\"summary_large_image\" \/>\n<script type=\"application\/ld+json\" class=\"yoast-schema-graph\">{\"@context\":\"https:\/\/schema.org\",\"@graph\":[{\"@type\":\"WebPage\",\"@id\":\"https:\/\/vivanatureza.com.br\/?page_id=388\",\"url\":\"https:\/\/vivanatureza.com.br\/?page_id=388\",\"name\":\"Ch\u00e1 de Erva Cidreira - Viva Natureza Alimentos Naturais\",\"isPartOf\":{\"@id\":\"https:\/\/vivanatureza.com.br\/#website\"},\"datePublished\":\"2017-09-04T22:02:32+00:00\",\"dateModified\":\"2020-01-21T14:42:21+00:00\",\"breadcrumb\":{\"@id\":\"https:\/\/vivanatureza.com.br\/?page_id=388#breadcrumb\"},\"inLanguage\":\"pt-BR\",\"potentialAction\":[{\"@type\":\"ReadAction\",\"target\":[\"https:\/\/vivanatureza.com.br\/?page_id=388\"]}]},{\"@type\":\"BreadcrumbList\",\"@id\":\"https:\/\/vivanatureza.com.br\/?page_id=388#breadcrumb\",\"itemListElement\":[{\"@type\":\"ListItem\",\"position\":1,\"name\":\"In\u00edcio\",\"item\":\"https:\/\/vivanatureza.com.br\/\"},{\"@type\":\"ListItem\",\"position\":2,\"name\":\"Ch\u00e1 de Erva Cidreira\"}]},{\"@type\":\"WebSite\",\"@id\":\"https:\/\/vivanatureza.com.br\/#website\",\"url\":\"https:\/\/vivanatureza.com.br\/\",\"name\":\"Viva Natureza Alimentos Naturais\",\"description\":\"Natureza e sa\u00fade em sua vida!\",\"publisher\":{\"@id\":\"https:\/\/vivanatureza.com.br\/#organization\"},\"potentialAction\":[{\"@type\":\"SearchAction\",\"target\":{\"@type\":\"EntryPoint\",\"urlTemplate\":\"https:\/\/vivanatureza.com.br\/?s={search_term_string}\"},\"query-input\":\"required name=search_term_string\"}],\"inLanguage\":\"pt-BR\"},{\"@type\":\"Organization\",\"@id\":\"https:\/\/vivanatureza.com.br\/#organization\",\"name\":\"Viva Natureza Alimentos Naturais\",\"url\":\"https:\/\/vivanatureza.com.br\/\",\"sameAs\":[],\"logo\":{\"@type\":\"ImageObject\",\"inLanguage\":\"pt-BR\",\"@id\":\"https:\/\/vivanatureza.com.br\/#\/schema\/logo\/image\/\",\"url\":\"https:\/\/vivanatureza.com.br\/wp-content\/uploads\/2017\/08\/logo_cab4.png\",\"contentUrl\":\"https:\/\/vivanatureza.com.br\/wp-content\/uploads\/2017\/08\/logo_cab4.png\",\"width\":150,\"height\":60,\"caption\":\"Viva Natureza Alimentos Naturais\"},\"image\":{\"@id\":\"https:\/\/vivanatureza.com.br\/#\/schema\/logo\/image\/\"}}]}<\/script>\n<!-- \/ Yoast SEO plugin. -->","yoast_head_json":{"title":"Ch\u00e1 de Erva Cidreira - Viva Natureza Alimentos Naturais","robots":{"index":"index","follow":"follow","max-snippet":"max-snippet:-1","max-image-preview":"max-image-preview:large","max-video-preview":"max-video-preview:-1"},"canonical":"https:\/\/vivanatureza.com.br\/?page_id=388","og_locale":"pt_BR","og_type":"article","og_title":"Ch\u00e1 de Erva Cidreira - Viva Natureza Alimentos Naturais","og_description":"\u00a0 Dispon\u00edvel em embalagens PP+PE de 30g. Melhora a qualidade do sono, alivia dores de cabe\u00e7a, combate os gases, previne dist\u00farbios digestivos e renais, alivia as c\u00f3licas menstruais e intestinais.","og_url":"https:\/\/vivanatureza.com.br\/?page_id=388","og_site_name":"Viva Natureza Alimentos Naturais","article_modified_time":"2020-01-21T14:42:21+00:00","twitter_card":"summary_large_image","schema":{"@context":"https:\/\/schema.org","@graph":[{"@type":"WebPage","@id":"https:\/\/vivanatureza.com.br\/?page_id=388","url":"https:\/\/vivanatureza.com.br\/?page_id=388","name":"Ch\u00e1 de Erva Cidreira - Viva Natureza Alimentos Naturais","isPartOf":{"@id":"https:\/\/vivanatureza.com.br\/#website"},"datePublished":"2017-09-04T22:02:32+00:00","dateModified":"2020-01-21T14:42:21+00:00","breadcrumb":{"@id":"https:\/\/vivanatureza.com.br\/?page_id=388#breadcrumb"},"inLanguage":"pt-BR","potentialAction":[{"@type":"ReadAction","target":["https:\/\/vivanatureza.com.br\/?page_id=388"]}]},{"@type":"BreadcrumbList","@id":"https:\/\/vivanatureza.com.br\/?page_id=388#breadcrumb","itemListElement":[{"@type":"ListItem","position":1,"name":"In\u00edcio","item":"https:\/\/vivanatureza.com.br\/"},{"@type":"ListItem","position":2,"name":"Ch\u00e1 de Erva Cidreira"}]},{"@type":"WebSite","@id":"https:\/\/vivanatureza.com.br\/#website","url":"https:\/\/vivanatureza.com.br\/","name":"Viva Natureza Alimentos Naturais","description":"Natureza e sa\u00fade em sua vida!","publisher":{"@id":"https:\/\/vivanatureza.com.br\/#organization"},"potentialAction":[{"@type":"SearchAction","target":{"@type":"EntryPoint","urlTemplate":"https:\/\/vivanatureza.com.br\/?s={search_term_string}"},"query-input":"required name=search_term_string"}],"inLanguage":"pt-BR"},{"@type":"Organization","@id":"https:\/\/vivanatureza.com.br\/#organization","name":"Viva Natureza Alimentos Naturais","url":"https:\/\/vivanatureza.com.br\/","sameAs":[],"logo":{"@type":"ImageObject","inLanguage":"pt-BR","@id":"https:\/\/vivanatureza.com.br\/#\/schema\/logo\/image\/","url":"https:\/\/vivanatureza.com.br\/wp-content\/uploads\/2017\/08\/logo_cab4.png","contentUrl":"https:\/\/vivanatureza.com.br\/wp-content\/uploads\/2017\/08\/logo_cab4.png","width":150,"height":60,"caption":"Viva Natureza Alimentos Naturais"},"image":{"@id":"https:\/\/vivanatureza.com.br\/#\/schema\/logo\/image\/"}}]}},"_links":{"self":[{"href":"https:\/\/vivanatureza.com.br\/index.php?rest_route=\/wp\/v2\/pages\/388"}],"collection":[{"href":"https:\/\/vivanatureza.com.br\/index.php?rest_route=\/wp\/v2\/pages"}],"about":[{"href":"https:\/\/vivanatureza.com.br\/index.php?rest_route=\/wp\/v2\/types\/page"}],"author":[{"embeddable":true,"href":"https:\/\/vivanatureza.com.br\/index.php?rest_route=\/wp\/v2\/users\/1"}],"replies":[{"embeddable":true,"href":"https:\/\/vivanatureza.com.br\/index.php?rest_route=%2Fwp%2Fv2%2Fcomments&post=388"}],"version-history":[{"count":2,"href":"https:\/\/vivanatureza.com.br\/index.php?rest_route=\/wp\/v2\/pages\/388\/revisions"}],"predecessor-version":[{"id":1087,"href":"https:\/\/vivanatureza.com.br\/index.php?rest_route=\/wp\/v2\/pages\/388\/revisions\/1087"}],"wp:attachment":[{"href":"https:\/\/vivanatureza.com.br\/index.php?rest_route=%2Fwp%2Fv2%2Fmedia&parent=388"}],"curies":[{"name":"wp","href":"https:\/\/api.w.org\/{rel}","templated":true}]}}