{"id":330,"date":"2017-09-04T20:39:52","date_gmt":"2017-09-04T20:39:52","guid":{"rendered":"http:\/\/vivanatureza.com.br\/?page_id=330"},"modified":"2020-01-21T20:20:39","modified_gmt":"2020-01-21T20:20:39","slug":"farinha-de-linhaca-dourada","status":"publish","type":"page","link":"https:\/\/vivanatureza.com.br\/?page_id=330","title":{"rendered":"Farinha de Linha\u00e7a Dourada"},"content":{"rendered":"<p>\u00a0<\/p>\n<p><a href=\"https:\/\/vivanatureza.com.br\/wp-content\/uploads\/2020\/01\/Farinha-de-Linha\u00e7a-Dourada-200g-e1579637924657.png\"><img loading=\"lazy\" class=\"wp-image-1172  alignnone\" src=\"https:\/\/vivanatureza.com.br\/wp-content\/uploads\/2020\/01\/Farinha-de-Linha\u00e7a-Dourada-200g-e1579637924657-207x300.png\" alt=\"\" width=\"217\" height=\"313\" srcset=\"https:\/\/vivanatureza.com.br\/wp-content\/uploads\/2020\/01\/Farinha-de-Linha\u00e7a-Dourada-200g-e1579637924657-207x300.png 207w, https:\/\/vivanatureza.com.br\/wp-content\/uploads\/2020\/01\/Farinha-de-Linha\u00e7a-Dourada-200g-e1579637924657-768x1112.png 768w, https:\/\/vivanatureza.com.br\/wp-content\/uploads\/2020\/01\/Farinha-de-Linha\u00e7a-Dourada-200g-e1579637924657-707x1024.png 707w, https:\/\/vivanatureza.com.br\/wp-content\/uploads\/2020\/01\/Farinha-de-Linha\u00e7a-Dourada-200g-e1579637924657.png 911w\" sizes=\"(max-width: 217px) 100vw, 217px\" \/><\/a><\/p>\n\n\n<p>Dispon\u00edvel na embalagem Pouche 200g.<\/p>\n\n\n\n<p>Fonte de \u00f4mega 3, \u00f4mega 6 e lignanas. Possui 29% de prote\u00ednas ricas em amino\u00e1cidos de cadeia ramificada (mais facilmente assimilada, auxiliando a forma\u00e7\u00e3o de massa magra).<\/p>\n","protected":false},"excerpt":{"rendered":"<p>\u00a0 Dispon\u00edvel na embalagem Pouche 200g. Fonte de \u00f4mega 3, \u00f4mega 6 e lignanas. Possui 29% de prote\u00ednas ricas em amino\u00e1cidos de cadeia ramificada (mais facilmente assimilada, auxiliando a forma\u00e7\u00e3o de massa magra).<\/p>\n","protected":false},"author":1,"featured_media":0,"parent":0,"menu_order":0,"comment_status":"closed","ping_status":"closed","template":"","meta":[],"yoast_head":"<!-- This site is optimized with the Yoast SEO plugin v19.6.1 - https:\/\/yoast.com\/wordpress\/plugins\/seo\/ -->\n<title>Farinha de Linha\u00e7a Dourada - Viva Natureza Alimentos Naturais<\/title>\n<meta name=\"robots\" content=\"index, follow, max-snippet:-1, max-image-preview:large, max-video-preview:-1\" \/>\n<link rel=\"canonical\" href=\"https:\/\/vivanatureza.com.br\/?page_id=330\" \/>\n<meta property=\"og:locale\" content=\"pt_BR\" \/>\n<meta property=\"og:type\" content=\"article\" \/>\n<meta property=\"og:title\" content=\"Farinha de Linha\u00e7a Dourada - Viva Natureza Alimentos Naturais\" \/>\n<meta property=\"og:description\" content=\"\u00a0 Dispon\u00edvel na embalagem Pouche 200g. Fonte de \u00f4mega 3, \u00f4mega 6 e lignanas. Possui 29% de prote\u00ednas ricas em amino\u00e1cidos de cadeia ramificada (mais facilmente assimilada, auxiliando a forma\u00e7\u00e3o de massa magra).\" \/>\n<meta property=\"og:url\" content=\"https:\/\/vivanatureza.com.br\/?page_id=330\" \/>\n<meta property=\"og:site_name\" content=\"Viva Natureza Alimentos Naturais\" \/>\n<meta property=\"article:modified_time\" content=\"2020-01-21T20:20:39+00:00\" \/>\n<meta name=\"twitter:card\" content=\"summary_large_image\" \/>\n<script type=\"application\/ld+json\" class=\"yoast-schema-graph\">{\"@context\":\"https:\/\/schema.org\",\"@graph\":[{\"@type\":\"WebPage\",\"@id\":\"https:\/\/vivanatureza.com.br\/?page_id=330\",\"url\":\"https:\/\/vivanatureza.com.br\/?page_id=330\",\"name\":\"Farinha de Linha\u00e7a Dourada - Viva Natureza Alimentos Naturais\",\"isPartOf\":{\"@id\":\"https:\/\/vivanatureza.com.br\/#website\"},\"datePublished\":\"2017-09-04T20:39:52+00:00\",\"dateModified\":\"2020-01-21T20:20:39+00:00\",\"breadcrumb\":{\"@id\":\"https:\/\/vivanatureza.com.br\/?page_id=330#breadcrumb\"},\"inLanguage\":\"pt-BR\",\"potentialAction\":[{\"@type\":\"ReadAction\",\"target\":[\"https:\/\/vivanatureza.com.br\/?page_id=330\"]}]},{\"@type\":\"BreadcrumbList\",\"@id\":\"https:\/\/vivanatureza.com.br\/?page_id=330#breadcrumb\",\"itemListElement\":[{\"@type\":\"ListItem\",\"position\":1,\"name\":\"In\u00edcio\",\"item\":\"https:\/\/vivanatureza.com.br\/\"},{\"@type\":\"ListItem\",\"position\":2,\"name\":\"Farinha de Linha\u00e7a Dourada\"}]},{\"@type\":\"WebSite\",\"@id\":\"https:\/\/vivanatureza.com.br\/#website\",\"url\":\"https:\/\/vivanatureza.com.br\/\",\"name\":\"Viva Natureza Alimentos Naturais\",\"description\":\"Natureza e sa\u00fade em sua vida!\",\"publisher\":{\"@id\":\"https:\/\/vivanatureza.com.br\/#organization\"},\"potentialAction\":[{\"@type\":\"SearchAction\",\"target\":{\"@type\":\"EntryPoint\",\"urlTemplate\":\"https:\/\/vivanatureza.com.br\/?s={search_term_string}\"},\"query-input\":\"required name=search_term_string\"}],\"inLanguage\":\"pt-BR\"},{\"@type\":\"Organization\",\"@id\":\"https:\/\/vivanatureza.com.br\/#organization\",\"name\":\"Viva Natureza Alimentos Naturais\",\"url\":\"https:\/\/vivanatureza.com.br\/\",\"sameAs\":[],\"logo\":{\"@type\":\"ImageObject\",\"inLanguage\":\"pt-BR\",\"@id\":\"https:\/\/vivanatureza.com.br\/#\/schema\/logo\/image\/\",\"url\":\"https:\/\/vivanatureza.com.br\/wp-content\/uploads\/2017\/08\/logo_cab4.png\",\"contentUrl\":\"https:\/\/vivanatureza.com.br\/wp-content\/uploads\/2017\/08\/logo_cab4.png\",\"width\":150,\"height\":60,\"caption\":\"Viva Natureza Alimentos Naturais\"},\"image\":{\"@id\":\"https:\/\/vivanatureza.com.br\/#\/schema\/logo\/image\/\"}}]}<\/script>\n<!-- \/ Yoast SEO plugin. -->","yoast_head_json":{"title":"Farinha de Linha\u00e7a Dourada - Viva Natureza Alimentos Naturais","robots":{"index":"index","follow":"follow","max-snippet":"max-snippet:-1","max-image-preview":"max-image-preview:large","max-video-preview":"max-video-preview:-1"},"canonical":"https:\/\/vivanatureza.com.br\/?page_id=330","og_locale":"pt_BR","og_type":"article","og_title":"Farinha de Linha\u00e7a Dourada - Viva Natureza Alimentos Naturais","og_description":"\u00a0 Dispon\u00edvel na embalagem Pouche 200g. Fonte de \u00f4mega 3, \u00f4mega 6 e lignanas. Possui 29% de prote\u00ednas ricas em amino\u00e1cidos de cadeia ramificada (mais facilmente assimilada, auxiliando a forma\u00e7\u00e3o de massa magra).","og_url":"https:\/\/vivanatureza.com.br\/?page_id=330","og_site_name":"Viva Natureza Alimentos Naturais","article_modified_time":"2020-01-21T20:20:39+00:00","twitter_card":"summary_large_image","schema":{"@context":"https:\/\/schema.org","@graph":[{"@type":"WebPage","@id":"https:\/\/vivanatureza.com.br\/?page_id=330","url":"https:\/\/vivanatureza.com.br\/?page_id=330","name":"Farinha de Linha\u00e7a Dourada - Viva Natureza Alimentos Naturais","isPartOf":{"@id":"https:\/\/vivanatureza.com.br\/#website"},"datePublished":"2017-09-04T20:39:52+00:00","dateModified":"2020-01-21T20:20:39+00:00","breadcrumb":{"@id":"https:\/\/vivanatureza.com.br\/?page_id=330#breadcrumb"},"inLanguage":"pt-BR","potentialAction":[{"@type":"ReadAction","target":["https:\/\/vivanatureza.com.br\/?page_id=330"]}]},{"@type":"BreadcrumbList","@id":"https:\/\/vivanatureza.com.br\/?page_id=330#breadcrumb","itemListElement":[{"@type":"ListItem","position":1,"name":"In\u00edcio","item":"https:\/\/vivanatureza.com.br\/"},{"@type":"ListItem","position":2,"name":"Farinha de Linha\u00e7a Dourada"}]},{"@type":"WebSite","@id":"https:\/\/vivanatureza.com.br\/#website","url":"https:\/\/vivanatureza.com.br\/","name":"Viva Natureza Alimentos Naturais","description":"Natureza e sa\u00fade em sua vida!","publisher":{"@id":"https:\/\/vivanatureza.com.br\/#organization"},"potentialAction":[{"@type":"SearchAction","target":{"@type":"EntryPoint","urlTemplate":"https:\/\/vivanatureza.com.br\/?s={search_term_string}"},"query-input":"required name=search_term_string"}],"inLanguage":"pt-BR"},{"@type":"Organization","@id":"https:\/\/vivanatureza.com.br\/#organization","name":"Viva Natureza Alimentos Naturais","url":"https:\/\/vivanatureza.com.br\/","sameAs":[],"logo":{"@type":"ImageObject","inLanguage":"pt-BR","@id":"https:\/\/vivanatureza.com.br\/#\/schema\/logo\/image\/","url":"https:\/\/vivanatureza.com.br\/wp-content\/uploads\/2017\/08\/logo_cab4.png","contentUrl":"https:\/\/vivanatureza.com.br\/wp-content\/uploads\/2017\/08\/logo_cab4.png","width":150,"height":60,"caption":"Viva Natureza Alimentos Naturais"},"image":{"@id":"https:\/\/vivanatureza.com.br\/#\/schema\/logo\/image\/"}}]}},"_links":{"self":[{"href":"https:\/\/vivanatureza.com.br\/index.php?rest_route=\/wp\/v2\/pages\/330"}],"collection":[{"href":"https:\/\/vivanatureza.com.br\/index.php?rest_route=\/wp\/v2\/pages"}],"about":[{"href":"https:\/\/vivanatureza.com.br\/index.php?rest_route=\/wp\/v2\/types\/page"}],"author":[{"embeddable":true,"href":"https:\/\/vivanatureza.com.br\/index.php?rest_route=\/wp\/v2\/users\/1"}],"replies":[{"embeddable":true,"href":"https:\/\/vivanatureza.com.br\/index.php?rest_route=%2Fwp%2Fv2%2Fcomments&post=330"}],"version-history":[{"count":4,"href":"https:\/\/vivanatureza.com.br\/index.php?rest_route=\/wp\/v2\/pages\/330\/revisions"}],"predecessor-version":[{"id":1174,"href":"https:\/\/vivanatureza.com.br\/index.php?rest_route=\/wp\/v2\/pages\/330\/revisions\/1174"}],"wp:attachment":[{"href":"https:\/\/vivanatureza.com.br\/index.php?rest_route=%2Fwp%2Fv2%2Fmedia&parent=330"}],"curies":[{"name":"wp","href":"https:\/\/api.w.org\/{rel}","templated":true}]}}