{"id":291,"date":"2017-09-04T19:02:27","date_gmt":"2017-09-04T19:02:27","guid":{"rendered":"http:\/\/vivanatureza.com.br\/?page_id=291"},"modified":"2017-09-04T19:02:27","modified_gmt":"2017-09-04T19:02:27","slug":"farinha-de-beringela","status":"publish","type":"page","link":"https:\/\/vivanatureza.com.br\/?page_id=291","title":{"rendered":"Farinha de Beringela"},"content":{"rendered":"<p><a href=\"https:\/\/vivanatureza.com.br\/wp-content\/uploads\/2017\/09\/FARINHA_BERINGELA-Small.jpg\"><img loading=\"lazy\" class=\"alignnone size-medium wp-image-292\" src=\"https:\/\/vivanatureza.com.br\/wp-content\/uploads\/2017\/09\/FARINHA_BERINGELA-Small-189x300.jpg\" alt=\"\" width=\"189\" height=\"300\" srcset=\"https:\/\/vivanatureza.com.br\/wp-content\/uploads\/2017\/09\/FARINHA_BERINGELA-Small-189x300.jpg 189w, https:\/\/vivanatureza.com.br\/wp-content\/uploads\/2017\/09\/FARINHA_BERINGELA-Small.jpg 480w\" sizes=\"(max-width: 189px) 100vw, 189px\" \/><\/a>100g e 200g<\/p>\n<p>\u00d3tima fonte de fibras sol\u00faveis que aumenta a sensa\u00e7\u00e3o de saciedade e ainda auxilia no emagrecimento atrav\u00e9s da niacina (vitamina B3). Atua em n\u00edvel intestinal, previne a pris\u00e3o de ventre e inibe a absor\u00e7\u00e3o de subst\u00e2ncias \u00a0gordurosas reduzindo\u00a0o colesterol LDL (colesterol ruim), triglic\u00e9rides e \u00e1cido \u00farico.<\/p>\n","protected":false},"excerpt":{"rendered":"<p>100g e 200g \u00d3tima fonte de fibras sol\u00faveis que aumenta a sensa\u00e7\u00e3o de saciedade e ainda auxilia no emagrecimento atrav\u00e9s da niacina (vitamina B3). Atua em n\u00edvel intestinal, previne a pris\u00e3o de ventre e inibe a absor\u00e7\u00e3o de subst\u00e2ncias \u00a0gordurosas [&hellip;]<\/p>\n","protected":false},"author":1,"featured_media":0,"parent":0,"menu_order":0,"comment_status":"closed","ping_status":"closed","template":"","meta":[],"yoast_head":"<!-- This site is optimized with the Yoast SEO plugin v19.6.1 - https:\/\/yoast.com\/wordpress\/plugins\/seo\/ -->\n<title>Farinha de Beringela - Viva Natureza Alimentos Naturais<\/title>\n<meta name=\"robots\" content=\"index, follow, max-snippet:-1, max-image-preview:large, max-video-preview:-1\" \/>\n<link rel=\"canonical\" href=\"https:\/\/vivanatureza.com.br\/?page_id=291\" \/>\n<meta property=\"og:locale\" content=\"pt_BR\" \/>\n<meta property=\"og:type\" content=\"article\" \/>\n<meta property=\"og:title\" content=\"Farinha de Beringela - Viva Natureza Alimentos Naturais\" \/>\n<meta property=\"og:description\" content=\"100g e 200g \u00d3tima fonte de fibras sol\u00faveis que aumenta a sensa\u00e7\u00e3o de saciedade e ainda auxilia no emagrecimento atrav\u00e9s da niacina (vitamina B3). Atua em n\u00edvel intestinal, previne a pris\u00e3o de ventre e inibe a absor\u00e7\u00e3o de subst\u00e2ncias \u00a0gordurosas [&hellip;]\" \/>\n<meta property=\"og:url\" content=\"https:\/\/vivanatureza.com.br\/?page_id=291\" \/>\n<meta property=\"og:site_name\" content=\"Viva Natureza Alimentos Naturais\" \/>\n<meta property=\"og:image\" content=\"http:\/\/vivanatureza.com.br\/wp-content\/uploads\/2017\/09\/FARINHA_BERINGELA-Small-189x300.jpg\" \/>\n<meta name=\"twitter:card\" content=\"summary_large_image\" \/>\n<script type=\"application\/ld+json\" class=\"yoast-schema-graph\">{\"@context\":\"https:\/\/schema.org\",\"@graph\":[{\"@type\":\"WebPage\",\"@id\":\"https:\/\/vivanatureza.com.br\/?page_id=291\",\"url\":\"https:\/\/vivanatureza.com.br\/?page_id=291\",\"name\":\"Farinha de Beringela - Viva Natureza Alimentos Naturais\",\"isPartOf\":{\"@id\":\"https:\/\/vivanatureza.com.br\/#website\"},\"datePublished\":\"2017-09-04T19:02:27+00:00\",\"dateModified\":\"2017-09-04T19:02:27+00:00\",\"breadcrumb\":{\"@id\":\"https:\/\/vivanatureza.com.br\/?page_id=291#breadcrumb\"},\"inLanguage\":\"pt-BR\",\"potentialAction\":[{\"@type\":\"ReadAction\",\"target\":[\"https:\/\/vivanatureza.com.br\/?page_id=291\"]}]},{\"@type\":\"BreadcrumbList\",\"@id\":\"https:\/\/vivanatureza.com.br\/?page_id=291#breadcrumb\",\"itemListElement\":[{\"@type\":\"ListItem\",\"position\":1,\"name\":\"In\u00edcio\",\"item\":\"https:\/\/vivanatureza.com.br\/\"},{\"@type\":\"ListItem\",\"position\":2,\"name\":\"Farinha de Beringela\"}]},{\"@type\":\"WebSite\",\"@id\":\"https:\/\/vivanatureza.com.br\/#website\",\"url\":\"https:\/\/vivanatureza.com.br\/\",\"name\":\"Viva Natureza Alimentos Naturais\",\"description\":\"Natureza e sa\u00fade em sua vida!\",\"publisher\":{\"@id\":\"https:\/\/vivanatureza.com.br\/#organization\"},\"potentialAction\":[{\"@type\":\"SearchAction\",\"target\":{\"@type\":\"EntryPoint\",\"urlTemplate\":\"https:\/\/vivanatureza.com.br\/?s={search_term_string}\"},\"query-input\":\"required name=search_term_string\"}],\"inLanguage\":\"pt-BR\"},{\"@type\":\"Organization\",\"@id\":\"https:\/\/vivanatureza.com.br\/#organization\",\"name\":\"Viva Natureza Alimentos Naturais\",\"url\":\"https:\/\/vivanatureza.com.br\/\",\"sameAs\":[],\"logo\":{\"@type\":\"ImageObject\",\"inLanguage\":\"pt-BR\",\"@id\":\"https:\/\/vivanatureza.com.br\/#\/schema\/logo\/image\/\",\"url\":\"https:\/\/vivanatureza.com.br\/wp-content\/uploads\/2017\/08\/logo_cab4.png\",\"contentUrl\":\"https:\/\/vivanatureza.com.br\/wp-content\/uploads\/2017\/08\/logo_cab4.png\",\"width\":150,\"height\":60,\"caption\":\"Viva Natureza Alimentos Naturais\"},\"image\":{\"@id\":\"https:\/\/vivanatureza.com.br\/#\/schema\/logo\/image\/\"}}]}<\/script>\n<!-- \/ Yoast SEO plugin. -->","yoast_head_json":{"title":"Farinha de Beringela - Viva Natureza Alimentos Naturais","robots":{"index":"index","follow":"follow","max-snippet":"max-snippet:-1","max-image-preview":"max-image-preview:large","max-video-preview":"max-video-preview:-1"},"canonical":"https:\/\/vivanatureza.com.br\/?page_id=291","og_locale":"pt_BR","og_type":"article","og_title":"Farinha de Beringela - Viva Natureza Alimentos Naturais","og_description":"100g e 200g \u00d3tima fonte de fibras sol\u00faveis que aumenta a sensa\u00e7\u00e3o de saciedade e ainda auxilia no emagrecimento atrav\u00e9s da niacina (vitamina B3). Atua em n\u00edvel intestinal, previne a pris\u00e3o de ventre e inibe a absor\u00e7\u00e3o de subst\u00e2ncias \u00a0gordurosas [&hellip;]","og_url":"https:\/\/vivanatureza.com.br\/?page_id=291","og_site_name":"Viva Natureza Alimentos Naturais","og_image":[{"url":"http:\/\/vivanatureza.com.br\/wp-content\/uploads\/2017\/09\/FARINHA_BERINGELA-Small-189x300.jpg"}],"twitter_card":"summary_large_image","schema":{"@context":"https:\/\/schema.org","@graph":[{"@type":"WebPage","@id":"https:\/\/vivanatureza.com.br\/?page_id=291","url":"https:\/\/vivanatureza.com.br\/?page_id=291","name":"Farinha de Beringela - Viva Natureza Alimentos Naturais","isPartOf":{"@id":"https:\/\/vivanatureza.com.br\/#website"},"datePublished":"2017-09-04T19:02:27+00:00","dateModified":"2017-09-04T19:02:27+00:00","breadcrumb":{"@id":"https:\/\/vivanatureza.com.br\/?page_id=291#breadcrumb"},"inLanguage":"pt-BR","potentialAction":[{"@type":"ReadAction","target":["https:\/\/vivanatureza.com.br\/?page_id=291"]}]},{"@type":"BreadcrumbList","@id":"https:\/\/vivanatureza.com.br\/?page_id=291#breadcrumb","itemListElement":[{"@type":"ListItem","position":1,"name":"In\u00edcio","item":"https:\/\/vivanatureza.com.br\/"},{"@type":"ListItem","position":2,"name":"Farinha de Beringela"}]},{"@type":"WebSite","@id":"https:\/\/vivanatureza.com.br\/#website","url":"https:\/\/vivanatureza.com.br\/","name":"Viva Natureza Alimentos Naturais","description":"Natureza e sa\u00fade em sua vida!","publisher":{"@id":"https:\/\/vivanatureza.com.br\/#organization"},"potentialAction":[{"@type":"SearchAction","target":{"@type":"EntryPoint","urlTemplate":"https:\/\/vivanatureza.com.br\/?s={search_term_string}"},"query-input":"required name=search_term_string"}],"inLanguage":"pt-BR"},{"@type":"Organization","@id":"https:\/\/vivanatureza.com.br\/#organization","name":"Viva Natureza Alimentos Naturais","url":"https:\/\/vivanatureza.com.br\/","sameAs":[],"logo":{"@type":"ImageObject","inLanguage":"pt-BR","@id":"https:\/\/vivanatureza.com.br\/#\/schema\/logo\/image\/","url":"https:\/\/vivanatureza.com.br\/wp-content\/uploads\/2017\/08\/logo_cab4.png","contentUrl":"https:\/\/vivanatureza.com.br\/wp-content\/uploads\/2017\/08\/logo_cab4.png","width":150,"height":60,"caption":"Viva Natureza Alimentos Naturais"},"image":{"@id":"https:\/\/vivanatureza.com.br\/#\/schema\/logo\/image\/"}}]}},"_links":{"self":[{"href":"https:\/\/vivanatureza.com.br\/index.php?rest_route=\/wp\/v2\/pages\/291"}],"collection":[{"href":"https:\/\/vivanatureza.com.br\/index.php?rest_route=\/wp\/v2\/pages"}],"about":[{"href":"https:\/\/vivanatureza.com.br\/index.php?rest_route=\/wp\/v2\/types\/page"}],"author":[{"embeddable":true,"href":"https:\/\/vivanatureza.com.br\/index.php?rest_route=\/wp\/v2\/users\/1"}],"replies":[{"embeddable":true,"href":"https:\/\/vivanatureza.com.br\/index.php?rest_route=%2Fwp%2Fv2%2Fcomments&post=291"}],"version-history":[{"count":1,"href":"https:\/\/vivanatureza.com.br\/index.php?rest_route=\/wp\/v2\/pages\/291\/revisions"}],"predecessor-version":[{"id":293,"href":"https:\/\/vivanatureza.com.br\/index.php?rest_route=\/wp\/v2\/pages\/291\/revisions\/293"}],"wp:attachment":[{"href":"https:\/\/vivanatureza.com.br\/index.php?rest_route=%2Fwp%2Fv2%2Fmedia&parent=291"}],"curies":[{"name":"wp","href":"https:\/\/api.w.org\/{rel}","templated":true}]}}