{"id":215,"date":"2017-08-31T00:26:30","date_gmt":"2017-08-31T00:26:30","guid":{"rendered":"http:\/\/vivanatureza.com.br\/?page_id=215"},"modified":"2017-08-31T00:26:30","modified_gmt":"2017-08-31T00:26:30","slug":"acai-desidratado-po","status":"publish","type":"page","link":"https:\/\/vivanatureza.com.br\/?page_id=215","title":{"rendered":"A\u00e7a\u00ed Desidratado (p\u00f3)"},"content":{"rendered":"<p><a href=\"https:\/\/vivanatureza.com.br\/wp-content\/uploads\/2017\/08\/A\u00c7AI_DESIDRATADO-Small.jpg\"><img loading=\"lazy\" class=\"alignnone size-medium wp-image-216\" src=\"https:\/\/vivanatureza.com.br\/wp-content\/uploads\/2017\/08\/A\u00c7AI_DESIDRATADO-Small-212x300.jpg\" alt=\"\" width=\"212\" height=\"300\" srcset=\"https:\/\/vivanatureza.com.br\/wp-content\/uploads\/2017\/08\/A\u00c7AI_DESIDRATADO-Small-212x300.jpg 212w, https:\/\/vivanatureza.com.br\/wp-content\/uploads\/2017\/08\/A\u00c7AI_DESIDRATADO-Small.jpg 480w\" sizes=\"(max-width: 212px) 100vw, 212px\" \/><\/a><\/p>\n<p>50g<\/p>\n<p>O a\u00e7a\u00ed desidratado em p\u00f3 \u00e9 um forte energ\u00e9tico. \u00c9 rico em vitaminas E, B1, B2, B3 e C, fibras, c\u00e1lcio, f\u00f3sforo, ferro, minerais e pot\u00e1ssio, al\u00e9m de \u00e1cidos graxos, e tamb\u00e9m em antioxidantes.<\/p>\n","protected":false},"excerpt":{"rendered":"<p>50g O a\u00e7a\u00ed desidratado em p\u00f3 \u00e9 um forte energ\u00e9tico. \u00c9 rico em vitaminas E, B1, B2, B3 e C, fibras, c\u00e1lcio, f\u00f3sforo, ferro, minerais e pot\u00e1ssio, al\u00e9m de \u00e1cidos graxos, e tamb\u00e9m em antioxidantes.<\/p>\n","protected":false},"author":1,"featured_media":0,"parent":0,"menu_order":0,"comment_status":"closed","ping_status":"closed","template":"","meta":[],"yoast_head":"<!-- This site is optimized with the Yoast SEO plugin v19.6.1 - https:\/\/yoast.com\/wordpress\/plugins\/seo\/ -->\n<title>A\u00e7a\u00ed Desidratado (p\u00f3) - Viva Natureza Alimentos Naturais<\/title>\n<meta name=\"robots\" content=\"index, follow, max-snippet:-1, max-image-preview:large, max-video-preview:-1\" \/>\n<link rel=\"canonical\" href=\"https:\/\/vivanatureza.com.br\/?page_id=215\" \/>\n<meta property=\"og:locale\" content=\"pt_BR\" \/>\n<meta property=\"og:type\" content=\"article\" \/>\n<meta property=\"og:title\" content=\"A\u00e7a\u00ed Desidratado (p\u00f3) - Viva Natureza Alimentos Naturais\" \/>\n<meta property=\"og:description\" content=\"50g O a\u00e7a\u00ed desidratado em p\u00f3 \u00e9 um forte energ\u00e9tico. \u00c9 rico em vitaminas E, B1, B2, B3 e C, fibras, c\u00e1lcio, f\u00f3sforo, ferro, minerais e pot\u00e1ssio, al\u00e9m de \u00e1cidos graxos, e tamb\u00e9m em antioxidantes.\" \/>\n<meta property=\"og:url\" content=\"https:\/\/vivanatureza.com.br\/?page_id=215\" \/>\n<meta property=\"og:site_name\" content=\"Viva Natureza Alimentos Naturais\" \/>\n<meta name=\"twitter:card\" content=\"summary_large_image\" \/>\n<script type=\"application\/ld+json\" class=\"yoast-schema-graph\">{\"@context\":\"https:\/\/schema.org\",\"@graph\":[{\"@type\":\"WebPage\",\"@id\":\"https:\/\/vivanatureza.com.br\/?page_id=215\",\"url\":\"https:\/\/vivanatureza.com.br\/?page_id=215\",\"name\":\"A\u00e7a\u00ed Desidratado (p\u00f3) - Viva Natureza Alimentos Naturais\",\"isPartOf\":{\"@id\":\"https:\/\/vivanatureza.com.br\/#website\"},\"datePublished\":\"2017-08-31T00:26:30+00:00\",\"dateModified\":\"2017-08-31T00:26:30+00:00\",\"breadcrumb\":{\"@id\":\"https:\/\/vivanatureza.com.br\/?page_id=215#breadcrumb\"},\"inLanguage\":\"pt-BR\",\"potentialAction\":[{\"@type\":\"ReadAction\",\"target\":[\"https:\/\/vivanatureza.com.br\/?page_id=215\"]}]},{\"@type\":\"BreadcrumbList\",\"@id\":\"https:\/\/vivanatureza.com.br\/?page_id=215#breadcrumb\",\"itemListElement\":[{\"@type\":\"ListItem\",\"position\":1,\"name\":\"In\u00edcio\",\"item\":\"https:\/\/vivanatureza.com.br\/\"},{\"@type\":\"ListItem\",\"position\":2,\"name\":\"A\u00e7a\u00ed Desidratado (p\u00f3)\"}]},{\"@type\":\"WebSite\",\"@id\":\"https:\/\/vivanatureza.com.br\/#website\",\"url\":\"https:\/\/vivanatureza.com.br\/\",\"name\":\"Viva Natureza Alimentos Naturais\",\"description\":\"Natureza e sa\u00fade em sua vida!\",\"publisher\":{\"@id\":\"https:\/\/vivanatureza.com.br\/#organization\"},\"potentialAction\":[{\"@type\":\"SearchAction\",\"target\":{\"@type\":\"EntryPoint\",\"urlTemplate\":\"https:\/\/vivanatureza.com.br\/?s={search_term_string}\"},\"query-input\":\"required name=search_term_string\"}],\"inLanguage\":\"pt-BR\"},{\"@type\":\"Organization\",\"@id\":\"https:\/\/vivanatureza.com.br\/#organization\",\"name\":\"Viva Natureza Alimentos Naturais\",\"url\":\"https:\/\/vivanatureza.com.br\/\",\"sameAs\":[],\"logo\":{\"@type\":\"ImageObject\",\"inLanguage\":\"pt-BR\",\"@id\":\"https:\/\/vivanatureza.com.br\/#\/schema\/logo\/image\/\",\"url\":\"https:\/\/vivanatureza.com.br\/wp-content\/uploads\/2017\/08\/logo_cab4.png\",\"contentUrl\":\"https:\/\/vivanatureza.com.br\/wp-content\/uploads\/2017\/08\/logo_cab4.png\",\"width\":150,\"height\":60,\"caption\":\"Viva Natureza Alimentos Naturais\"},\"image\":{\"@id\":\"https:\/\/vivanatureza.com.br\/#\/schema\/logo\/image\/\"}}]}<\/script>\n<!-- \/ Yoast SEO plugin. -->","yoast_head_json":{"title":"A\u00e7a\u00ed Desidratado (p\u00f3) - Viva Natureza Alimentos Naturais","robots":{"index":"index","follow":"follow","max-snippet":"max-snippet:-1","max-image-preview":"max-image-preview:large","max-video-preview":"max-video-preview:-1"},"canonical":"https:\/\/vivanatureza.com.br\/?page_id=215","og_locale":"pt_BR","og_type":"article","og_title":"A\u00e7a\u00ed Desidratado (p\u00f3) - Viva Natureza Alimentos Naturais","og_description":"50g O a\u00e7a\u00ed desidratado em p\u00f3 \u00e9 um forte energ\u00e9tico. \u00c9 rico em vitaminas E, B1, B2, B3 e C, fibras, c\u00e1lcio, f\u00f3sforo, ferro, minerais e pot\u00e1ssio, al\u00e9m de \u00e1cidos graxos, e tamb\u00e9m em antioxidantes.","og_url":"https:\/\/vivanatureza.com.br\/?page_id=215","og_site_name":"Viva Natureza Alimentos Naturais","twitter_card":"summary_large_image","schema":{"@context":"https:\/\/schema.org","@graph":[{"@type":"WebPage","@id":"https:\/\/vivanatureza.com.br\/?page_id=215","url":"https:\/\/vivanatureza.com.br\/?page_id=215","name":"A\u00e7a\u00ed Desidratado (p\u00f3) - Viva Natureza Alimentos Naturais","isPartOf":{"@id":"https:\/\/vivanatureza.com.br\/#website"},"datePublished":"2017-08-31T00:26:30+00:00","dateModified":"2017-08-31T00:26:30+00:00","breadcrumb":{"@id":"https:\/\/vivanatureza.com.br\/?page_id=215#breadcrumb"},"inLanguage":"pt-BR","potentialAction":[{"@type":"ReadAction","target":["https:\/\/vivanatureza.com.br\/?page_id=215"]}]},{"@type":"BreadcrumbList","@id":"https:\/\/vivanatureza.com.br\/?page_id=215#breadcrumb","itemListElement":[{"@type":"ListItem","position":1,"name":"In\u00edcio","item":"https:\/\/vivanatureza.com.br\/"},{"@type":"ListItem","position":2,"name":"A\u00e7a\u00ed Desidratado (p\u00f3)"}]},{"@type":"WebSite","@id":"https:\/\/vivanatureza.com.br\/#website","url":"https:\/\/vivanatureza.com.br\/","name":"Viva Natureza Alimentos Naturais","description":"Natureza e sa\u00fade em sua vida!","publisher":{"@id":"https:\/\/vivanatureza.com.br\/#organization"},"potentialAction":[{"@type":"SearchAction","target":{"@type":"EntryPoint","urlTemplate":"https:\/\/vivanatureza.com.br\/?s={search_term_string}"},"query-input":"required name=search_term_string"}],"inLanguage":"pt-BR"},{"@type":"Organization","@id":"https:\/\/vivanatureza.com.br\/#organization","name":"Viva Natureza Alimentos Naturais","url":"https:\/\/vivanatureza.com.br\/","sameAs":[],"logo":{"@type":"ImageObject","inLanguage":"pt-BR","@id":"https:\/\/vivanatureza.com.br\/#\/schema\/logo\/image\/","url":"https:\/\/vivanatureza.com.br\/wp-content\/uploads\/2017\/08\/logo_cab4.png","contentUrl":"https:\/\/vivanatureza.com.br\/wp-content\/uploads\/2017\/08\/logo_cab4.png","width":150,"height":60,"caption":"Viva Natureza Alimentos Naturais"},"image":{"@id":"https:\/\/vivanatureza.com.br\/#\/schema\/logo\/image\/"}}]}},"_links":{"self":[{"href":"https:\/\/vivanatureza.com.br\/index.php?rest_route=\/wp\/v2\/pages\/215"}],"collection":[{"href":"https:\/\/vivanatureza.com.br\/index.php?rest_route=\/wp\/v2\/pages"}],"about":[{"href":"https:\/\/vivanatureza.com.br\/index.php?rest_route=\/wp\/v2\/types\/page"}],"author":[{"embeddable":true,"href":"https:\/\/vivanatureza.com.br\/index.php?rest_route=\/wp\/v2\/users\/1"}],"replies":[{"embeddable":true,"href":"https:\/\/vivanatureza.com.br\/index.php?rest_route=%2Fwp%2Fv2%2Fcomments&post=215"}],"version-history":[{"count":1,"href":"https:\/\/vivanatureza.com.br\/index.php?rest_route=\/wp\/v2\/pages\/215\/revisions"}],"predecessor-version":[{"id":217,"href":"https:\/\/vivanatureza.com.br\/index.php?rest_route=\/wp\/v2\/pages\/215\/revisions\/217"}],"wp:attachment":[{"href":"https:\/\/vivanatureza.com.br\/index.php?rest_route=%2Fwp%2Fv2%2Fmedia&parent=215"}],"curies":[{"name":"wp","href":"https:\/\/api.w.org\/{rel}","templated":true}]}}