{"id":1531,"date":"2022-08-17T20:15:22","date_gmt":"2022-08-17T23:15:22","guid":{"rendered":"https:\/\/vivanatureza.com.br\/?page_id=1531"},"modified":"2022-08-17T20:15:24","modified_gmt":"2022-08-17T23:15:24","slug":"prostamil","status":"publish","type":"page","link":"https:\/\/vivanatureza.com.br\/?page_id=1531","title":{"rendered":"Prostamil"},"content":{"rendered":"\n<figure class=\"wp-block-image size-large is-resized\"><a href=\"https:\/\/vivanatureza.com.br\/wp-content\/uploads\/2022\/08\/Prostamil-1.png\"><img loading=\"lazy\" src=\"https:\/\/vivanatureza.com.br\/wp-content\/uploads\/2022\/08\/Prostamil-1.png\" alt=\"\" class=\"wp-image-1532\" width=\"436\" height=\"542\" srcset=\"https:\/\/vivanatureza.com.br\/wp-content\/uploads\/2022\/08\/Prostamil-1.png 783w, https:\/\/vivanatureza.com.br\/wp-content\/uploads\/2022\/08\/Prostamil-1-242x300.png 242w, https:\/\/vivanatureza.com.br\/wp-content\/uploads\/2022\/08\/Prostamil-1-768x953.png 768w\" sizes=\"(max-width: 436px) 100vw, 436px\" \/><\/a><\/figure>\n\n\n\n<p>O Prostamil cont\u00e9m Farinha de Semente de Ab\u00f3bora, que possui propriedades antioxidantes por ser abundante em Vitaminas E e C e Beta Carotenos e que agem prevenindo a propaga\u00e7\u00e3o das rea\u00e7\u00f5es dos radicais livres no organismo. Os compostos fito-qu\u00edmicos da ab\u00f3bora foram associados \u00e0 preven\u00e7\u00e3o de c\u00e2ncer de pr\u00f3stata em diversos estudos cient\u00edficos.<\/p>\n\n\n\n<p>O Prostamil tamb\u00e9m cont\u00e9m C\u00farcuma, rica em muitos caroten\u00f3ides. Curcumina, seu princ\u00edpio ativo, \u00e9 um antioxidante muito importante e um dos maiores anti-inflamat\u00f3rios naturais.<\/p>\n\n\n\n<p>Al\u00e9m disso, outros poderosos anti-inflamat\u00f3rios e antioxidantes tamb\u00e9m fazem parte da composi\u00e7\u00e3o do Prostamil. Eles contribuem eficazmente para o processo de desinflama\u00e7\u00e3o da pr\u00f3stata e vias urin\u00e1rias em geral, progressivamente proporcionando uma redu\u00e7\u00e3o das idas ao banheiro para urinar, melhora do jato urin\u00e1rio, menor incid\u00eancia de infec\u00e7\u00f5es urin\u00e1rias, e uma melhor qualidade do sono.<\/p>\n","protected":false},"excerpt":{"rendered":"<p>O Prostamil cont\u00e9m Farinha de Semente de Ab\u00f3bora, que possui propriedades antioxidantes por ser abundante em Vitaminas E e C e Beta Carotenos e que agem prevenindo a propaga\u00e7\u00e3o das rea\u00e7\u00f5es dos radicais livres no organismo. Os compostos fito-qu\u00edmicos da [&hellip;]<\/p>\n","protected":false},"author":1,"featured_media":0,"parent":0,"menu_order":0,"comment_status":"closed","ping_status":"closed","template":"","meta":[],"yoast_head":"<!-- This site is optimized with the Yoast SEO plugin v19.6.1 - https:\/\/yoast.com\/wordpress\/plugins\/seo\/ -->\n<title>Prostamil - Viva Natureza Alimentos Naturais<\/title>\n<meta name=\"robots\" content=\"index, follow, max-snippet:-1, max-image-preview:large, max-video-preview:-1\" \/>\n<link rel=\"canonical\" href=\"https:\/\/vivanatureza.com.br\/?page_id=1531\" \/>\n<meta property=\"og:locale\" content=\"pt_BR\" \/>\n<meta property=\"og:type\" content=\"article\" \/>\n<meta property=\"og:title\" content=\"Prostamil - Viva Natureza Alimentos Naturais\" \/>\n<meta property=\"og:description\" content=\"O Prostamil cont\u00e9m Farinha de Semente de Ab\u00f3bora, que possui propriedades antioxidantes por ser abundante em Vitaminas E e C e Beta Carotenos e que agem prevenindo a propaga\u00e7\u00e3o das rea\u00e7\u00f5es dos radicais livres no organismo. Os compostos fito-qu\u00edmicos da [&hellip;]\" \/>\n<meta property=\"og:url\" content=\"https:\/\/vivanatureza.com.br\/?page_id=1531\" \/>\n<meta property=\"og:site_name\" content=\"Viva Natureza Alimentos Naturais\" \/>\n<meta property=\"article:modified_time\" content=\"2022-08-17T23:15:24+00:00\" \/>\n<meta property=\"og:image\" content=\"https:\/\/vivanatureza.com.br\/wp-content\/uploads\/2022\/08\/Prostamil-1.png\" \/>\n<meta name=\"twitter:card\" content=\"summary_large_image\" \/>\n<meta name=\"twitter:label1\" content=\"Est. tempo de leitura\" \/>\n\t<meta name=\"twitter:data1\" content=\"1 minuto\" \/>\n<script type=\"application\/ld+json\" class=\"yoast-schema-graph\">{\"@context\":\"https:\/\/schema.org\",\"@graph\":[{\"@type\":\"WebPage\",\"@id\":\"https:\/\/vivanatureza.com.br\/?page_id=1531\",\"url\":\"https:\/\/vivanatureza.com.br\/?page_id=1531\",\"name\":\"Prostamil - Viva Natureza Alimentos Naturais\",\"isPartOf\":{\"@id\":\"https:\/\/vivanatureza.com.br\/#website\"},\"datePublished\":\"2022-08-17T23:15:22+00:00\",\"dateModified\":\"2022-08-17T23:15:24+00:00\",\"breadcrumb\":{\"@id\":\"https:\/\/vivanatureza.com.br\/?page_id=1531#breadcrumb\"},\"inLanguage\":\"pt-BR\",\"potentialAction\":[{\"@type\":\"ReadAction\",\"target\":[\"https:\/\/vivanatureza.com.br\/?page_id=1531\"]}]},{\"@type\":\"BreadcrumbList\",\"@id\":\"https:\/\/vivanatureza.com.br\/?page_id=1531#breadcrumb\",\"itemListElement\":[{\"@type\":\"ListItem\",\"position\":1,\"name\":\"In\u00edcio\",\"item\":\"https:\/\/vivanatureza.com.br\/\"},{\"@type\":\"ListItem\",\"position\":2,\"name\":\"Prostamil\"}]},{\"@type\":\"WebSite\",\"@id\":\"https:\/\/vivanatureza.com.br\/#website\",\"url\":\"https:\/\/vivanatureza.com.br\/\",\"name\":\"Viva Natureza Alimentos Naturais\",\"description\":\"Natureza e sa\u00fade em sua vida!\",\"publisher\":{\"@id\":\"https:\/\/vivanatureza.com.br\/#organization\"},\"potentialAction\":[{\"@type\":\"SearchAction\",\"target\":{\"@type\":\"EntryPoint\",\"urlTemplate\":\"https:\/\/vivanatureza.com.br\/?s={search_term_string}\"},\"query-input\":\"required name=search_term_string\"}],\"inLanguage\":\"pt-BR\"},{\"@type\":\"Organization\",\"@id\":\"https:\/\/vivanatureza.com.br\/#organization\",\"name\":\"Viva Natureza Alimentos Naturais\",\"url\":\"https:\/\/vivanatureza.com.br\/\",\"sameAs\":[],\"logo\":{\"@type\":\"ImageObject\",\"inLanguage\":\"pt-BR\",\"@id\":\"https:\/\/vivanatureza.com.br\/#\/schema\/logo\/image\/\",\"url\":\"https:\/\/vivanatureza.com.br\/wp-content\/uploads\/2017\/08\/logo_cab4.png\",\"contentUrl\":\"https:\/\/vivanatureza.com.br\/wp-content\/uploads\/2017\/08\/logo_cab4.png\",\"width\":150,\"height\":60,\"caption\":\"Viva Natureza Alimentos Naturais\"},\"image\":{\"@id\":\"https:\/\/vivanatureza.com.br\/#\/schema\/logo\/image\/\"}}]}<\/script>\n<!-- \/ Yoast SEO plugin. -->","yoast_head_json":{"title":"Prostamil - Viva Natureza Alimentos Naturais","robots":{"index":"index","follow":"follow","max-snippet":"max-snippet:-1","max-image-preview":"max-image-preview:large","max-video-preview":"max-video-preview:-1"},"canonical":"https:\/\/vivanatureza.com.br\/?page_id=1531","og_locale":"pt_BR","og_type":"article","og_title":"Prostamil - Viva Natureza Alimentos Naturais","og_description":"O Prostamil cont\u00e9m Farinha de Semente de Ab\u00f3bora, que possui propriedades antioxidantes por ser abundante em Vitaminas E e C e Beta Carotenos e que agem prevenindo a propaga\u00e7\u00e3o das rea\u00e7\u00f5es dos radicais livres no organismo. Os compostos fito-qu\u00edmicos da [&hellip;]","og_url":"https:\/\/vivanatureza.com.br\/?page_id=1531","og_site_name":"Viva Natureza Alimentos Naturais","article_modified_time":"2022-08-17T23:15:24+00:00","og_image":[{"url":"https:\/\/vivanatureza.com.br\/wp-content\/uploads\/2022\/08\/Prostamil-1.png"}],"twitter_card":"summary_large_image","twitter_misc":{"Est. tempo de leitura":"1 minuto"},"schema":{"@context":"https:\/\/schema.org","@graph":[{"@type":"WebPage","@id":"https:\/\/vivanatureza.com.br\/?page_id=1531","url":"https:\/\/vivanatureza.com.br\/?page_id=1531","name":"Prostamil - Viva Natureza Alimentos Naturais","isPartOf":{"@id":"https:\/\/vivanatureza.com.br\/#website"},"datePublished":"2022-08-17T23:15:22+00:00","dateModified":"2022-08-17T23:15:24+00:00","breadcrumb":{"@id":"https:\/\/vivanatureza.com.br\/?page_id=1531#breadcrumb"},"inLanguage":"pt-BR","potentialAction":[{"@type":"ReadAction","target":["https:\/\/vivanatureza.com.br\/?page_id=1531"]}]},{"@type":"BreadcrumbList","@id":"https:\/\/vivanatureza.com.br\/?page_id=1531#breadcrumb","itemListElement":[{"@type":"ListItem","position":1,"name":"In\u00edcio","item":"https:\/\/vivanatureza.com.br\/"},{"@type":"ListItem","position":2,"name":"Prostamil"}]},{"@type":"WebSite","@id":"https:\/\/vivanatureza.com.br\/#website","url":"https:\/\/vivanatureza.com.br\/","name":"Viva Natureza Alimentos Naturais","description":"Natureza e sa\u00fade em sua vida!","publisher":{"@id":"https:\/\/vivanatureza.com.br\/#organization"},"potentialAction":[{"@type":"SearchAction","target":{"@type":"EntryPoint","urlTemplate":"https:\/\/vivanatureza.com.br\/?s={search_term_string}"},"query-input":"required name=search_term_string"}],"inLanguage":"pt-BR"},{"@type":"Organization","@id":"https:\/\/vivanatureza.com.br\/#organization","name":"Viva Natureza Alimentos Naturais","url":"https:\/\/vivanatureza.com.br\/","sameAs":[],"logo":{"@type":"ImageObject","inLanguage":"pt-BR","@id":"https:\/\/vivanatureza.com.br\/#\/schema\/logo\/image\/","url":"https:\/\/vivanatureza.com.br\/wp-content\/uploads\/2017\/08\/logo_cab4.png","contentUrl":"https:\/\/vivanatureza.com.br\/wp-content\/uploads\/2017\/08\/logo_cab4.png","width":150,"height":60,"caption":"Viva Natureza Alimentos Naturais"},"image":{"@id":"https:\/\/vivanatureza.com.br\/#\/schema\/logo\/image\/"}}]}},"_links":{"self":[{"href":"https:\/\/vivanatureza.com.br\/index.php?rest_route=\/wp\/v2\/pages\/1531"}],"collection":[{"href":"https:\/\/vivanatureza.com.br\/index.php?rest_route=\/wp\/v2\/pages"}],"about":[{"href":"https:\/\/vivanatureza.com.br\/index.php?rest_route=\/wp\/v2\/types\/page"}],"author":[{"embeddable":true,"href":"https:\/\/vivanatureza.com.br\/index.php?rest_route=\/wp\/v2\/users\/1"}],"replies":[{"embeddable":true,"href":"https:\/\/vivanatureza.com.br\/index.php?rest_route=%2Fwp%2Fv2%2Fcomments&post=1531"}],"version-history":[{"count":1,"href":"https:\/\/vivanatureza.com.br\/index.php?rest_route=\/wp\/v2\/pages\/1531\/revisions"}],"predecessor-version":[{"id":1533,"href":"https:\/\/vivanatureza.com.br\/index.php?rest_route=\/wp\/v2\/pages\/1531\/revisions\/1533"}],"wp:attachment":[{"href":"https:\/\/vivanatureza.com.br\/index.php?rest_route=%2Fwp%2Fv2%2Fmedia&parent=1531"}],"curies":[{"name":"wp","href":"https:\/\/api.w.org\/{rel}","templated":true}]}}