{"id":1527,"date":"2022-08-17T20:13:49","date_gmt":"2022-08-17T23:13:49","guid":{"rendered":"https:\/\/vivanatureza.com.br\/?page_id=1527"},"modified":"2022-08-17T20:13:53","modified_gmt":"2022-08-17T23:13:53","slug":"restaurin-shake","status":"publish","type":"page","link":"https:\/\/vivanatureza.com.br\/?page_id=1527","title":{"rendered":"Restaurin Shake"},"content":{"rendered":"\n<figure class=\"wp-block-image size-large is-resized\"><a href=\"https:\/\/vivanatureza.com.br\/wp-content\/uploads\/2022\/08\/Restaurin.png\"><img loading=\"lazy\" src=\"https:\/\/vivanatureza.com.br\/wp-content\/uploads\/2022\/08\/Restaurin.png\" alt=\"\" class=\"wp-image-1529\" width=\"412\" height=\"512\" srcset=\"https:\/\/vivanatureza.com.br\/wp-content\/uploads\/2022\/08\/Restaurin.png 540w, https:\/\/vivanatureza.com.br\/wp-content\/uploads\/2022\/08\/Restaurin-241x300.png 241w\" sizes=\"(max-width: 412px) 100vw, 412px\" \/><\/a><\/figure>\n\n\n\n<p>Voc\u00ea frequentemente se sente enfraquecido; come mais do que gostaria e n\u00e3o consegue emagrecer; lhe falta energia no dia a dia; sua pele, cabelo e unhas andam enfraquecidos; sente dores musculares, nas articula\u00e7\u00f5es, ou nas pernas; est\u00e1 com a imunidade fraca; sua mem\u00f3ria j\u00e1 n\u00e3o funciona t\u00e3o bem quanto antes; apresenta altera\u00e7\u00f5es na tire\u00f3ide, tem dificuldades em pegar no sono?<\/p>\n\n\n\n<p>Temos algo perfeito para voc\u00ea! Chegou o Restaurin, um shake de vitaminas e sais minerais da Viva Natureza que lhe proporcionar\u00e1 a nutri\u00e7\u00e3o necess\u00e1ria para que voc\u00ea desfrute de uma vida mais saud\u00e1vel, atacando pela raiz estes problemas de origem nutricional!<\/p>\n\n\n\n<p>O Restaurin Shake da Viva Natureza \u00e9 riqu\u00edssimo em prote\u00ednas, fibras, vitaminas e sais minerais. Uma colher de sopa do Restaurin Shake supre totalmente as necessidades di\u00e1rias de todas as vitaminas e dos sais minerais essenciais para um organismo equilibrado. Para garantir uma excelente taxa de absor\u00e7\u00e3o, o Restaurin Shake traz 8 dos 9 sais minerais presentes como compostos quelados, isto \u00e9, em sua forma org\u00e2nica. O Restaurin Shake tamb\u00e9m cont\u00e9m como maior ingrediente o col\u00e1geno hidrolisado, al\u00e9m de extrato de a\u00e7a\u00ed, levedura de cerveja, farinha de arroz integral, batata doce desidratada e dolomita, potencializando o fornecimento de nutrientes naturais indispens\u00e1veis para o seu organismo.<\/p>\n\n\n\n<p>Ao passar a ingerir diariamente uma colher de sopa do Restaurin Shake, dentro de apenas alguns dias o seu organismo passar\u00e1 por uma completa recomposi\u00e7\u00e3o, dado que estar\u00e1 nutrido com todas as vitaminas, os sais minerais principais e boa parte das prote\u00ednas que necessitamos. Bastar\u00e1 alimentar-se moderadamente com os carboidratos, gorduras, fibras e prote\u00ednas adicionais para suprir suas necessidades metab\u00f3licas.<\/p>\n\n\n\n<p>Se voc\u00ea quer emagrecer saudavelmente, o Restaurin Shake ser\u00e1 seu forte aliado. Voc\u00ea n\u00e3o sentir\u00e1 aquela fome compulsiva, uma vez que estar\u00e1 praticamente nutrido em termos de vitaminas e sais minerais. Nosso organismo sabe quando nossa alimenta\u00e7\u00e3o est\u00e1 sendo insuficiente em nutrientes, sinalizando atrav\u00e9s de um apetite aumentado que precisa de mais vitaminas e sais minerais. Ao utilizar o Restaurin Shake da Viva Natureza, voc\u00ea sentir\u00e1 cada vez menos aquela compuls\u00e3o por alimentar-se em excesso, pois seu organismo j\u00e1 estar\u00e1 muito bem nutrido.<\/p>\n","protected":false},"excerpt":{"rendered":"<p>Voc\u00ea frequentemente se sente enfraquecido; come mais do que gostaria e n\u00e3o consegue emagrecer; lhe falta energia no dia a dia; sua pele, cabelo e unhas andam enfraquecidos; sente dores musculares, nas articula\u00e7\u00f5es, ou nas pernas; est\u00e1 com a imunidade [&hellip;]<\/p>\n","protected":false},"author":1,"featured_media":0,"parent":0,"menu_order":0,"comment_status":"closed","ping_status":"closed","template":"","meta":[],"yoast_head":"<!-- This site is optimized with the Yoast SEO plugin v19.6.1 - https:\/\/yoast.com\/wordpress\/plugins\/seo\/ -->\n<title>Restaurin Shake - Viva Natureza Alimentos Naturais<\/title>\n<meta name=\"robots\" content=\"index, follow, max-snippet:-1, max-image-preview:large, max-video-preview:-1\" \/>\n<link rel=\"canonical\" href=\"https:\/\/vivanatureza.com.br\/?page_id=1527\" \/>\n<meta property=\"og:locale\" content=\"pt_BR\" \/>\n<meta property=\"og:type\" content=\"article\" \/>\n<meta property=\"og:title\" content=\"Restaurin Shake - Viva Natureza Alimentos Naturais\" \/>\n<meta property=\"og:description\" content=\"Voc\u00ea frequentemente se sente enfraquecido; come mais do que gostaria e n\u00e3o consegue emagrecer; lhe falta energia no dia a dia; sua pele, cabelo e unhas andam enfraquecidos; sente dores musculares, nas articula\u00e7\u00f5es, ou nas pernas; est\u00e1 com a imunidade [&hellip;]\" \/>\n<meta property=\"og:url\" content=\"https:\/\/vivanatureza.com.br\/?page_id=1527\" \/>\n<meta property=\"og:site_name\" content=\"Viva Natureza Alimentos Naturais\" \/>\n<meta property=\"article:modified_time\" content=\"2022-08-17T23:13:53+00:00\" \/>\n<meta property=\"og:image\" content=\"https:\/\/vivanatureza.com.br\/wp-content\/uploads\/2022\/08\/Restaurin.png\" \/>\n<meta name=\"twitter:card\" content=\"summary_large_image\" \/>\n<meta name=\"twitter:label1\" content=\"Est. tempo de leitura\" \/>\n\t<meta name=\"twitter:data1\" content=\"2 minutos\" \/>\n<script type=\"application\/ld+json\" class=\"yoast-schema-graph\">{\"@context\":\"https:\/\/schema.org\",\"@graph\":[{\"@type\":\"WebPage\",\"@id\":\"https:\/\/vivanatureza.com.br\/?page_id=1527\",\"url\":\"https:\/\/vivanatureza.com.br\/?page_id=1527\",\"name\":\"Restaurin Shake - Viva Natureza Alimentos Naturais\",\"isPartOf\":{\"@id\":\"https:\/\/vivanatureza.com.br\/#website\"},\"datePublished\":\"2022-08-17T23:13:49+00:00\",\"dateModified\":\"2022-08-17T23:13:53+00:00\",\"breadcrumb\":{\"@id\":\"https:\/\/vivanatureza.com.br\/?page_id=1527#breadcrumb\"},\"inLanguage\":\"pt-BR\",\"potentialAction\":[{\"@type\":\"ReadAction\",\"target\":[\"https:\/\/vivanatureza.com.br\/?page_id=1527\"]}]},{\"@type\":\"BreadcrumbList\",\"@id\":\"https:\/\/vivanatureza.com.br\/?page_id=1527#breadcrumb\",\"itemListElement\":[{\"@type\":\"ListItem\",\"position\":1,\"name\":\"In\u00edcio\",\"item\":\"https:\/\/vivanatureza.com.br\/\"},{\"@type\":\"ListItem\",\"position\":2,\"name\":\"Restaurin Shake\"}]},{\"@type\":\"WebSite\",\"@id\":\"https:\/\/vivanatureza.com.br\/#website\",\"url\":\"https:\/\/vivanatureza.com.br\/\",\"name\":\"Viva Natureza Alimentos Naturais\",\"description\":\"Natureza e sa\u00fade em sua vida!\",\"publisher\":{\"@id\":\"https:\/\/vivanatureza.com.br\/#organization\"},\"potentialAction\":[{\"@type\":\"SearchAction\",\"target\":{\"@type\":\"EntryPoint\",\"urlTemplate\":\"https:\/\/vivanatureza.com.br\/?s={search_term_string}\"},\"query-input\":\"required name=search_term_string\"}],\"inLanguage\":\"pt-BR\"},{\"@type\":\"Organization\",\"@id\":\"https:\/\/vivanatureza.com.br\/#organization\",\"name\":\"Viva Natureza Alimentos Naturais\",\"url\":\"https:\/\/vivanatureza.com.br\/\",\"sameAs\":[],\"logo\":{\"@type\":\"ImageObject\",\"inLanguage\":\"pt-BR\",\"@id\":\"https:\/\/vivanatureza.com.br\/#\/schema\/logo\/image\/\",\"url\":\"https:\/\/vivanatureza.com.br\/wp-content\/uploads\/2017\/08\/logo_cab4.png\",\"contentUrl\":\"https:\/\/vivanatureza.com.br\/wp-content\/uploads\/2017\/08\/logo_cab4.png\",\"width\":150,\"height\":60,\"caption\":\"Viva Natureza Alimentos Naturais\"},\"image\":{\"@id\":\"https:\/\/vivanatureza.com.br\/#\/schema\/logo\/image\/\"}}]}<\/script>\n<!-- \/ Yoast SEO plugin. -->","yoast_head_json":{"title":"Restaurin Shake - Viva Natureza Alimentos Naturais","robots":{"index":"index","follow":"follow","max-snippet":"max-snippet:-1","max-image-preview":"max-image-preview:large","max-video-preview":"max-video-preview:-1"},"canonical":"https:\/\/vivanatureza.com.br\/?page_id=1527","og_locale":"pt_BR","og_type":"article","og_title":"Restaurin Shake - Viva Natureza Alimentos Naturais","og_description":"Voc\u00ea frequentemente se sente enfraquecido; come mais do que gostaria e n\u00e3o consegue emagrecer; lhe falta energia no dia a dia; sua pele, cabelo e unhas andam enfraquecidos; sente dores musculares, nas articula\u00e7\u00f5es, ou nas pernas; est\u00e1 com a imunidade [&hellip;]","og_url":"https:\/\/vivanatureza.com.br\/?page_id=1527","og_site_name":"Viva Natureza Alimentos Naturais","article_modified_time":"2022-08-17T23:13:53+00:00","og_image":[{"url":"https:\/\/vivanatureza.com.br\/wp-content\/uploads\/2022\/08\/Restaurin.png"}],"twitter_card":"summary_large_image","twitter_misc":{"Est. tempo de leitura":"2 minutos"},"schema":{"@context":"https:\/\/schema.org","@graph":[{"@type":"WebPage","@id":"https:\/\/vivanatureza.com.br\/?page_id=1527","url":"https:\/\/vivanatureza.com.br\/?page_id=1527","name":"Restaurin Shake - Viva Natureza Alimentos Naturais","isPartOf":{"@id":"https:\/\/vivanatureza.com.br\/#website"},"datePublished":"2022-08-17T23:13:49+00:00","dateModified":"2022-08-17T23:13:53+00:00","breadcrumb":{"@id":"https:\/\/vivanatureza.com.br\/?page_id=1527#breadcrumb"},"inLanguage":"pt-BR","potentialAction":[{"@type":"ReadAction","target":["https:\/\/vivanatureza.com.br\/?page_id=1527"]}]},{"@type":"BreadcrumbList","@id":"https:\/\/vivanatureza.com.br\/?page_id=1527#breadcrumb","itemListElement":[{"@type":"ListItem","position":1,"name":"In\u00edcio","item":"https:\/\/vivanatureza.com.br\/"},{"@type":"ListItem","position":2,"name":"Restaurin Shake"}]},{"@type":"WebSite","@id":"https:\/\/vivanatureza.com.br\/#website","url":"https:\/\/vivanatureza.com.br\/","name":"Viva Natureza Alimentos Naturais","description":"Natureza e sa\u00fade em sua vida!","publisher":{"@id":"https:\/\/vivanatureza.com.br\/#organization"},"potentialAction":[{"@type":"SearchAction","target":{"@type":"EntryPoint","urlTemplate":"https:\/\/vivanatureza.com.br\/?s={search_term_string}"},"query-input":"required name=search_term_string"}],"inLanguage":"pt-BR"},{"@type":"Organization","@id":"https:\/\/vivanatureza.com.br\/#organization","name":"Viva Natureza Alimentos Naturais","url":"https:\/\/vivanatureza.com.br\/","sameAs":[],"logo":{"@type":"ImageObject","inLanguage":"pt-BR","@id":"https:\/\/vivanatureza.com.br\/#\/schema\/logo\/image\/","url":"https:\/\/vivanatureza.com.br\/wp-content\/uploads\/2017\/08\/logo_cab4.png","contentUrl":"https:\/\/vivanatureza.com.br\/wp-content\/uploads\/2017\/08\/logo_cab4.png","width":150,"height":60,"caption":"Viva Natureza Alimentos Naturais"},"image":{"@id":"https:\/\/vivanatureza.com.br\/#\/schema\/logo\/image\/"}}]}},"_links":{"self":[{"href":"https:\/\/vivanatureza.com.br\/index.php?rest_route=\/wp\/v2\/pages\/1527"}],"collection":[{"href":"https:\/\/vivanatureza.com.br\/index.php?rest_route=\/wp\/v2\/pages"}],"about":[{"href":"https:\/\/vivanatureza.com.br\/index.php?rest_route=\/wp\/v2\/types\/page"}],"author":[{"embeddable":true,"href":"https:\/\/vivanatureza.com.br\/index.php?rest_route=\/wp\/v2\/users\/1"}],"replies":[{"embeddable":true,"href":"https:\/\/vivanatureza.com.br\/index.php?rest_route=%2Fwp%2Fv2%2Fcomments&post=1527"}],"version-history":[{"count":1,"href":"https:\/\/vivanatureza.com.br\/index.php?rest_route=\/wp\/v2\/pages\/1527\/revisions"}],"predecessor-version":[{"id":1530,"href":"https:\/\/vivanatureza.com.br\/index.php?rest_route=\/wp\/v2\/pages\/1527\/revisions\/1530"}],"wp:attachment":[{"href":"https:\/\/vivanatureza.com.br\/index.php?rest_route=%2Fwp%2Fv2%2Fmedia&parent=1527"}],"curies":[{"name":"wp","href":"https:\/\/api.w.org\/{rel}","templated":true}]}}