{"id":135,"date":"2017-08-30T11:58:59","date_gmt":"2017-08-30T11:58:59","guid":{"rendered":"http:\/\/vivanatureza.com.br\/?page_id=135"},"modified":"2017-09-22T20:04:31","modified_gmt":"2017-09-22T20:04:31","slug":"apresentacao-2","status":"publish","type":"page","link":"https:\/\/vivanatureza.com.br\/?page_id=135","title":{"rendered":"Apresenta\u00e7\u00e3o"},"content":{"rendered":"<p><a href=\"https:\/\/vivanatureza.com.br\/wp-content\/uploads\/2017\/08\/fachada_viva_natureza.png\"><img loading=\"lazy\" class=\"alignnone wp-image-724 size-large\" src=\"https:\/\/vivanatureza.com.br\/wp-content\/uploads\/2017\/08\/fachada_viva_natureza-1024x316.png\" alt=\"\" width=\"640\" height=\"198\" srcset=\"https:\/\/vivanatureza.com.br\/wp-content\/uploads\/2017\/08\/fachada_viva_natureza-1024x316.png 1024w, https:\/\/vivanatureza.com.br\/wp-content\/uploads\/2017\/08\/fachada_viva_natureza-300x93.png 300w, https:\/\/vivanatureza.com.br\/wp-content\/uploads\/2017\/08\/fachada_viva_natureza-768x237.png 768w, https:\/\/vivanatureza.com.br\/wp-content\/uploads\/2017\/08\/fachada_viva_natureza.png 1936w\" sizes=\"(max-width: 640px) 100vw, 640px\" \/><\/a><\/p>\n<p>A Viva Natureza Ind\u00fastria e Com\u00e9rcio de Produtos Naturais Ltda. \u00e9 uma f\u00e1brica de alimentos e suplementos alimentar cuja meta \u00e9 contribuir para uma melhor qualidade de vida da popula\u00e7\u00e3o fornecendo produtos genuinamente naturais ou integrais. Fundada em 15\/02\/2005, desde o seu in\u00edcio tem um compromisso com a qualidade nas v\u00e1rias etapas do seu processo produtivo e principalmente com a garantia das suas fontes de fornecimento das mat\u00e9rias primas (produtos naturais), o que lhe proporcionou uma confiabilidade e parceria com as principais empresas que comercializam produtos naturais no Brasil.<br \/>\nO ramo de atua\u00e7\u00e3o da Viva Natureza \u00e9 o de fabrica\u00e7\u00e3o de alimentos e p\u00f3s aliment\u00edcios naturais. Disp\u00f5e de um quadro t\u00e9cnico competente e com larga experi\u00eancia na sua \u00e1rea de atua\u00e7\u00e3o, sendo o seu respons\u00e1vel t\u00e9cnico o Eng\u00ba Qu\u00edmico Giovanni C. Cavalcanti, com p\u00f3s-gradua\u00e7\u00e3o em Engenharia de Alimentos pela Unicamp.<br \/>\nEst\u00e1 situada na Estrada Velha Feira &#8211; S\u00e3o Gon\u00e7alo n\u00ba 46 \u2013 no limite entre os munic\u00edpios de Feira de Santana e S\u00e3o Gon\u00e7alo dos Campos.<\/p>\n<div id='gallery-1' class='gallery galleryid-135 gallery-columns-4 gallery-size-thumbnail'><figure class='gallery-item'>\n\t\t\t<div class='gallery-icon landscape'>\n\t\t\t\t<a href='https:\/\/vivanatureza.com.br\/?attachment_id=727'><img width=\"150\" height=\"150\" src=\"https:\/\/vivanatureza.com.br\/wp-content\/uploads\/2017\/08\/Fachada-Viva-Natureza-Small-150x150.jpg\" class=\"attachment-thumbnail size-thumbnail\" alt=\"\" loading=\"lazy\" aria-describedby=\"gallery-1-727\" \/><\/a>\n\t\t\t<\/div>\n\t\t\t\t<figcaption class='wp-caption-text gallery-caption' id='gallery-1-727'>\n\t\t\t\tFachada Viva Natureza\n\t\t\t\t<\/figcaption><\/figure><figure class='gallery-item'>\n\t\t\t<div class='gallery-icon landscape'>\n\t\t\t\t<a href='https:\/\/vivanatureza.com.br\/?attachment_id=728'><img width=\"150\" height=\"150\" src=\"https:\/\/vivanatureza.com.br\/wp-content\/uploads\/2017\/08\/Vista-Lateral-2-Small-150x150.jpg\" class=\"attachment-thumbnail size-thumbnail\" alt=\"\" loading=\"lazy\" aria-describedby=\"gallery-1-728\" \/><\/a>\n\t\t\t<\/div>\n\t\t\t\t<figcaption class='wp-caption-text gallery-caption' id='gallery-1-728'>\n\t\t\t\tVista Interna Viva Natureza\n\t\t\t\t<\/figcaption><\/figure><figure class='gallery-item'>\n\t\t\t<div class='gallery-icon landscape'>\n\t\t\t\t<a href='https:\/\/vivanatureza.com.br\/?attachment_id=729'><img width=\"150\" height=\"150\" src=\"https:\/\/vivanatureza.com.br\/wp-content\/uploads\/2017\/08\/Vista-Lateral-Viva-Natureza-Small-150x150.jpg\" class=\"attachment-thumbnail size-thumbnail\" alt=\"\" loading=\"lazy\" aria-describedby=\"gallery-1-729\" \/><\/a>\n\t\t\t<\/div>\n\t\t\t\t<figcaption class='wp-caption-text gallery-caption' id='gallery-1-729'>\n\t\t\t\tVista Interna 2 Viva Natureza\n\t\t\t\t<\/figcaption><\/figure><figure class='gallery-item'>\n\t\t\t<div class='gallery-icon landscape'>\n\t\t\t\t<a href='https:\/\/vivanatureza.com.br\/?attachment_id=726'><img width=\"150\" height=\"150\" src=\"https:\/\/vivanatureza.com.br\/wp-content\/uploads\/2017\/08\/envasamento-Viva-Natureza-Small-150x150.jpg\" class=\"attachment-thumbnail size-thumbnail\" alt=\"\" loading=\"lazy\" aria-describedby=\"gallery-1-726\" \/><\/a>\n\t\t\t<\/div>\n\t\t\t\t<figcaption class='wp-caption-text gallery-caption' id='gallery-1-726'>\n\t\t\t\tEnvasamento Viva Natureza\n\t\t\t\t<\/figcaption><\/figure>\n\t\t<\/div>\n\n<hr \/>\n<p>V\u00eddeo Institucional:<\/p>\n<p><a href=\"http:\/\/www.vivanatureza.com.br\/docs\/videoenvasamento.mp4\" target=\"_blank\" rel=\"noopener\"><img loading=\"lazy\" class=\"alignnone wp-image-731 size-medium\" src=\"https:\/\/vivanatureza.com.br\/wp-content\/uploads\/2017\/08\/tela_video_envase-300x201.png\" alt=\"\" width=\"300\" height=\"201\" srcset=\"https:\/\/vivanatureza.com.br\/wp-content\/uploads\/2017\/08\/tela_video_envase-300x201.png 300w, https:\/\/vivanatureza.com.br\/wp-content\/uploads\/2017\/08\/tela_video_envase.png 703w\" sizes=\"(max-width: 300px) 100vw, 300px\" \/><\/a><\/p>\n<hr \/>\n<p>Nossos emails:<\/p>\n<p>faleconosco@vivanatureza.com.br<br \/>\nvendas@vivanatureza.com.br<\/p>\n","protected":false},"excerpt":{"rendered":"<p>A Viva Natureza Ind\u00fastria e Com\u00e9rcio de Produtos Naturais Ltda. \u00e9 uma f\u00e1brica de alimentos e suplementos alimentar cuja meta \u00e9 contribuir para uma melhor qualidade de vida da popula\u00e7\u00e3o fornecendo produtos genuinamente naturais ou integrais. Fundada em 15\/02\/2005, desde [&hellip;]<\/p>\n","protected":false},"author":1,"featured_media":0,"parent":0,"menu_order":0,"comment_status":"closed","ping_status":"closed","template":"","meta":[],"yoast_head":"<!-- This site is optimized with the Yoast SEO plugin v19.6.1 - https:\/\/yoast.com\/wordpress\/plugins\/seo\/ -->\n<title>Apresenta\u00e7\u00e3o - Viva Natureza Alimentos Naturais<\/title>\n<meta name=\"robots\" content=\"index, follow, max-snippet:-1, max-image-preview:large, max-video-preview:-1\" \/>\n<link rel=\"canonical\" href=\"https:\/\/vivanatureza.com.br\/?page_id=135\" \/>\n<meta property=\"og:locale\" content=\"pt_BR\" \/>\n<meta property=\"og:type\" content=\"article\" \/>\n<meta property=\"og:title\" content=\"Apresenta\u00e7\u00e3o - Viva Natureza Alimentos Naturais\" \/>\n<meta property=\"og:description\" content=\"A Viva Natureza Ind\u00fastria e Com\u00e9rcio de Produtos Naturais Ltda. \u00e9 uma f\u00e1brica de alimentos e suplementos alimentar cuja meta \u00e9 contribuir para uma melhor qualidade de vida da popula\u00e7\u00e3o fornecendo produtos genuinamente naturais ou integrais. Fundada em 15\/02\/2005, desde [&hellip;]\" \/>\n<meta property=\"og:url\" content=\"https:\/\/vivanatureza.com.br\/?page_id=135\" \/>\n<meta property=\"og:site_name\" content=\"Viva Natureza Alimentos Naturais\" \/>\n<meta property=\"article:modified_time\" content=\"2017-09-22T20:04:31+00:00\" \/>\n<meta property=\"og:image\" content=\"https:\/\/vivanatureza.com.br\/wp-content\/uploads\/2017\/08\/Fachada-Viva-Natureza-Small-150x150.jpg\" \/>\n<meta name=\"twitter:card\" content=\"summary_large_image\" \/>\n<meta name=\"twitter:label1\" content=\"Est. tempo de leitura\" \/>\n\t<meta name=\"twitter:data1\" content=\"1 minuto\" \/>\n<script type=\"application\/ld+json\" class=\"yoast-schema-graph\">{\"@context\":\"https:\/\/schema.org\",\"@graph\":[{\"@type\":\"WebPage\",\"@id\":\"https:\/\/vivanatureza.com.br\/?page_id=135\",\"url\":\"https:\/\/vivanatureza.com.br\/?page_id=135\",\"name\":\"Apresenta\u00e7\u00e3o - Viva Natureza Alimentos Naturais\",\"isPartOf\":{\"@id\":\"https:\/\/vivanatureza.com.br\/#website\"},\"datePublished\":\"2017-08-30T11:58:59+00:00\",\"dateModified\":\"2017-09-22T20:04:31+00:00\",\"breadcrumb\":{\"@id\":\"https:\/\/vivanatureza.com.br\/?page_id=135#breadcrumb\"},\"inLanguage\":\"pt-BR\",\"potentialAction\":[{\"@type\":\"ReadAction\",\"target\":[\"https:\/\/vivanatureza.com.br\/?page_id=135\"]}]},{\"@type\":\"BreadcrumbList\",\"@id\":\"https:\/\/vivanatureza.com.br\/?page_id=135#breadcrumb\",\"itemListElement\":[{\"@type\":\"ListItem\",\"position\":1,\"name\":\"In\u00edcio\",\"item\":\"https:\/\/vivanatureza.com.br\/\"},{\"@type\":\"ListItem\",\"position\":2,\"name\":\"Apresenta\u00e7\u00e3o\"}]},{\"@type\":\"WebSite\",\"@id\":\"https:\/\/vivanatureza.com.br\/#website\",\"url\":\"https:\/\/vivanatureza.com.br\/\",\"name\":\"Viva Natureza Alimentos Naturais\",\"description\":\"Natureza e sa\u00fade em sua vida!\",\"publisher\":{\"@id\":\"https:\/\/vivanatureza.com.br\/#organization\"},\"potentialAction\":[{\"@type\":\"SearchAction\",\"target\":{\"@type\":\"EntryPoint\",\"urlTemplate\":\"https:\/\/vivanatureza.com.br\/?s={search_term_string}\"},\"query-input\":\"required name=search_term_string\"}],\"inLanguage\":\"pt-BR\"},{\"@type\":\"Organization\",\"@id\":\"https:\/\/vivanatureza.com.br\/#organization\",\"name\":\"Viva Natureza Alimentos Naturais\",\"url\":\"https:\/\/vivanatureza.com.br\/\",\"sameAs\":[],\"logo\":{\"@type\":\"ImageObject\",\"inLanguage\":\"pt-BR\",\"@id\":\"https:\/\/vivanatureza.com.br\/#\/schema\/logo\/image\/\",\"url\":\"https:\/\/vivanatureza.com.br\/wp-content\/uploads\/2017\/08\/logo_cab4.png\",\"contentUrl\":\"https:\/\/vivanatureza.com.br\/wp-content\/uploads\/2017\/08\/logo_cab4.png\",\"width\":150,\"height\":60,\"caption\":\"Viva Natureza Alimentos Naturais\"},\"image\":{\"@id\":\"https:\/\/vivanatureza.com.br\/#\/schema\/logo\/image\/\"}}]}<\/script>\n<!-- \/ Yoast SEO plugin. -->","yoast_head_json":{"title":"Apresenta\u00e7\u00e3o - Viva Natureza Alimentos Naturais","robots":{"index":"index","follow":"follow","max-snippet":"max-snippet:-1","max-image-preview":"max-image-preview:large","max-video-preview":"max-video-preview:-1"},"canonical":"https:\/\/vivanatureza.com.br\/?page_id=135","og_locale":"pt_BR","og_type":"article","og_title":"Apresenta\u00e7\u00e3o - Viva Natureza Alimentos Naturais","og_description":"A Viva Natureza Ind\u00fastria e Com\u00e9rcio de Produtos Naturais Ltda. \u00e9 uma f\u00e1brica de alimentos e suplementos alimentar cuja meta \u00e9 contribuir para uma melhor qualidade de vida da popula\u00e7\u00e3o fornecendo produtos genuinamente naturais ou integrais. Fundada em 15\/02\/2005, desde [&hellip;]","og_url":"https:\/\/vivanatureza.com.br\/?page_id=135","og_site_name":"Viva Natureza Alimentos Naturais","article_modified_time":"2017-09-22T20:04:31+00:00","og_image":[{"url":"https:\/\/vivanatureza.com.br\/wp-content\/uploads\/2017\/08\/Fachada-Viva-Natureza-Small-150x150.jpg"}],"twitter_card":"summary_large_image","twitter_misc":{"Est. tempo de leitura":"1 minuto"},"schema":{"@context":"https:\/\/schema.org","@graph":[{"@type":"WebPage","@id":"https:\/\/vivanatureza.com.br\/?page_id=135","url":"https:\/\/vivanatureza.com.br\/?page_id=135","name":"Apresenta\u00e7\u00e3o - Viva Natureza Alimentos Naturais","isPartOf":{"@id":"https:\/\/vivanatureza.com.br\/#website"},"datePublished":"2017-08-30T11:58:59+00:00","dateModified":"2017-09-22T20:04:31+00:00","breadcrumb":{"@id":"https:\/\/vivanatureza.com.br\/?page_id=135#breadcrumb"},"inLanguage":"pt-BR","potentialAction":[{"@type":"ReadAction","target":["https:\/\/vivanatureza.com.br\/?page_id=135"]}]},{"@type":"BreadcrumbList","@id":"https:\/\/vivanatureza.com.br\/?page_id=135#breadcrumb","itemListElement":[{"@type":"ListItem","position":1,"name":"In\u00edcio","item":"https:\/\/vivanatureza.com.br\/"},{"@type":"ListItem","position":2,"name":"Apresenta\u00e7\u00e3o"}]},{"@type":"WebSite","@id":"https:\/\/vivanatureza.com.br\/#website","url":"https:\/\/vivanatureza.com.br\/","name":"Viva Natureza Alimentos Naturais","description":"Natureza e sa\u00fade em sua vida!","publisher":{"@id":"https:\/\/vivanatureza.com.br\/#organization"},"potentialAction":[{"@type":"SearchAction","target":{"@type":"EntryPoint","urlTemplate":"https:\/\/vivanatureza.com.br\/?s={search_term_string}"},"query-input":"required name=search_term_string"}],"inLanguage":"pt-BR"},{"@type":"Organization","@id":"https:\/\/vivanatureza.com.br\/#organization","name":"Viva Natureza Alimentos Naturais","url":"https:\/\/vivanatureza.com.br\/","sameAs":[],"logo":{"@type":"ImageObject","inLanguage":"pt-BR","@id":"https:\/\/vivanatureza.com.br\/#\/schema\/logo\/image\/","url":"https:\/\/vivanatureza.com.br\/wp-content\/uploads\/2017\/08\/logo_cab4.png","contentUrl":"https:\/\/vivanatureza.com.br\/wp-content\/uploads\/2017\/08\/logo_cab4.png","width":150,"height":60,"caption":"Viva Natureza Alimentos Naturais"},"image":{"@id":"https:\/\/vivanatureza.com.br\/#\/schema\/logo\/image\/"}}]}},"_links":{"self":[{"href":"https:\/\/vivanatureza.com.br\/index.php?rest_route=\/wp\/v2\/pages\/135"}],"collection":[{"href":"https:\/\/vivanatureza.com.br\/index.php?rest_route=\/wp\/v2\/pages"}],"about":[{"href":"https:\/\/vivanatureza.com.br\/index.php?rest_route=\/wp\/v2\/types\/page"}],"author":[{"embeddable":true,"href":"https:\/\/vivanatureza.com.br\/index.php?rest_route=\/wp\/v2\/users\/1"}],"replies":[{"embeddable":true,"href":"https:\/\/vivanatureza.com.br\/index.php?rest_route=%2Fwp%2Fv2%2Fcomments&post=135"}],"version-history":[{"count":8,"href":"https:\/\/vivanatureza.com.br\/index.php?rest_route=\/wp\/v2\/pages\/135\/revisions"}],"predecessor-version":[{"id":732,"href":"https:\/\/vivanatureza.com.br\/index.php?rest_route=\/wp\/v2\/pages\/135\/revisions\/732"}],"wp:attachment":[{"href":"https:\/\/vivanatureza.com.br\/index.php?rest_route=%2Fwp%2Fv2%2Fmedia&parent=135"}],"curies":[{"name":"wp","href":"https:\/\/api.w.org\/{rel}","templated":true}]}}