{"id":11,"date":"2017-08-29T23:49:51","date_gmt":"2017-08-29T23:49:51","guid":{"rendered":"http:\/\/vivanatureza.com.br\/?page_id=11"},"modified":"2017-09-11T11:49:57","modified_gmt":"2017-09-11T11:49:57","slug":"produtos","status":"publish","type":"page","link":"https:\/\/vivanatureza.com.br\/?page_id=11","title":{"rendered":"Produtos"},"content":{"rendered":"<p>Em constru\u00e7\u00e3o!<\/p>\n<p>A VIVA NATUREZA oferece a voc\u00ea, toda uma linha de produtos naturais e saud\u00e1veis.<\/p>\n<ul>\n<li>A\u00c7A\u00cd DESIDRATADO EM P\u00d3 (50 g)<\/li>\n<li>A\u00c7\u00daCAR DE C\u00d4CO (250 g)<\/li>\n<li>A\u00c7\u00daCAR MASCAVO (500 g)<\/li>\n<li>AMARANTO EM FLOCOS ( 200g)<\/li>\n<li>AVEIA EM FLOCOS FINOS E GROSSOS ( 250 g ) e (500 g) (FARINHA\/ FARELO)<\/li>\n<li>BATATA DOCE ROXA EM P\u00d3 (200 g )<\/li>\n<li>CACAU EM P\u00d3 (100g)<\/li>\n<li>CASTANHA DE CAJU (100 g)<\/li>\n<li>CASTANHA DO PAR\u00c1 (100 g)<\/li>\n<li>CH\u00c1 DE AMORA (100 g)<\/li>\n<li>CH\u00c1 DE BOLDO DO CHILE<\/li>\n<li>CH\u00c1 DE CAMOMILA ( 30 g)<\/li>\n<li>CH\u00c1 DE CAPIM SANTO<\/li>\n<li>CH\u00c1 DE CARQUEJA (30 g)<\/li>\n<li>CH\u00c1 DE ERVA DOCE (30 g)<\/li>\n<li>CH\u00c1 DE ERVA CIDREIRA (30 g)<\/li>\n<li>CH\u00c1 DE HORTEL\u00c3 (30 g)<\/li>\n<li>CH\u00c1 DE HIBISCO ( 30 e 100 g)<\/li>\n<li>CH\u00c1 DE MENTA<\/li>\n<li>CH\u00c1 DE LARANJA (30 g)<\/li>\n<li>CH\u00c1 DE PITANGA<\/li>\n<li>CH\u00c1 VERDE BAN CH\u00c1 (Tea sinensis ) ( 100 g )<\/li>\n<li>CH\u00c1 DE VERDE (Cam\u00e9lia sinensis ) (40 g)<\/li>\n<li>CH\u00c1 DE ERVA-MATE (100 g)<\/li>\n<li>CHIA \/ FARINHA DE CHIA (100 e 200 g)<\/li>\n<li>COL\u00c1GENO (50 g) e (100 g)<\/li>\n<li>ENERGY FLASH(100 g) e (200 g)<\/li>\n<li>EXTRATO (LEITE) DE SOJA NATURAL (500 g) e ( 250 g ) OU COM SABOR (250 g) (CHOCOLATE\/MORANGO\/BANANA)<\/li>\n<li>FARINHA DE AMEIXA (100 g)<\/li>\n<li>FARINHA DE BANANA VERDE ( 100 g ) E ( 200 g )<\/li>\n<li>FARINHA DE BERINGELA \u00a0(100 g) E (200 g)<\/li>\n<li>FARINHA DE BETERRABA (200 g)<\/li>\n<li>FARINHA DE MARACUJ\u00c1 (100 g) E (200 g)<\/li>\n<li>FARINHA DE CENOURA (200 g)<\/li>\n<li>FARINHA DE FEIJ\u00c3O BRANCO (200 g )<\/li>\n<li>FARINHA DE GERGELIM\/ GERGELIM (200 g)<\/li>\n<li>FARINHA DE GR\u00c3O DE BICO\/ GR\u00c3O DE BICO (200 g)<\/li>\n<li>FARINHA DE LARANJA ( 100 g )<\/li>\n<li>FARINHA DE LINHA\u00c7A MARROM (200 g) &#8211; saco pp \/ e ( 300 g ) \u2013 Pote.<\/li>\n<li>FARINHA DE LINHA\u00c7A DOURADA ( 200 g )<\/li>\n<li>FARINHA DA MA\u00c7\u00c3 ( 100 g ) e ( 200 g )<\/li>\n<li>FARINHA DE FEIJ\u00c3O BRANCO (100g) e (200g)<\/li>\n<li>FARINHA DE MARACUJ\u00c1 (100g), (200g) e (300g &#8211; pote)<\/li>\n<\/ul>\n","protected":false},"excerpt":{"rendered":"<p>Em constru\u00e7\u00e3o! A VIVA NATUREZA oferece a voc\u00ea, toda uma linha de produtos naturais e saud\u00e1veis. A\u00c7A\u00cd DESIDRATADO EM P\u00d3 (50 g) A\u00c7\u00daCAR DE C\u00d4CO (250 g) A\u00c7\u00daCAR MASCAVO (500 g) AMARANTO EM FLOCOS ( 200g) AVEIA EM FLOCOS FINOS [&hellip;]<\/p>\n","protected":false},"author":1,"featured_media":0,"parent":0,"menu_order":0,"comment_status":"closed","ping_status":"closed","template":"","meta":[],"yoast_head":"<!-- This site is optimized with the Yoast SEO plugin v19.6.1 - https:\/\/yoast.com\/wordpress\/plugins\/seo\/ -->\n<title>Produtos - Viva Natureza Alimentos Naturais<\/title>\n<meta name=\"robots\" content=\"index, follow, max-snippet:-1, max-image-preview:large, max-video-preview:-1\" \/>\n<link rel=\"canonical\" href=\"https:\/\/vivanatureza.com.br\/?page_id=11\" \/>\n<meta property=\"og:locale\" content=\"pt_BR\" \/>\n<meta property=\"og:type\" content=\"article\" \/>\n<meta property=\"og:title\" content=\"Produtos - Viva Natureza Alimentos Naturais\" \/>\n<meta property=\"og:description\" content=\"Em constru\u00e7\u00e3o! A VIVA NATUREZA oferece a voc\u00ea, toda uma linha de produtos naturais e saud\u00e1veis. A\u00c7A\u00cd DESIDRATADO EM P\u00d3 (50 g) A\u00c7\u00daCAR DE C\u00d4CO (250 g) A\u00c7\u00daCAR MASCAVO (500 g) AMARANTO EM FLOCOS ( 200g) AVEIA EM FLOCOS FINOS [&hellip;]\" \/>\n<meta property=\"og:url\" content=\"https:\/\/vivanatureza.com.br\/?page_id=11\" \/>\n<meta property=\"og:site_name\" content=\"Viva Natureza Alimentos Naturais\" \/>\n<meta property=\"article:modified_time\" content=\"2017-09-11T11:49:57+00:00\" \/>\n<meta name=\"twitter:card\" content=\"summary_large_image\" \/>\n<meta name=\"twitter:label1\" content=\"Est. tempo de leitura\" \/>\n\t<meta name=\"twitter:data1\" content=\"1 minuto\" \/>\n<script type=\"application\/ld+json\" class=\"yoast-schema-graph\">{\"@context\":\"https:\/\/schema.org\",\"@graph\":[{\"@type\":\"WebPage\",\"@id\":\"https:\/\/vivanatureza.com.br\/?page_id=11\",\"url\":\"https:\/\/vivanatureza.com.br\/?page_id=11\",\"name\":\"Produtos - Viva Natureza Alimentos Naturais\",\"isPartOf\":{\"@id\":\"https:\/\/vivanatureza.com.br\/#website\"},\"datePublished\":\"2017-08-29T23:49:51+00:00\",\"dateModified\":\"2017-09-11T11:49:57+00:00\",\"breadcrumb\":{\"@id\":\"https:\/\/vivanatureza.com.br\/?page_id=11#breadcrumb\"},\"inLanguage\":\"pt-BR\",\"potentialAction\":[{\"@type\":\"ReadAction\",\"target\":[\"https:\/\/vivanatureza.com.br\/?page_id=11\"]}]},{\"@type\":\"BreadcrumbList\",\"@id\":\"https:\/\/vivanatureza.com.br\/?page_id=11#breadcrumb\",\"itemListElement\":[{\"@type\":\"ListItem\",\"position\":1,\"name\":\"In\u00edcio\",\"item\":\"https:\/\/vivanatureza.com.br\/\"},{\"@type\":\"ListItem\",\"position\":2,\"name\":\"Produtos\"}]},{\"@type\":\"WebSite\",\"@id\":\"https:\/\/vivanatureza.com.br\/#website\",\"url\":\"https:\/\/vivanatureza.com.br\/\",\"name\":\"Viva Natureza Alimentos Naturais\",\"description\":\"Natureza e sa\u00fade em sua vida!\",\"publisher\":{\"@id\":\"https:\/\/vivanatureza.com.br\/#organization\"},\"potentialAction\":[{\"@type\":\"SearchAction\",\"target\":{\"@type\":\"EntryPoint\",\"urlTemplate\":\"https:\/\/vivanatureza.com.br\/?s={search_term_string}\"},\"query-input\":\"required name=search_term_string\"}],\"inLanguage\":\"pt-BR\"},{\"@type\":\"Organization\",\"@id\":\"https:\/\/vivanatureza.com.br\/#organization\",\"name\":\"Viva Natureza Alimentos Naturais\",\"url\":\"https:\/\/vivanatureza.com.br\/\",\"sameAs\":[],\"logo\":{\"@type\":\"ImageObject\",\"inLanguage\":\"pt-BR\",\"@id\":\"https:\/\/vivanatureza.com.br\/#\/schema\/logo\/image\/\",\"url\":\"https:\/\/vivanatureza.com.br\/wp-content\/uploads\/2017\/08\/logo_cab4.png\",\"contentUrl\":\"https:\/\/vivanatureza.com.br\/wp-content\/uploads\/2017\/08\/logo_cab4.png\",\"width\":150,\"height\":60,\"caption\":\"Viva Natureza Alimentos Naturais\"},\"image\":{\"@id\":\"https:\/\/vivanatureza.com.br\/#\/schema\/logo\/image\/\"}}]}<\/script>\n<!-- \/ Yoast SEO plugin. -->","yoast_head_json":{"title":"Produtos - Viva Natureza Alimentos Naturais","robots":{"index":"index","follow":"follow","max-snippet":"max-snippet:-1","max-image-preview":"max-image-preview:large","max-video-preview":"max-video-preview:-1"},"canonical":"https:\/\/vivanatureza.com.br\/?page_id=11","og_locale":"pt_BR","og_type":"article","og_title":"Produtos - Viva Natureza Alimentos Naturais","og_description":"Em constru\u00e7\u00e3o! A VIVA NATUREZA oferece a voc\u00ea, toda uma linha de produtos naturais e saud\u00e1veis. A\u00c7A\u00cd DESIDRATADO EM P\u00d3 (50 g) A\u00c7\u00daCAR DE C\u00d4CO (250 g) A\u00c7\u00daCAR MASCAVO (500 g) AMARANTO EM FLOCOS ( 200g) AVEIA EM FLOCOS FINOS [&hellip;]","og_url":"https:\/\/vivanatureza.com.br\/?page_id=11","og_site_name":"Viva Natureza Alimentos Naturais","article_modified_time":"2017-09-11T11:49:57+00:00","twitter_card":"summary_large_image","twitter_misc":{"Est. tempo de leitura":"1 minuto"},"schema":{"@context":"https:\/\/schema.org","@graph":[{"@type":"WebPage","@id":"https:\/\/vivanatureza.com.br\/?page_id=11","url":"https:\/\/vivanatureza.com.br\/?page_id=11","name":"Produtos - Viva Natureza Alimentos Naturais","isPartOf":{"@id":"https:\/\/vivanatureza.com.br\/#website"},"datePublished":"2017-08-29T23:49:51+00:00","dateModified":"2017-09-11T11:49:57+00:00","breadcrumb":{"@id":"https:\/\/vivanatureza.com.br\/?page_id=11#breadcrumb"},"inLanguage":"pt-BR","potentialAction":[{"@type":"ReadAction","target":["https:\/\/vivanatureza.com.br\/?page_id=11"]}]},{"@type":"BreadcrumbList","@id":"https:\/\/vivanatureza.com.br\/?page_id=11#breadcrumb","itemListElement":[{"@type":"ListItem","position":1,"name":"In\u00edcio","item":"https:\/\/vivanatureza.com.br\/"},{"@type":"ListItem","position":2,"name":"Produtos"}]},{"@type":"WebSite","@id":"https:\/\/vivanatureza.com.br\/#website","url":"https:\/\/vivanatureza.com.br\/","name":"Viva Natureza Alimentos Naturais","description":"Natureza e sa\u00fade em sua vida!","publisher":{"@id":"https:\/\/vivanatureza.com.br\/#organization"},"potentialAction":[{"@type":"SearchAction","target":{"@type":"EntryPoint","urlTemplate":"https:\/\/vivanatureza.com.br\/?s={search_term_string}"},"query-input":"required name=search_term_string"}],"inLanguage":"pt-BR"},{"@type":"Organization","@id":"https:\/\/vivanatureza.com.br\/#organization","name":"Viva Natureza Alimentos Naturais","url":"https:\/\/vivanatureza.com.br\/","sameAs":[],"logo":{"@type":"ImageObject","inLanguage":"pt-BR","@id":"https:\/\/vivanatureza.com.br\/#\/schema\/logo\/image\/","url":"https:\/\/vivanatureza.com.br\/wp-content\/uploads\/2017\/08\/logo_cab4.png","contentUrl":"https:\/\/vivanatureza.com.br\/wp-content\/uploads\/2017\/08\/logo_cab4.png","width":150,"height":60,"caption":"Viva Natureza Alimentos Naturais"},"image":{"@id":"https:\/\/vivanatureza.com.br\/#\/schema\/logo\/image\/"}}]}},"_links":{"self":[{"href":"https:\/\/vivanatureza.com.br\/index.php?rest_route=\/wp\/v2\/pages\/11"}],"collection":[{"href":"https:\/\/vivanatureza.com.br\/index.php?rest_route=\/wp\/v2\/pages"}],"about":[{"href":"https:\/\/vivanatureza.com.br\/index.php?rest_route=\/wp\/v2\/types\/page"}],"author":[{"embeddable":true,"href":"https:\/\/vivanatureza.com.br\/index.php?rest_route=\/wp\/v2\/users\/1"}],"replies":[{"embeddable":true,"href":"https:\/\/vivanatureza.com.br\/index.php?rest_route=%2Fwp%2Fv2%2Fcomments&post=11"}],"version-history":[{"count":4,"href":"https:\/\/vivanatureza.com.br\/index.php?rest_route=\/wp\/v2\/pages\/11\/revisions"}],"predecessor-version":[{"id":664,"href":"https:\/\/vivanatureza.com.br\/index.php?rest_route=\/wp\/v2\/pages\/11\/revisions\/664"}],"wp:attachment":[{"href":"https:\/\/vivanatureza.com.br\/index.php?rest_route=%2Fwp%2Fv2%2Fmedia&parent=11"}],"curies":[{"name":"wp","href":"https:\/\/api.w.org\/{rel}","templated":true}]}}