{"id":1065,"date":"2020-01-21T13:41:06","date_gmt":"2020-01-21T13:41:06","guid":{"rendered":"http:\/\/vivanatureza.com.br\/?page_id=1065"},"modified":"2020-03-26T22:03:54","modified_gmt":"2020-03-26T22:03:54","slug":"calcio-com-vitamina-d3-e-magnesio","status":"publish","type":"page","link":"https:\/\/vivanatureza.com.br\/?page_id=1065","title":{"rendered":"C\u00e1lcio com Vitamina D3 e Magn\u00e9sio"},"content":{"rendered":"\n<div class=\"wp-block-image\"><figure class=\"aligncenter is-resized\"><img loading=\"lazy\" src=\"https:\/\/vivanatureza.com.br\/wp-content\/uploads\/2020\/01\/C\u00e1lcio-com-Vitamina-D3-e-Magn\u00e9sio-6010caps-949x1024.png\" alt=\"\" class=\"wp-image-1066\" width=\"371\" height=\"399\" srcset=\"https:\/\/vivanatureza.com.br\/wp-content\/uploads\/2020\/01\/C\u00e1lcio-com-Vitamina-D3-e-Magn\u00e9sio-6010caps-949x1024.png 949w, https:\/\/vivanatureza.com.br\/wp-content\/uploads\/2020\/01\/C\u00e1lcio-com-Vitamina-D3-e-Magn\u00e9sio-6010caps-278x300.png 278w, https:\/\/vivanatureza.com.br\/wp-content\/uploads\/2020\/01\/C\u00e1lcio-com-Vitamina-D3-e-Magn\u00e9sio-6010caps-768x828.png 768w, https:\/\/vivanatureza.com.br\/wp-content\/uploads\/2020\/01\/C\u00e1lcio-com-Vitamina-D3-e-Magn\u00e9sio-6010caps.png 1321w\" sizes=\"(max-width: 371px) 100vw, 371px\" \/><\/figure><\/div>\n\n\n\n<p>Dispon\u00edvel no frasco com 60 c\u00e1psulas de 500mg + 10 gr\u00e1tis.<\/p>\n\n\n\n<p>O c\u00e1lcio reveste os ossos, os dentes e os desempenha fundamental fator na contra\u00e7\u00e3o dos m\u00fasculos do corpo. O magn\u00e9sio ajuda a fixar esse c\u00e1lcio, enquanto a Vitamina D3 maximiza a metaboliza\u00e7\u00e3o do c\u00e1lcio, fortalecendo as veias, diminuindo a chance de trombos, de AVCs e embolia pulmonar.  <\/p>\n","protected":false},"excerpt":{"rendered":"<p>Dispon\u00edvel no frasco com 60 c\u00e1psulas de 500mg + 10 gr\u00e1tis. O c\u00e1lcio reveste os ossos, os dentes e os desempenha fundamental fator na contra\u00e7\u00e3o dos m\u00fasculos do corpo. O magn\u00e9sio ajuda a fixar esse c\u00e1lcio, enquanto a Vitamina D3 [&hellip;]<\/p>\n","protected":false},"author":1,"featured_media":0,"parent":0,"menu_order":0,"comment_status":"closed","ping_status":"closed","template":"","meta":[],"yoast_head":"<!-- This site is optimized with the Yoast SEO plugin v19.6.1 - https:\/\/yoast.com\/wordpress\/plugins\/seo\/ -->\n<title>C\u00e1lcio com Vitamina D3 e Magn\u00e9sio - Viva Natureza Alimentos Naturais<\/title>\n<meta name=\"robots\" content=\"index, follow, max-snippet:-1, max-image-preview:large, max-video-preview:-1\" \/>\n<link rel=\"canonical\" href=\"https:\/\/vivanatureza.com.br\/?page_id=1065\" \/>\n<meta property=\"og:locale\" content=\"pt_BR\" \/>\n<meta property=\"og:type\" content=\"article\" \/>\n<meta property=\"og:title\" content=\"C\u00e1lcio com Vitamina D3 e Magn\u00e9sio - Viva Natureza Alimentos Naturais\" \/>\n<meta property=\"og:description\" content=\"Dispon\u00edvel no frasco com 60 c\u00e1psulas de 500mg + 10 gr\u00e1tis. O c\u00e1lcio reveste os ossos, os dentes e os desempenha fundamental fator na contra\u00e7\u00e3o dos m\u00fasculos do corpo. O magn\u00e9sio ajuda a fixar esse c\u00e1lcio, enquanto a Vitamina D3 [&hellip;]\" \/>\n<meta property=\"og:url\" content=\"https:\/\/vivanatureza.com.br\/?page_id=1065\" \/>\n<meta property=\"og:site_name\" content=\"Viva Natureza Alimentos Naturais\" \/>\n<meta property=\"article:modified_time\" content=\"2020-03-26T22:03:54+00:00\" \/>\n<meta name=\"twitter:card\" content=\"summary_large_image\" \/>\n<script type=\"application\/ld+json\" class=\"yoast-schema-graph\">{\"@context\":\"https:\/\/schema.org\",\"@graph\":[{\"@type\":\"WebPage\",\"@id\":\"https:\/\/vivanatureza.com.br\/?page_id=1065\",\"url\":\"https:\/\/vivanatureza.com.br\/?page_id=1065\",\"name\":\"C\u00e1lcio com Vitamina D3 e Magn\u00e9sio - Viva Natureza Alimentos Naturais\",\"isPartOf\":{\"@id\":\"https:\/\/vivanatureza.com.br\/#website\"},\"datePublished\":\"2020-01-21T13:41:06+00:00\",\"dateModified\":\"2020-03-26T22:03:54+00:00\",\"breadcrumb\":{\"@id\":\"https:\/\/vivanatureza.com.br\/?page_id=1065#breadcrumb\"},\"inLanguage\":\"pt-BR\",\"potentialAction\":[{\"@type\":\"ReadAction\",\"target\":[\"https:\/\/vivanatureza.com.br\/?page_id=1065\"]}]},{\"@type\":\"BreadcrumbList\",\"@id\":\"https:\/\/vivanatureza.com.br\/?page_id=1065#breadcrumb\",\"itemListElement\":[{\"@type\":\"ListItem\",\"position\":1,\"name\":\"In\u00edcio\",\"item\":\"https:\/\/vivanatureza.com.br\/\"},{\"@type\":\"ListItem\",\"position\":2,\"name\":\"C\u00e1lcio com Vitamina D3 e Magn\u00e9sio\"}]},{\"@type\":\"WebSite\",\"@id\":\"https:\/\/vivanatureza.com.br\/#website\",\"url\":\"https:\/\/vivanatureza.com.br\/\",\"name\":\"Viva Natureza Alimentos Naturais\",\"description\":\"Natureza e sa\u00fade em sua vida!\",\"publisher\":{\"@id\":\"https:\/\/vivanatureza.com.br\/#organization\"},\"potentialAction\":[{\"@type\":\"SearchAction\",\"target\":{\"@type\":\"EntryPoint\",\"urlTemplate\":\"https:\/\/vivanatureza.com.br\/?s={search_term_string}\"},\"query-input\":\"required name=search_term_string\"}],\"inLanguage\":\"pt-BR\"},{\"@type\":\"Organization\",\"@id\":\"https:\/\/vivanatureza.com.br\/#organization\",\"name\":\"Viva Natureza Alimentos Naturais\",\"url\":\"https:\/\/vivanatureza.com.br\/\",\"sameAs\":[],\"logo\":{\"@type\":\"ImageObject\",\"inLanguage\":\"pt-BR\",\"@id\":\"https:\/\/vivanatureza.com.br\/#\/schema\/logo\/image\/\",\"url\":\"https:\/\/vivanatureza.com.br\/wp-content\/uploads\/2017\/08\/logo_cab4.png\",\"contentUrl\":\"https:\/\/vivanatureza.com.br\/wp-content\/uploads\/2017\/08\/logo_cab4.png\",\"width\":150,\"height\":60,\"caption\":\"Viva Natureza Alimentos Naturais\"},\"image\":{\"@id\":\"https:\/\/vivanatureza.com.br\/#\/schema\/logo\/image\/\"}}]}<\/script>\n<!-- \/ Yoast SEO plugin. -->","yoast_head_json":{"title":"C\u00e1lcio com Vitamina D3 e Magn\u00e9sio - Viva Natureza Alimentos Naturais","robots":{"index":"index","follow":"follow","max-snippet":"max-snippet:-1","max-image-preview":"max-image-preview:large","max-video-preview":"max-video-preview:-1"},"canonical":"https:\/\/vivanatureza.com.br\/?page_id=1065","og_locale":"pt_BR","og_type":"article","og_title":"C\u00e1lcio com Vitamina D3 e Magn\u00e9sio - Viva Natureza Alimentos Naturais","og_description":"Dispon\u00edvel no frasco com 60 c\u00e1psulas de 500mg + 10 gr\u00e1tis. O c\u00e1lcio reveste os ossos, os dentes e os desempenha fundamental fator na contra\u00e7\u00e3o dos m\u00fasculos do corpo. O magn\u00e9sio ajuda a fixar esse c\u00e1lcio, enquanto a Vitamina D3 [&hellip;]","og_url":"https:\/\/vivanatureza.com.br\/?page_id=1065","og_site_name":"Viva Natureza Alimentos Naturais","article_modified_time":"2020-03-26T22:03:54+00:00","twitter_card":"summary_large_image","schema":{"@context":"https:\/\/schema.org","@graph":[{"@type":"WebPage","@id":"https:\/\/vivanatureza.com.br\/?page_id=1065","url":"https:\/\/vivanatureza.com.br\/?page_id=1065","name":"C\u00e1lcio com Vitamina D3 e Magn\u00e9sio - Viva Natureza Alimentos Naturais","isPartOf":{"@id":"https:\/\/vivanatureza.com.br\/#website"},"datePublished":"2020-01-21T13:41:06+00:00","dateModified":"2020-03-26T22:03:54+00:00","breadcrumb":{"@id":"https:\/\/vivanatureza.com.br\/?page_id=1065#breadcrumb"},"inLanguage":"pt-BR","potentialAction":[{"@type":"ReadAction","target":["https:\/\/vivanatureza.com.br\/?page_id=1065"]}]},{"@type":"BreadcrumbList","@id":"https:\/\/vivanatureza.com.br\/?page_id=1065#breadcrumb","itemListElement":[{"@type":"ListItem","position":1,"name":"In\u00edcio","item":"https:\/\/vivanatureza.com.br\/"},{"@type":"ListItem","position":2,"name":"C\u00e1lcio com Vitamina D3 e Magn\u00e9sio"}]},{"@type":"WebSite","@id":"https:\/\/vivanatureza.com.br\/#website","url":"https:\/\/vivanatureza.com.br\/","name":"Viva Natureza Alimentos Naturais","description":"Natureza e sa\u00fade em sua vida!","publisher":{"@id":"https:\/\/vivanatureza.com.br\/#organization"},"potentialAction":[{"@type":"SearchAction","target":{"@type":"EntryPoint","urlTemplate":"https:\/\/vivanatureza.com.br\/?s={search_term_string}"},"query-input":"required name=search_term_string"}],"inLanguage":"pt-BR"},{"@type":"Organization","@id":"https:\/\/vivanatureza.com.br\/#organization","name":"Viva Natureza Alimentos Naturais","url":"https:\/\/vivanatureza.com.br\/","sameAs":[],"logo":{"@type":"ImageObject","inLanguage":"pt-BR","@id":"https:\/\/vivanatureza.com.br\/#\/schema\/logo\/image\/","url":"https:\/\/vivanatureza.com.br\/wp-content\/uploads\/2017\/08\/logo_cab4.png","contentUrl":"https:\/\/vivanatureza.com.br\/wp-content\/uploads\/2017\/08\/logo_cab4.png","width":150,"height":60,"caption":"Viva Natureza Alimentos Naturais"},"image":{"@id":"https:\/\/vivanatureza.com.br\/#\/schema\/logo\/image\/"}}]}},"_links":{"self":[{"href":"https:\/\/vivanatureza.com.br\/index.php?rest_route=\/wp\/v2\/pages\/1065"}],"collection":[{"href":"https:\/\/vivanatureza.com.br\/index.php?rest_route=\/wp\/v2\/pages"}],"about":[{"href":"https:\/\/vivanatureza.com.br\/index.php?rest_route=\/wp\/v2\/types\/page"}],"author":[{"embeddable":true,"href":"https:\/\/vivanatureza.com.br\/index.php?rest_route=\/wp\/v2\/users\/1"}],"replies":[{"embeddable":true,"href":"https:\/\/vivanatureza.com.br\/index.php?rest_route=%2Fwp%2Fv2%2Fcomments&post=1065"}],"version-history":[{"count":3,"href":"https:\/\/vivanatureza.com.br\/index.php?rest_route=\/wp\/v2\/pages\/1065\/revisions"}],"predecessor-version":[{"id":1368,"href":"https:\/\/vivanatureza.com.br\/index.php?rest_route=\/wp\/v2\/pages\/1065\/revisions\/1368"}],"wp:attachment":[{"href":"https:\/\/vivanatureza.com.br\/index.php?rest_route=%2Fwp%2Fv2%2Fmedia&parent=1065"}],"curies":[{"name":"wp","href":"https:\/\/api.w.org\/{rel}","templated":true}]}}