{"id":1048,"date":"2020-01-20T18:53:53","date_gmt":"2020-01-20T18:53:53","guid":{"rendered":"http:\/\/vivanatureza.com.br\/?page_id=1048"},"modified":"2020-03-26T22:08:46","modified_gmt":"2020-03-26T22:08:46","slug":"acafrao-em-po","status":"publish","type":"page","link":"https:\/\/vivanatureza.com.br\/?page_id=1048","title":{"rendered":"A\u00e7afr\u00e3o em P\u00f3 (100% puro)"},"content":{"rendered":"\n<div class=\"wp-block-image\"><figure class=\"aligncenter is-resized\"><img loading=\"lazy\" src=\"https:\/\/vivanatureza.com.br\/wp-content\/uploads\/2020\/01\/A\u00e7afr\u00e3o-em-P\u00f3-100g-2-768x1024.png\" alt=\"\" class=\"wp-image-1049\" width=\"382\" height=\"509\" srcset=\"https:\/\/vivanatureza.com.br\/wp-content\/uploads\/2020\/01\/A\u00e7afr\u00e3o-em-P\u00f3-100g-2-768x1024.png 768w, https:\/\/vivanatureza.com.br\/wp-content\/uploads\/2020\/01\/A\u00e7afr\u00e3o-em-P\u00f3-100g-2-225x300.png 225w, https:\/\/vivanatureza.com.br\/wp-content\/uploads\/2020\/01\/A\u00e7afr\u00e3o-em-P\u00f3-100g-2.png 1199w\" sizes=\"(max-width: 382px) 100vw, 382px\" \/><\/figure><\/div>\n\n\n\n<p>Dispon\u00edvel na embalagem de 100g.<\/p>\n\n\n\n<p>Fonte de curcuminas, que tem a\u00e7\u00e3o antioxidante e anti-inflamat\u00f3ria. Essa caracter\u00edstica fez com que a erva fosse inclusive testada para o tratamento de osteoporose e outras inflama\u00e7\u00f5es nas juntas. Traz benef\u00edcios para a mem\u00f3ria e na preven\u00e7\u00e3o do Alzheimer. Combate a depress\u00e3o ao aumentar os n\u00edveis de neurotransmissores como a dopamina e a serotonina. <\/p>\n","protected":false},"excerpt":{"rendered":"<p>Dispon\u00edvel na embalagem de 100g. Fonte de curcuminas, que tem a\u00e7\u00e3o antioxidante e anti-inflamat\u00f3ria. Essa caracter\u00edstica fez com que a erva fosse inclusive testada para o tratamento de osteoporose e outras inflama\u00e7\u00f5es nas juntas. Traz benef\u00edcios para a mem\u00f3ria e [&hellip;]<\/p>\n","protected":false},"author":1,"featured_media":0,"parent":0,"menu_order":0,"comment_status":"closed","ping_status":"closed","template":"","meta":[],"yoast_head":"<!-- This site is optimized with the Yoast SEO plugin v19.6.1 - https:\/\/yoast.com\/wordpress\/plugins\/seo\/ -->\n<title>A\u00e7afr\u00e3o em P\u00f3 (100% puro) - Viva Natureza Alimentos Naturais<\/title>\n<meta name=\"robots\" content=\"index, follow, max-snippet:-1, max-image-preview:large, max-video-preview:-1\" \/>\n<link rel=\"canonical\" href=\"https:\/\/vivanatureza.com.br\/?page_id=1048\" \/>\n<meta property=\"og:locale\" content=\"pt_BR\" \/>\n<meta property=\"og:type\" content=\"article\" \/>\n<meta property=\"og:title\" content=\"A\u00e7afr\u00e3o em P\u00f3 (100% puro) - Viva Natureza Alimentos Naturais\" \/>\n<meta property=\"og:description\" content=\"Dispon\u00edvel na embalagem de 100g. Fonte de curcuminas, que tem a\u00e7\u00e3o antioxidante e anti-inflamat\u00f3ria. Essa caracter\u00edstica fez com que a erva fosse inclusive testada para o tratamento de osteoporose e outras inflama\u00e7\u00f5es nas juntas. Traz benef\u00edcios para a mem\u00f3ria e [&hellip;]\" \/>\n<meta property=\"og:url\" content=\"https:\/\/vivanatureza.com.br\/?page_id=1048\" \/>\n<meta property=\"og:site_name\" content=\"Viva Natureza Alimentos Naturais\" \/>\n<meta property=\"article:modified_time\" content=\"2020-03-26T22:08:46+00:00\" \/>\n<meta name=\"twitter:card\" content=\"summary_large_image\" \/>\n<script type=\"application\/ld+json\" class=\"yoast-schema-graph\">{\"@context\":\"https:\/\/schema.org\",\"@graph\":[{\"@type\":\"WebPage\",\"@id\":\"https:\/\/vivanatureza.com.br\/?page_id=1048\",\"url\":\"https:\/\/vivanatureza.com.br\/?page_id=1048\",\"name\":\"A\u00e7afr\u00e3o em P\u00f3 (100% puro) - Viva Natureza Alimentos Naturais\",\"isPartOf\":{\"@id\":\"https:\/\/vivanatureza.com.br\/#website\"},\"datePublished\":\"2020-01-20T18:53:53+00:00\",\"dateModified\":\"2020-03-26T22:08:46+00:00\",\"breadcrumb\":{\"@id\":\"https:\/\/vivanatureza.com.br\/?page_id=1048#breadcrumb\"},\"inLanguage\":\"pt-BR\",\"potentialAction\":[{\"@type\":\"ReadAction\",\"target\":[\"https:\/\/vivanatureza.com.br\/?page_id=1048\"]}]},{\"@type\":\"BreadcrumbList\",\"@id\":\"https:\/\/vivanatureza.com.br\/?page_id=1048#breadcrumb\",\"itemListElement\":[{\"@type\":\"ListItem\",\"position\":1,\"name\":\"In\u00edcio\",\"item\":\"https:\/\/vivanatureza.com.br\/\"},{\"@type\":\"ListItem\",\"position\":2,\"name\":\"A\u00e7afr\u00e3o em P\u00f3 (100% puro)\"}]},{\"@type\":\"WebSite\",\"@id\":\"https:\/\/vivanatureza.com.br\/#website\",\"url\":\"https:\/\/vivanatureza.com.br\/\",\"name\":\"Viva Natureza Alimentos Naturais\",\"description\":\"Natureza e sa\u00fade em sua vida!\",\"publisher\":{\"@id\":\"https:\/\/vivanatureza.com.br\/#organization\"},\"potentialAction\":[{\"@type\":\"SearchAction\",\"target\":{\"@type\":\"EntryPoint\",\"urlTemplate\":\"https:\/\/vivanatureza.com.br\/?s={search_term_string}\"},\"query-input\":\"required name=search_term_string\"}],\"inLanguage\":\"pt-BR\"},{\"@type\":\"Organization\",\"@id\":\"https:\/\/vivanatureza.com.br\/#organization\",\"name\":\"Viva Natureza Alimentos Naturais\",\"url\":\"https:\/\/vivanatureza.com.br\/\",\"sameAs\":[],\"logo\":{\"@type\":\"ImageObject\",\"inLanguage\":\"pt-BR\",\"@id\":\"https:\/\/vivanatureza.com.br\/#\/schema\/logo\/image\/\",\"url\":\"https:\/\/vivanatureza.com.br\/wp-content\/uploads\/2017\/08\/logo_cab4.png\",\"contentUrl\":\"https:\/\/vivanatureza.com.br\/wp-content\/uploads\/2017\/08\/logo_cab4.png\",\"width\":150,\"height\":60,\"caption\":\"Viva Natureza Alimentos Naturais\"},\"image\":{\"@id\":\"https:\/\/vivanatureza.com.br\/#\/schema\/logo\/image\/\"}}]}<\/script>\n<!-- \/ Yoast SEO plugin. -->","yoast_head_json":{"title":"A\u00e7afr\u00e3o em P\u00f3 (100% puro) - Viva Natureza Alimentos Naturais","robots":{"index":"index","follow":"follow","max-snippet":"max-snippet:-1","max-image-preview":"max-image-preview:large","max-video-preview":"max-video-preview:-1"},"canonical":"https:\/\/vivanatureza.com.br\/?page_id=1048","og_locale":"pt_BR","og_type":"article","og_title":"A\u00e7afr\u00e3o em P\u00f3 (100% puro) - Viva Natureza Alimentos Naturais","og_description":"Dispon\u00edvel na embalagem de 100g. Fonte de curcuminas, que tem a\u00e7\u00e3o antioxidante e anti-inflamat\u00f3ria. Essa caracter\u00edstica fez com que a erva fosse inclusive testada para o tratamento de osteoporose e outras inflama\u00e7\u00f5es nas juntas. Traz benef\u00edcios para a mem\u00f3ria e [&hellip;]","og_url":"https:\/\/vivanatureza.com.br\/?page_id=1048","og_site_name":"Viva Natureza Alimentos Naturais","article_modified_time":"2020-03-26T22:08:46+00:00","twitter_card":"summary_large_image","schema":{"@context":"https:\/\/schema.org","@graph":[{"@type":"WebPage","@id":"https:\/\/vivanatureza.com.br\/?page_id=1048","url":"https:\/\/vivanatureza.com.br\/?page_id=1048","name":"A\u00e7afr\u00e3o em P\u00f3 (100% puro) - Viva Natureza Alimentos Naturais","isPartOf":{"@id":"https:\/\/vivanatureza.com.br\/#website"},"datePublished":"2020-01-20T18:53:53+00:00","dateModified":"2020-03-26T22:08:46+00:00","breadcrumb":{"@id":"https:\/\/vivanatureza.com.br\/?page_id=1048#breadcrumb"},"inLanguage":"pt-BR","potentialAction":[{"@type":"ReadAction","target":["https:\/\/vivanatureza.com.br\/?page_id=1048"]}]},{"@type":"BreadcrumbList","@id":"https:\/\/vivanatureza.com.br\/?page_id=1048#breadcrumb","itemListElement":[{"@type":"ListItem","position":1,"name":"In\u00edcio","item":"https:\/\/vivanatureza.com.br\/"},{"@type":"ListItem","position":2,"name":"A\u00e7afr\u00e3o em P\u00f3 (100% puro)"}]},{"@type":"WebSite","@id":"https:\/\/vivanatureza.com.br\/#website","url":"https:\/\/vivanatureza.com.br\/","name":"Viva Natureza Alimentos Naturais","description":"Natureza e sa\u00fade em sua vida!","publisher":{"@id":"https:\/\/vivanatureza.com.br\/#organization"},"potentialAction":[{"@type":"SearchAction","target":{"@type":"EntryPoint","urlTemplate":"https:\/\/vivanatureza.com.br\/?s={search_term_string}"},"query-input":"required name=search_term_string"}],"inLanguage":"pt-BR"},{"@type":"Organization","@id":"https:\/\/vivanatureza.com.br\/#organization","name":"Viva Natureza Alimentos Naturais","url":"https:\/\/vivanatureza.com.br\/","sameAs":[],"logo":{"@type":"ImageObject","inLanguage":"pt-BR","@id":"https:\/\/vivanatureza.com.br\/#\/schema\/logo\/image\/","url":"https:\/\/vivanatureza.com.br\/wp-content\/uploads\/2017\/08\/logo_cab4.png","contentUrl":"https:\/\/vivanatureza.com.br\/wp-content\/uploads\/2017\/08\/logo_cab4.png","width":150,"height":60,"caption":"Viva Natureza Alimentos Naturais"},"image":{"@id":"https:\/\/vivanatureza.com.br\/#\/schema\/logo\/image\/"}}]}},"_links":{"self":[{"href":"https:\/\/vivanatureza.com.br\/index.php?rest_route=\/wp\/v2\/pages\/1048"}],"collection":[{"href":"https:\/\/vivanatureza.com.br\/index.php?rest_route=\/wp\/v2\/pages"}],"about":[{"href":"https:\/\/vivanatureza.com.br\/index.php?rest_route=\/wp\/v2\/types\/page"}],"author":[{"embeddable":true,"href":"https:\/\/vivanatureza.com.br\/index.php?rest_route=\/wp\/v2\/users\/1"}],"replies":[{"embeddable":true,"href":"https:\/\/vivanatureza.com.br\/index.php?rest_route=%2Fwp%2Fv2%2Fcomments&post=1048"}],"version-history":[{"count":3,"href":"https:\/\/vivanatureza.com.br\/index.php?rest_route=\/wp\/v2\/pages\/1048\/revisions"}],"predecessor-version":[{"id":1369,"href":"https:\/\/vivanatureza.com.br\/index.php?rest_route=\/wp\/v2\/pages\/1048\/revisions\/1369"}],"wp:attachment":[{"href":"https:\/\/vivanatureza.com.br\/index.php?rest_route=%2Fwp%2Fv2%2Fmedia&parent=1048"}],"curies":[{"name":"wp","href":"https:\/\/api.w.org\/{rel}","templated":true}]}}